{"id":29,"date":"2018-09-12T15:24:26","date_gmt":"2018-09-12T18:24:26","guid":{"rendered":"https:\/\/www3.unicentro.br\/petfilosofia\/?page_id=29"},"modified":"2019-04-30T16:17:46","modified_gmt":"2019-04-30T19:17:46","slug":"pet","status":"publish","type":"page","link":"https:\/\/www3.unicentro.br\/petfilosofia\/pet\/","title":{"rendered":"PET Filosofia"},"content":{"rendered":"<div class=\"wpb-content-wrapper\"><p>[vc_row][vc_column width=&#8221;1\/2&#8243;][vc_btn title=&#8221;Link para Inscri\u00e7\u00e3o&#8221; style=&#8221;flat&#8221; shape=&#8221;square&#8221; color=&#8221;chino&#8221; size=&#8221;sm&#8221; align=&#8221;center&#8221; button_block=&#8221;true&#8221; link=&#8221;url:https%3A%2F%2Fevento.unicentro.br%2Fsite%2Fconifil%2F2019%2F1||target:%20_blank|&#8221;][vc_btn title=&#8221;Hot\u00e9is e Pousadas&#8221; style=&#8221;flat&#8221; shape=&#8221;square&#8221; color=&#8221;success&#8221; size=&#8221;sm&#8221; align=&#8221;center&#8221; button_block=&#8221;true&#8221; link=&#8221;url:http%3A%2F%2Fwww3.unicentro.br%2Fpetfilosofia%2F502-2%2F||target:%20_blank|&#8221;][\/vc_column][vc_column width=&#8221;1\/2&#8243;][vc_gallery type=&#8221;image_grid&#8221; images=&#8221;457&#8243; img_size=&#8221;full&#8221;][\/vc_column][\/vc_row][vc_row][vc_column][vc_column_text]<\/p>\n<h2 style=\"text-align: justify\"><span style=\"font-size: 14pt;font-family: 'times new roman', times, serif\">O Departamento de Filosofia da Universidade Estadual do Centro-Oeste do Paran\u00e1 (UNICENTRO) convida a comunidade acad\u00eamica, e demais pessoas interessadas, a participarem do\u00a0XI Congresso Internacional de Filosofia da UNICENTRO que ter\u00e1 como tema Bio\u00e9tica e Tecnologia e ser\u00e1 realizado nos dias 27 a 31 de Maio de 2019 no Campus Santa Cruz da UNICENTRO, em Guarapuava, Paran\u00e1.\u00a0<\/span><\/h2>\n<h2><span style=\"font-size: 14pt;font-family: 'times new roman', times, serif\">CONFERENCISTAS:<\/span><\/h2>\n<h2><span style=\"font-size: 14pt;font-family: 'times new roman', times, serif\">Hugh Lacey (Swarthmore College &#8211; EUA)<\/span><\/h2>\n<h2><span style=\"font-size: 14pt;font-family: 'times new roman', times, serif\">Darlei Dall&#8217;Agnol (UFSC)<\/span><\/h2>\n<h2><span style=\"font-size: 14pt;font-family: 'times new roman', times, serif\">Sandra Basquedano (Universidad de Chile)<\/span><\/h2>\n<h2><span style=\"font-size: 14pt;font-family: 'times new roman', times, serif\">Milene Tonetto (UFSC)<\/span><\/h2>\n<h2><span style=\"font-size: 14pt;font-family: 'times new roman', times, serif\">Alcino Bonella (UFU)<\/span><\/h2>\n<h2><span style=\"font-size: 14pt;font-family: 'times new roman', times, serif\">Diego Lawler (CONICET &#8211; Argentina)<\/span><\/h2>\n<h2><span style=\"font-size: 14pt;font-family: 'times new roman', times, serif\">Jelson de Oliveira (PUC-Paran\u00e1)<\/span><\/h2>\n<p>[\/vc_column_text][\/vc_column][\/vc_row]<\/p>\n<\/div>","protected":false},"excerpt":{"rendered":"<p>[vc_row][vc_column width=&#8221;1\/2&#8243;][vc_btn title=&#8221;Link para Inscri\u00e7\u00e3o&#8221; style=&#8221;flat&#8221; shape=&#8221;square&#8221; color=&#8221;chino&#8221; size=&#8221;sm&#8221; align=&#8221;center&#8221; button_block=&#8221;true&#8221; link=&#8221;url:https%3A%2F%2Fevento.unicentro.br%2Fsite%2Fconifil%2F2019%2F1||target:%20_blank|&#8221;][vc_btn title=&#8221;Hot\u00e9is e Pousadas&#8221; style=&#8221;flat&#8221; shape=&#8221;square&#8221; color=&#8221;success&#8221; size=&#8221;sm&#8221; align=&#8221;center&#8221; button_block=&#8221;true&#8221; link=&#8221;url:http%3A%2F%2Fwww3.unicentro.br%2Fpetfilosofia%2F502-2%2F||target:%20_blank|&#8221;][\/vc_column][vc_column width=&#8221;1\/2&#8243;][vc_gallery type=&#8221;image_grid&#8221; images=&#8221;457&#8243; img_size=&#8221;full&#8221;][\/vc_column][\/vc_row][vc_row][vc_column][vc_column_text] O Departamento de Filosofia da Universidade Estadual do Centro-Oeste do Paran\u00e1 (UNICENTRO) convida a comunidade acad\u00eamica, e demais pessoas interessadas, a participarem do\u00a0XI Congresso Internacional de Filosofia da UNICENTRO [&hellip;]<\/p>\n","protected":false},"author":3,"featured_media":0,"parent":0,"menu_order":0,"comment_status":"closed","ping_status":"closed","template":"","meta":{"_exactmetrics_skip_tracking":false,"_exactmetrics_sitenote_active":false,"_exactmetrics_sitenote_note":"","_exactmetrics_sitenote_category":0,"footnotes":"","_links_to":"","_links_to_target":""},"class_list":["post-29","page","type-page","status-publish","hentry"],"_links":{"self":[{"href":"https:\/\/www3.unicentro.br\/petfilosofia\/wp-json\/wp\/v2\/pages\/29","targetHints":{"allow":["GET"]}}],"collection":[{"href":"https:\/\/www3.unicentro.br\/petfilosofia\/wp-json\/wp\/v2\/pages"}],"about":[{"href":"https:\/\/www3.unicentro.br\/petfilosofia\/wp-json\/wp\/v2\/types\/page"}],"author":[{"embeddable":true,"href":"https:\/\/www3.unicentro.br\/petfilosofia\/wp-json\/wp\/v2\/users\/3"}],"replies":[{"embeddable":true,"href":"https:\/\/www3.unicentro.br\/petfilosofia\/wp-json\/wp\/v2\/comments?post=29"}],"version-history":[{"count":0,"href":"https:\/\/www3.unicentro.br\/petfilosofia\/wp-json\/wp\/v2\/pages\/29\/revisions"}],"wp:attachment":[{"href":"https:\/\/www3.unicentro.br\/petfilosofia\/wp-json\/wp\/v2\/media?parent=29"}],"curies":[{"name":"wp","href":"https:\/\/api.w.org\/{rel}","templated":true}]}}