{"id":737,"date":"2020-08-05T12:34:17","date_gmt":"2020-08-05T15:34:17","guid":{"rendered":"https:\/\/www3.unicentro.br\/petengenharias\/?page_id=737"},"modified":"2020-08-05T12:36:48","modified_gmt":"2020-08-05T15:36:48","slug":"preservar-x-conservar","status":"publish","type":"page","link":"https:\/\/www3.unicentro.br\/petengenharias\/preservar-x-conservar\/","title":{"rendered":"Preservar x Conservar!"},"content":{"rendered":"<p>Muitas vezes s\u00e3o usados para significar a mesma coisa, mas na verdade expressam ideias com origem e posturas distintas.<\/p>\n<p>Conserva\u00e7\u00e3o, nas leis brasileiras, significa prote\u00e7\u00e3o dos recursos naturais com a utiliza\u00e7\u00e3o racional, garantindo sua sustentabilidade e exist\u00eancia para as futuras gera\u00e7\u00f5es. Exemplo de \u00e1rea de conserva\u00e7\u00e3o \u00e9 a reserva extrativista, uma execu\u00e7\u00e3o de plano de manejo sustent\u00e1vel na \u00e1rea de reserva legal.<\/p>\n<p>J\u00e1 preserva\u00e7\u00e3o visa \u00e0 integridade e \u00e0 perenidade de algo, referindo \u00e0 prote\u00e7\u00e3o integral, a \u201cintocabilidade\u201d. Um exemplo de \u00e1reas integralmente protegidas, s\u00e3o as reservas biol\u00f3gicas.\u2063<\/p>\n<p>Mas afinal, qual \u00e9 a import\u00e2ncia da preserva\u00e7\u00e3o e conserva\u00e7\u00e3o?<br \/>\n\u2705 \u00c9 uma maneira eficaz de cuidar do h\u00e1bitat das esp\u00e9cies de nossa fauna e flora, impedindo que animais ou plantas entrem em extin\u00e7\u00e3o;<br \/>\n\u2705 Contribui para diminuir as altera\u00e7\u00f5es clim\u00e1ticas, cuidar dos recursos naturais e preservar a natureza.<\/p>\n","protected":false},"excerpt":{"rendered":"<p>Muitas vezes s\u00e3o usados para significar a mesma coisa, mas na verdade expressam ideias com origem e posturas distintas. Conserva\u00e7\u00e3o, nas leis brasileiras, significa prote\u00e7\u00e3o dos recursos naturais com a utiliza\u00e7\u00e3o racional, garantindo sua sustentabilidade e exist\u00eancia para as futuras gera\u00e7\u00f5es. Exemplo de \u00e1rea de conserva\u00e7\u00e3o \u00e9 a reserva extrativista, uma execu\u00e7\u00e3o de plano de [&hellip;]<\/p>\n","protected":false},"author":202,"featured_media":0,"parent":0,"menu_order":0,"comment_status":"closed","ping_status":"closed","template":"","meta":{"_exactmetrics_skip_tracking":false,"_exactmetrics_sitenote_active":false,"_exactmetrics_sitenote_note":"","_exactmetrics_sitenote_category":0,"footnotes":"","_links_to":"","_links_to_target":""},"class_list":["post-737","page","type-page","status-publish","hentry"],"_links":{"self":[{"href":"https:\/\/www3.unicentro.br\/petengenharias\/wp-json\/wp\/v2\/pages\/737","targetHints":{"allow":["GET"]}}],"collection":[{"href":"https:\/\/www3.unicentro.br\/petengenharias\/wp-json\/wp\/v2\/pages"}],"about":[{"href":"https:\/\/www3.unicentro.br\/petengenharias\/wp-json\/wp\/v2\/types\/page"}],"author":[{"embeddable":true,"href":"https:\/\/www3.unicentro.br\/petengenharias\/wp-json\/wp\/v2\/users\/202"}],"replies":[{"embeddable":true,"href":"https:\/\/www3.unicentro.br\/petengenharias\/wp-json\/wp\/v2\/comments?post=737"}],"version-history":[{"count":0,"href":"https:\/\/www3.unicentro.br\/petengenharias\/wp-json\/wp\/v2\/pages\/737\/revisions"}],"wp:attachment":[{"href":"https:\/\/www3.unicentro.br\/petengenharias\/wp-json\/wp\/v2\/media?parent=737"}],"curies":[{"name":"wp","href":"https:\/\/api.w.org\/{rel}","templated":true}]}}