{"id":538,"date":"2020-05-27T17:50:58","date_gmt":"2020-05-27T20:50:58","guid":{"rendered":"https:\/\/www3.unicentro.br\/petengenharias\/?page_id=538"},"modified":"2020-05-27T17:50:58","modified_gmt":"2020-05-27T20:50:58","slug":"projetos-2020-2-o-ambiente-nao-precisa-de-remedios","status":"publish","type":"page","link":"https:\/\/www3.unicentro.br\/petengenharias\/projetos-2020-2-o-ambiente-nao-precisa-de-remedios\/","title":{"rendered":"O ambiente n\u00e3o precisa de rem\u00e9dios"},"content":{"rendered":"<p><strong>Projeto: O ambiente n\u00e3o precisa de rem\u00e9dios.\u00a0<\/strong><\/p>\n<p><strong>Descri\u00e7\u00e3o\/Justificativa:<\/strong><br \/>\nO descarte de medicamentos vencidos ou em desuso no lixo comum, vaso sanit\u00e1rio ou pia, pode gerar impactos negativos ao ambiente e tamb\u00e9m \u00e0 sa\u00fade p\u00fablica. Quando descartados no ambiente, os medicamentos podem contaminar os solos e prejudicar a qualidade da \u00e1gua, devido \u00e0 presen\u00e7a de v\u00e1rios compostos qu\u00edmicos. Existem ainda os riscos para a popula\u00e7\u00e3o que uma pessoa encontre estes medicamentos descartados no lixo e reutilize-os. Os mais preocupantes s\u00e3o os antibi\u00f3ticos que, quando expostos ao meio ambiente, tornam as bact\u00e9rias mais resistentes ao medicamento em quest\u00e3o. Diante deste contexto, no estado do Paran\u00e1, em 2012 foi sancionada a Lei n\u00b0 17.211, que obriga as farm\u00e1cias, drogarias e distribuidoras de medicamentos a recolherem os f\u00e1rmacos da popula\u00e7\u00e3o, por\u00e9m, a maioria das cidades n\u00e3o se enquadra nesse cen\u00e1rio.<\/p>\n<p><strong>Objetivos:<\/strong><br \/>\nManuten\u00e7\u00e3o de um ponto de coleta de medicamentos vencidos ou em desuso na UNICENTRO, campus de Irati\/PR, atendendo o p\u00fablico acad\u00eamico, corpo docente, quadro de funcion\u00e1rios, e visitantes, al\u00e9m da correta destina\u00e7\u00e3o destes res\u00edduos, reduzindo o impacto da antropiza\u00e7\u00e3o sobre o ambiente.<\/p>\n<p><strong>Como a atividade ser\u00e1 realizada? (Metodologia):<\/strong><br \/>\nO projeto consiste na manuten\u00e7\u00e3o de um ponto de coleta de medicamentos vencidos e sua correta destina\u00e7\u00e3o. Este coletor fica alocado na biblioteca da Universidade Estadual do Centro \u00bf Oeste, campus de Irati\/PR, devidamente identificado, tampado e monitorado, estando dispon\u00edvel ao p\u00fablico durante todo o hor\u00e1rio \u00fatil da biblioteca. Esta a\u00e7\u00e3o realiza-se em parceria com a Secretar Municipal de Sa\u00fade do munic\u00edpio de IRATI-PR, sendo o \u00faltimo respons\u00e1vel pelo recolhimento do material descartado no coletor e sua correta destina\u00e7\u00e3o. Tal recolhimento e destina\u00e7\u00e3o realizam-se atualmente pela empresa AMBSERV Tratamento de Res\u00edduos, que possui sua matriz na cidade de S\u00e3o Jos\u00e9 dos Pinhais, PR. Para efetiva avalia\u00e7\u00e3o de resultados, a partir de 2020 ser\u00e1 realizada a quantifica\u00e7\u00e3o peri\u00f3dica (mensal) do fluxo de descarte dos medicamentos por meio de pesagem do coletor. Ser\u00e3o realizadas durante o ano, atividades de conscientiza\u00e7\u00e3o social e efetiva divulga\u00e7\u00e3o das coletas ao p\u00fablico universit\u00e1rio em todos os turnos, nas salas de aula e m\u00eddias sociais (Instagram e Facebook) do PET Engenharias e da universidade. Ser\u00e1 mantido contato com a empresa respons\u00e1vel pela coleta do res\u00edduo e acompanhamento da destina\u00e7\u00e3o do mesmo.<\/p>\n<p><strong>Resultados \/ produtos esperados com a atividade: melhorias para o Curso, para a Educa\u00e7\u00e3o, para a sociedade, meios para a socializa\u00e7\u00e3o dos resultados, publica\u00e7\u00f5es, etc:<\/strong><br \/>\nEspera-se com este projeto reduzir o descarte de medicamentos em locais inadequados e conscientizar a comunidade local sobre os problemas ambientais causados pelo descarte incorreto de medicamentos.<\/p>\n<p><strong>Qual ser\u00e1 a metodologia de avalia\u00e7\u00e3o da atividade pelo grupo:<\/strong><br \/>\nReuni\u00f5es semanais da equipe, onde cada participante poder\u00e1 expor o resultado que obteve com sua a\u00e7\u00e3o e como chegou a este resultado.<\/p>\n","protected":false},"excerpt":{"rendered":"<p>Projeto: O ambiente n\u00e3o precisa de rem\u00e9dios.\u00a0 Descri\u00e7\u00e3o\/Justificativa: O descarte de medicamentos vencidos ou em desuso no lixo comum, vaso sanit\u00e1rio ou pia, pode gerar impactos negativos ao ambiente e tamb\u00e9m \u00e0 sa\u00fade p\u00fablica. Quando descartados no ambiente, os medicamentos podem contaminar os solos e prejudicar a qualidade da \u00e1gua, devido \u00e0 presen\u00e7a de v\u00e1rios [&hellip;]<\/p>\n","protected":false},"author":202,"featured_media":0,"parent":0,"menu_order":0,"comment_status":"closed","ping_status":"closed","template":"","meta":{"_exactmetrics_skip_tracking":false,"_exactmetrics_sitenote_active":false,"_exactmetrics_sitenote_note":"","_exactmetrics_sitenote_category":0,"footnotes":"","_links_to":"","_links_to_target":""},"class_list":["post-538","page","type-page","status-publish","hentry"],"_links":{"self":[{"href":"https:\/\/www3.unicentro.br\/petengenharias\/wp-json\/wp\/v2\/pages\/538","targetHints":{"allow":["GET"]}}],"collection":[{"href":"https:\/\/www3.unicentro.br\/petengenharias\/wp-json\/wp\/v2\/pages"}],"about":[{"href":"https:\/\/www3.unicentro.br\/petengenharias\/wp-json\/wp\/v2\/types\/page"}],"author":[{"embeddable":true,"href":"https:\/\/www3.unicentro.br\/petengenharias\/wp-json\/wp\/v2\/users\/202"}],"replies":[{"embeddable":true,"href":"https:\/\/www3.unicentro.br\/petengenharias\/wp-json\/wp\/v2\/comments?post=538"}],"version-history":[{"count":0,"href":"https:\/\/www3.unicentro.br\/petengenharias\/wp-json\/wp\/v2\/pages\/538\/revisions"}],"wp:attachment":[{"href":"https:\/\/www3.unicentro.br\/petengenharias\/wp-json\/wp\/v2\/media?parent=538"}],"curies":[{"name":"wp","href":"https:\/\/api.w.org\/{rel}","templated":true}]}}