{"id":532,"date":"2020-05-27T17:41:23","date_gmt":"2020-05-27T20:41:23","guid":{"rendered":"https:\/\/www3.unicentro.br\/petengenharias\/?page_id=532"},"modified":"2020-05-27T17:41:23","modified_gmt":"2020-05-27T20:41:23","slug":"projetos-2020-2-atividades-semanais-do-grupo-pet","status":"publish","type":"page","link":"https:\/\/www3.unicentro.br\/petengenharias\/projetos-2020-2-atividades-semanais-do-grupo-pet\/","title":{"rendered":"Atividades semanais do grupo PET"},"content":{"rendered":"<p><strong>Projeto: Reuni\u00f5es semanais, sele\u00e7\u00e3o PET-Engenharias e manuten\u00e7\u00e3o do site.\u00a0<\/strong><\/p>\n<p><strong>Descri\u00e7\u00e3o\/Justificativa:<\/strong><br \/>\nReuni\u00f5es com a presen\u00e7a de todos os petianos (bolsistas e volunt\u00e1rios) e tutor do PET-Engenharias para discuss\u00e3o e organiza\u00e7\u00e3o das atividades, defini\u00e7\u00e3o das datas e m\u00e9todos de sele\u00e7\u00e3o de novos petianos e manuten\u00e7\u00e3o do site do grupo.<\/p>\n<p><strong>Objetivos:<\/strong><br \/>\nRealizar a discuss\u00e3o e o preparo das atividades do grupo PET-Engenharias e fortalecer o trabalho em grupo dos petianos.<\/p>\n<p><strong>Como a atividade ser\u00e1 realizada? (Metodologia):<\/strong><br \/>\nReuni\u00f5es semanais (entre a segunda quinzena de fevereiro de 2020 \u00e0 segunda quinzena de dezembro de 2020) geralmente nas quartas-feiras. As reuni\u00f5es ser\u00e3o realizadas na sala de reuni\u00f5es do PET-Engenharias. Nas reuni\u00f5es ser\u00e1 planejada a execu\u00e7\u00e3o das atividades que constam no planejamento anual, assim como o m\u00e9todo de sele\u00e7\u00e3o de novos petianos e a alimenta\u00e7\u00e3o\/manuten\u00e7\u00e3o do site do grupo PET-Engenharias.<\/p>\n<p><strong>Resultados \/ produtos esperados com a atividade: melhorias para o Curso, para a Educa\u00e7\u00e3o, para a sociedade, meios para a socializa\u00e7\u00e3o dos resultados, publica\u00e7\u00f5es, etc:\u00a0 \u00a0 \u00a0<\/strong> \u00a0 \u00a0 \u00a0 \u00a0 \u00a0 \u00a0 \u00a0 \u00a0 \u00a0 \u00a0 \u00a0 \u00a0 \u00a0 \u00a0 \u00a0 \u00a0 \u00a0 \u00a0 \u00a0 \u00a0 \u00a0 \u00a0 \u00a0 \u00a0 \u00a0 \u00a0 \u00a0 \u00a0 \u00a0 \u00a0 \u00a0 \u00a0 \u00a0 \u00a0 \u00a0 \u00a0 \u00a0 \u00a0 \u00a0 \u00a0 \u00a0 \u00a0 \u00a0 \u00a0 \u00a0 \u00a0 \u00a0 \u00a0 \u00a0 \u00a0 \u00a0 \u00a0 \u00a0 \u00a0 \u00a0 \u00a0 \u00a0 \u00a0 \u00a0 \u00a0 \u00a0 \u00a0 \u00a0 Apresenta\u00e7\u00e3o e discuss\u00e3o dos resultados obtidos nas atividades; discuss\u00e3o de novas atividades para serem aplicadas na gradua\u00e7\u00e3o e na comunidade.<\/p>\n<p><strong>Qual ser\u00e1 a metodologia de avalia\u00e7\u00e3o da atividade pelo grupo:<\/strong><br \/>\nFrequ\u00eancias nas reuni\u00f5es e auto avalia\u00e7\u00e3o do grupo.<\/p>\n","protected":false},"excerpt":{"rendered":"<p>Projeto: Reuni\u00f5es semanais, sele\u00e7\u00e3o PET-Engenharias e manuten\u00e7\u00e3o do site.\u00a0 Descri\u00e7\u00e3o\/Justificativa: Reuni\u00f5es com a presen\u00e7a de todos os petianos (bolsistas e volunt\u00e1rios) e tutor do PET-Engenharias para discuss\u00e3o e organiza\u00e7\u00e3o das atividades, defini\u00e7\u00e3o das datas e m\u00e9todos de sele\u00e7\u00e3o de novos petianos e manuten\u00e7\u00e3o do site do grupo. Objetivos: Realizar a discuss\u00e3o e o preparo das [&hellip;]<\/p>\n","protected":false},"author":202,"featured_media":0,"parent":0,"menu_order":0,"comment_status":"closed","ping_status":"closed","template":"","meta":{"_exactmetrics_skip_tracking":false,"_exactmetrics_sitenote_active":false,"_exactmetrics_sitenote_note":"","_exactmetrics_sitenote_category":0,"footnotes":"","_links_to":"","_links_to_target":""},"class_list":["post-532","page","type-page","status-publish","hentry"],"_links":{"self":[{"href":"https:\/\/www3.unicentro.br\/petengenharias\/wp-json\/wp\/v2\/pages\/532","targetHints":{"allow":["GET"]}}],"collection":[{"href":"https:\/\/www3.unicentro.br\/petengenharias\/wp-json\/wp\/v2\/pages"}],"about":[{"href":"https:\/\/www3.unicentro.br\/petengenharias\/wp-json\/wp\/v2\/types\/page"}],"author":[{"embeddable":true,"href":"https:\/\/www3.unicentro.br\/petengenharias\/wp-json\/wp\/v2\/users\/202"}],"replies":[{"embeddable":true,"href":"https:\/\/www3.unicentro.br\/petengenharias\/wp-json\/wp\/v2\/comments?post=532"}],"version-history":[{"count":0,"href":"https:\/\/www3.unicentro.br\/petengenharias\/wp-json\/wp\/v2\/pages\/532\/revisions"}],"wp:attachment":[{"href":"https:\/\/www3.unicentro.br\/petengenharias\/wp-json\/wp\/v2\/media?parent=532"}],"curies":[{"name":"wp","href":"https:\/\/api.w.org\/{rel}","templated":true}]}}