{"id":525,"date":"2020-05-27T17:31:36","date_gmt":"2020-05-27T20:31:36","guid":{"rendered":"https:\/\/www3.unicentro.br\/petengenharias\/?page_id=525"},"modified":"2020-05-27T17:31:36","modified_gmt":"2020-05-27T20:31:36","slug":"projetos-2020-2-pet-engenharias-anapci","status":"publish","type":"page","link":"https:\/\/www3.unicentro.br\/petengenharias\/projetos-2020-2-pet-engenharias-anapci\/","title":{"rendered":"PET Engenharias e ANAPCI"},"content":{"rendered":"<p><strong>Projeto: Associa\u00e7\u00e3o do n\u00facleo de apoio ao portador de c\u00e2ncer de Irati- ANAPCI<\/strong><\/p>\n<p><strong>Descri\u00e7\u00e3o\/Justificativa:<\/strong><br \/>\nA ANAPCI \u00e9 uma entidade sem fins lucrativos, de organiza\u00e7\u00e3o da sociedade civil de interesse p\u00fablico. As despesas na manuten\u00e7\u00e3o dos servi\u00e7os prestados \u00e0 comunidade como a distribui\u00e7\u00e3o de cestas b\u00e1sicas, fraldas, medicamentos, viagens para transporte de pacientes, entre outros, quase sempre ultrapassam a receita, a qual \u00e9 formada por doa\u00e7\u00f5es da comunidade e contribui\u00e7\u00f5es de associados. Para isto s\u00e3o realizados diversos eventos para arrecadar dinheiro, como o bazar e venda de artesanato, os quais s\u00e3o realizados por volunt\u00e1rios. Desta forma, a parceria entre o PET Engenharias e a associa\u00e7\u00e3o \u00e9 de suma import\u00e2ncia, pois, qualquer a\u00e7\u00e3o dos discentes que possa contribuir com o desenvolvimento da institui\u00e7\u00e3o \u00e9 de grande valor a todos os envolvidos.<\/p>\n<p><strong>Objetivos:<\/strong><br \/>\nAuxiliar nas atividades desenvolvidas pela ANAPCI e contribuir com a associa\u00e7\u00e3o para que o objetivo de oferecer atendimento para a melhor qualidade de vida ao paciente portador de c\u00e2ncer seja alcan\u00e7ado.<\/p>\n<p><strong>Como a atividade ser\u00e1 realizada? (Metodologia):<\/strong><br \/>\nAs atividades ser\u00e3o divididas em duas etapas: 1\u00aa etapa: divulga\u00e7\u00e3o dos projetos j\u00e1 desenvolvidos pela associa\u00e7\u00e3o (doa\u00e7\u00e3o por meio da conta de luz, vendas dos artesanatos, arrecada\u00e7\u00e3o de fraldas, doa\u00e7\u00e3o da nota fiscal, entre outras), com o aux\u00edlio das redes sociais e do contato com os alunos, funcion\u00e1rios e professores da universidade, e tamb\u00e9m de pessoas fora do meio acad\u00eamico. 2\u00aa etapa: aux\u00edlio no desenvolvimento das atividades internas e externas propostas pela associa\u00e7\u00e3o, destacando-se a Nota Paran\u00e1 (pedindo doa\u00e7\u00f5es e confeccionando as caixas para<br \/>\ndeposit\u00e1-las, bem como lan\u00e7a-las no sistema), manuten\u00e7\u00e3o do jardim da Casa de Apoio, arrecada\u00e7\u00e3o de doa\u00e7\u00f5es para as crian\u00e7as (brinquedos para o dia das crian\u00e7as e Natal), caminhada de abertura ou fechamento da campanha Outubro Rosa.<\/p>\n<p><strong>Resultados \/ produtos esperados com a atividade: melhorias para o Curso, para a Educa\u00e7\u00e3o, para a sociedade, meios para a socializa\u00e7\u00e3o dos resultados, publica\u00e7\u00f5es, etc:<\/strong><br \/>\nDesenvolvimento pessoal de cada integrante do grupo PET-Engenharias, bem contribuir com a realiza\u00e7\u00e3o dos trabalhos desenvolvidos pela ANAPCI.<\/p>\n<p><strong>Qual ser\u00e1 a metodologia de avalia\u00e7\u00e3o da atividade pelo grupo:<\/strong><br \/>\nReuni\u00f5es semanais da equipe, onde cada participante poder\u00e1 expor o resultado que obteve com sua a\u00e7\u00e3o e como chegou a este resultado.<\/p>\n","protected":false},"excerpt":{"rendered":"<p>Projeto: Associa\u00e7\u00e3o do n\u00facleo de apoio ao portador de c\u00e2ncer de Irati- ANAPCI Descri\u00e7\u00e3o\/Justificativa: A ANAPCI \u00e9 uma entidade sem fins lucrativos, de organiza\u00e7\u00e3o da sociedade civil de interesse p\u00fablico. As despesas na manuten\u00e7\u00e3o dos servi\u00e7os prestados \u00e0 comunidade como a distribui\u00e7\u00e3o de cestas b\u00e1sicas, fraldas, medicamentos, viagens para transporte de pacientes, entre outros, quase [&hellip;]<\/p>\n","protected":false},"author":202,"featured_media":0,"parent":0,"menu_order":0,"comment_status":"closed","ping_status":"closed","template":"","meta":{"_exactmetrics_skip_tracking":false,"_exactmetrics_sitenote_active":false,"_exactmetrics_sitenote_note":"","_exactmetrics_sitenote_category":0,"footnotes":"","_links_to":"","_links_to_target":""},"class_list":["post-525","page","type-page","status-publish","hentry"],"_links":{"self":[{"href":"https:\/\/www3.unicentro.br\/petengenharias\/wp-json\/wp\/v2\/pages\/525","targetHints":{"allow":["GET"]}}],"collection":[{"href":"https:\/\/www3.unicentro.br\/petengenharias\/wp-json\/wp\/v2\/pages"}],"about":[{"href":"https:\/\/www3.unicentro.br\/petengenharias\/wp-json\/wp\/v2\/types\/page"}],"author":[{"embeddable":true,"href":"https:\/\/www3.unicentro.br\/petengenharias\/wp-json\/wp\/v2\/users\/202"}],"replies":[{"embeddable":true,"href":"https:\/\/www3.unicentro.br\/petengenharias\/wp-json\/wp\/v2\/comments?post=525"}],"version-history":[{"count":0,"href":"https:\/\/www3.unicentro.br\/petengenharias\/wp-json\/wp\/v2\/pages\/525\/revisions"}],"wp:attachment":[{"href":"https:\/\/www3.unicentro.br\/petengenharias\/wp-json\/wp\/v2\/media?parent=525"}],"curies":[{"name":"wp","href":"https:\/\/api.w.org\/{rel}","templated":true}]}}