{"id":52,"date":"2018-09-13T08:53:13","date_gmt":"2018-09-13T11:53:13","guid":{"rendered":"https:\/\/www3.unicentro.br\/petengenharias\/?page_id=52"},"modified":"2021-07-17T13:46:44","modified_gmt":"2021-07-17T16:46:44","slug":"novidades","status":"publish","type":"page","link":"https:\/\/www3.unicentro.br\/petengenharias\/novidades\/","title":{"rendered":"Novidades"},"content":{"rendered":"<div class=\"wpb-content-wrapper\"><p>[vc_row][vc_column width=&#8221;1\/3&#8243;][vc_video link=&#8221;https:\/\/youtu.be\/v0n7We56sso&#8221; title=&#8221;Voc\u00ea Sabia : O que \u00e9 o Biog\u00e1s&#8221;][vc_column_text]Voc\u00ea sabia ?<\/p>\n<p>O biog\u00e1s \u00e9 uma energia de fonte renov\u00e1vel que tende a crescer ainda mais em nosso pa\u00eds, diminuindo a progress\u00e3o do efeito estufa e contribuindo positivamente para o meio ambiente.[\/vc_column_text][\/vc_column][vc_column width=&#8221;1\/3&#8243;][vc_video link=&#8221;https:\/\/youtu.be\/O063h9xc4oU&#8221; title=&#8221;Voc\u00ea Sabia :Ciclo do Papel&#8221;][vc_row_inner][vc_column_inner][vc_column_text]<\/p>\n<div class=\"kvgmc6g5 cxmmr5t8 oygrvhab hcukyx3x c1et5uql ii04i59q\">\n<div dir=\"auto\">Voc\u00ea Sabia?<\/div>\n<div dir=\"auto\">A fabrica\u00e7\u00e3o do papel tem origem em \u00e1reas de reflorestamento, fazendo com que o recurso seja renov\u00e1vel. Esse tipo de produ\u00e7\u00e3o possui o nome de manejo sustent\u00e1vel. Em seus prim\u00f3rdios, o principal impacto ambiental da produ\u00e7\u00e3o do papel estava associado a derrubada de \u00e1rvores, resultando na devasta\u00e7\u00e3o de florestas nativas. Com o passar do tempo, o setor passou por diversas movimenta\u00e7\u00f5es que inclu\u00edram o avan\u00e7o na ado\u00e7\u00e3o de pr\u00e1ticas sustent\u00e1veis para a produ\u00e7\u00e3o. <span class=\"pq6dq46d tbxw36s4 knj5qynh kvgmc6g5 ditlmg2l oygrvhab nvdbi5me sf5mxxl7 gl3lb2sf hhz5lgdu\"><img loading=\"lazy\" decoding=\"async\" src=\"https:\/\/static.xx.fbcdn.net\/images\/emoji.php\/v9\/tea\/1\/16\/1f332.png\" alt=\"\ud83c\udf32\" width=\"16\" height=\"16\" \/><\/span><span class=\"pq6dq46d tbxw36s4 knj5qynh kvgmc6g5 ditlmg2l oygrvhab nvdbi5me sf5mxxl7 gl3lb2sf hhz5lgdu\"><img loading=\"lazy\" decoding=\"async\" src=\"https:\/\/static.xx.fbcdn.net\/images\/emoji.php\/v9\/tea\/1\/16\/1f332.png\" alt=\"\ud83c\udf32\" width=\"16\" height=\"16\" \/><\/span><\/div>\n<div dir=\"auto\">Assim a reciclagem torna-se ferramenta importante dentro do ciclo, al\u00e9m dos fatores econ\u00f4micos que propicia, contribui para a preserva\u00e7\u00e3o dos recursos naturais (mat\u00e9ria-prima, energia e \u00e1gua), redu\u00e7\u00e3o da polui\u00e7\u00e3o e dos res\u00edduos s\u00f3lidos urbanos gerados. <span class=\"pq6dq46d tbxw36s4 knj5qynh kvgmc6g5 ditlmg2l oygrvhab nvdbi5me sf5mxxl7 gl3lb2sf hhz5lgdu\"><img loading=\"lazy\" decoding=\"async\" src=\"https:\/\/static.xx.fbcdn.net\/images\/emoji.php\/v9\/tf8\/1\/16\/267b.png\" alt=\"\u267b\ufe0f\" width=\"16\" height=\"16\" \/><\/span><\/div>\n<div dir=\"auto\">Na d\u00favida, RECICLE <span class=\"pq6dq46d tbxw36s4 knj5qynh kvgmc6g5 ditlmg2l oygrvhab nvdbi5me sf5mxxl7 gl3lb2sf hhz5lgdu\"><img loading=\"lazy\" decoding=\"async\" src=\"https:\/\/static.xx.fbcdn.net\/images\/emoji.php\/v9\/tf8\/1\/16\/267b.png\" alt=\"\u267b\ufe0f\" width=\"16\" height=\"16\" \/><\/span><span class=\"pq6dq46d tbxw36s4 knj5qynh kvgmc6g5 ditlmg2l oygrvhab nvdbi5me sf5mxxl7 gl3lb2sf hhz5lgdu\"><img loading=\"lazy\" decoding=\"async\" src=\"https:\/\/static.xx.fbcdn.net\/images\/emoji.php\/v9\/td0\/1\/16\/1f9fe.png\" alt=\"\ud83e\uddfe\" width=\"16\" height=\"16\" \/><\/span><\/div>\n<\/div>\n<div class=\"o9v6fnle cxmmr5t8 oygrvhab hcukyx3x c1et5uql ii04i59q\">\n<div dir=\"auto\">Fonte:<\/div>\n<div dir=\"auto\">&lt;<a class=\"oajrlxb2 g5ia77u1 qu0x051f esr5mh6w e9989ue4 r7d6kgcz rq0escxv nhd2j8a9 nc684nl6 p7hjln8o kvgmc6g5 cxmmr5t8 oygrvhab hcukyx3x jb3vyjys rz4wbd8a qt6c0cv9 a8nywdso i1ao9s8h esuyzwwr f1sip0of lzcic4wl py34i1dx gpro0wi8\" role=\"link\" href=\"https:\/\/portalresiduossolidos.com\/reciclagem-de-papel-2\/?fbclid=IwAR1QSI2Mwq6i9Gse90AyPHR1bvODcauxgOfQzOamrJTijCWOOwbrWkVC-CM\" target=\"_blank\" rel=\"nofollow noopener\">https:\/\/portalresiduossolidos.com\/reciclagem-de-papel-2\/<\/a>&gt;<\/div>\n<div dir=\"auto\">&lt;<a class=\"oajrlxb2 g5ia77u1 qu0x051f esr5mh6w e9989ue4 r7d6kgcz rq0escxv nhd2j8a9 nc684nl6 p7hjln8o kvgmc6g5 cxmmr5t8 oygrvhab hcukyx3x jb3vyjys rz4wbd8a qt6c0cv9 a8nywdso i1ao9s8h esuyzwwr f1sip0of lzcic4wl py34i1dx gpro0wi8\" role=\"link\" href=\"https:\/\/www.reciclasampa.com.br\/artigo\/o-nosso-papel?fbclid=IwAR0Hla0d3pej2cp_bG6MXBqSAZCNlAaE5g8xRrhQTKIkVeqYqsCoYBTbXNI\" target=\"_blank\" rel=\"nofollow noopener\">https:\/\/www.reciclasampa.com.br\/artigo\/o-nosso-papel<\/a>&gt;<\/div>\n<\/div>\n<p>[\/vc_column_text][vc_separator][\/vc_column_inner][\/vc_row_inner][\/vc_column][vc_column width=&#8221;1\/3&#8243;][vc_video link=&#8221;https:\/\/youtu.be\/t0rwstdv5J4&#8243; title=&#8221;Voc\u00ea Sabia : Sacolas Pl\u00e1sticas&#8221;][vc_column_text]Voc\u00ea sabia?<\/p>\n<p>Confira quais s\u00e3o os danos causados por sacolas pl\u00e1sticas e qu\u00e3o prejudicial \u00e9 seu uso!![\/vc_column_text][\/vc_column][\/vc_row][vc_row][vc_column width=&#8221;1\/3&#8243;][vc_video link=&#8221;https:\/\/youtu.be\/wEziUMna_So&#8221; title=&#8221;Voc\u00ea Sabia A import\u00e2ncia das Abelhas&#8221;][vc_column_text]Voc\u00ea sabe a import\u00e2ncia das abelhas no mundo?<br \/>\nSem ela n\u00e3o sobreviver\u00edamos, para saber mais assista o v\u00eddeo!![\/vc_column_text][\/vc_column][vc_column width=&#8221;1\/3&#8243;][vc_video link=&#8221;https:\/\/youtu.be\/w8qe6-D3sZw&#8221; title=&#8221;Voc\u00ea sabia Queimadas x Inc\u00eandios&#8221;][vc_column_text]Voc\u00ea sabia? Queimadas x Inc\u00eandios<\/p>\n<p>Confira o conte\u00fado e fique por dentro do assunto![\/vc_column_text][\/vc_column][vc_column width=&#8221;1\/3&#8243;][vc_video link=&#8221;https:\/\/youtu.be\/xWV0mrAHSkU&#8221; title=&#8221;Voc\u00ea Sabia Agrot\u00f3xicos&#8221;][vc_column_text]\u26a0\ufe0fAgrot\u00f3xicos e suas utiliza\u00e7\u00f5es[\/vc_column_text][\/vc_column][\/vc_row][vc_row][vc_column width=&#8221;1\/3&#8243;][vc_video link=&#8221;https:\/\/www.youtube.com\/watch?v=yMB864r3X4c&amp;ab_channel=PET-EngenhariasUnicentro&#8221; title=&#8221;Divulga\u00e7\u00e3o Curso Engenharia Ambiental&#8221;][vc_column_text]<\/p>\n<div dir=\"auto\"><span class=\"pq6dq46d tbxw36s4 knj5qynh kvgmc6g5 ditlmg2l oygrvhab nvdbi5me sf5mxxl7 gl3lb2sf hhz5lgdu\"><img loading=\"lazy\" decoding=\"async\" src=\"https:\/\/static.xx.fbcdn.net\/images\/emoji.php\/v9\/tdc\/1\/16\/26a0.png\" alt=\"\u26a0\" width=\"16\" height=\"16\" \/><\/span>ATEN\u00c7\u00c3O!<span class=\"pq6dq46d tbxw36s4 knj5qynh kvgmc6g5 ditlmg2l oygrvhab nvdbi5me sf5mxxl7 gl3lb2sf hhz5lgdu\"><img loading=\"lazy\" decoding=\"async\" src=\"https:\/\/static.xx.fbcdn.net\/images\/emoji.php\/v9\/tdc\/1\/16\/26a0.png\" alt=\"\u26a0\" width=\"16\" height=\"16\" \/><\/span><\/div>\n<div dir=\"auto\">Amanh\u00e3, dia 04\/02, \u00e9 o \u00faltimo dia das inscri\u00e7\u00f5es para o vestibular da UNICENTRO!<\/div>\n<div dir=\"auto\">Conhe\u00e7a um pouco mais sobre o curso de Engenharia Ambiental neste v\u00eddeo e venha fazer parte de uma universidade p\u00fablica e de qualidade!\u00a0<span class=\"pq6dq46d tbxw36s4 knj5qynh kvgmc6g5 ditlmg2l oygrvhab nvdbi5me sf5mxxl7 gl3lb2sf hhz5lgdu\"><img loading=\"lazy\" decoding=\"async\" src=\"https:\/\/static.xx.fbcdn.net\/images\/emoji.php\/v9\/tc0\/1\/16\/1f30e.png\" alt=\"\ud83c\udf0e\" width=\"16\" height=\"16\" \/><\/span><span class=\"pq6dq46d tbxw36s4 knj5qynh kvgmc6g5 ditlmg2l oygrvhab nvdbi5me sf5mxxl7 gl3lb2sf hhz5lgdu\"><img loading=\"lazy\" decoding=\"async\" src=\"https:\/\/static.xx.fbcdn.net\/images\/emoji.php\/v9\/t69\/1\/16\/1f331.png\" alt=\"\ud83c\udf31\" width=\"16\" height=\"16\" \/><\/span><span class=\"pq6dq46d tbxw36s4 knj5qynh kvgmc6g5 ditlmg2l oygrvhab nvdbi5me sf5mxxl7 gl3lb2sf hhz5lgdu\"><img loading=\"lazy\" decoding=\"async\" src=\"https:\/\/static.xx.fbcdn.net\/images\/emoji.php\/v9\/tf8\/1\/16\/267b.png\" alt=\"\u267b\" width=\"16\" height=\"16\" \/><\/span><\/div>\n<p>[\/vc_column_text][\/vc_column][vc_column width=&#8221;1\/3&#8243;][vc_video link=&#8221;https:\/\/www.youtube.com\/watch?v=Y5OZfxpAV1A&amp;ab_channel=PET-EngenhariasUnicentro&#8221; title=&#8221;Divulga\u00e7\u00e3o Curso Engenharia Florestal&#8221;][vc_column_text]<\/p>\n<div dir=\"auto\"><span class=\"pq6dq46d tbxw36s4 knj5qynh kvgmc6g5 ditlmg2l oygrvhab nvdbi5me sf5mxxl7 gl3lb2sf hhz5lgdu\"><img loading=\"lazy\" decoding=\"async\" src=\"https:\/\/static.xx.fbcdn.net\/images\/emoji.php\/v9\/tdc\/1\/16\/26a0.png\" alt=\"\u26a0\" width=\"16\" height=\"16\" \/><\/span>ATEN\u00c7\u00c3O!<span class=\"pq6dq46d tbxw36s4 knj5qynh kvgmc6g5 ditlmg2l oygrvhab nvdbi5me sf5mxxl7 gl3lb2sf hhz5lgdu\"><img loading=\"lazy\" decoding=\"async\" src=\"https:\/\/static.xx.fbcdn.net\/images\/emoji.php\/v9\/tdc\/1\/16\/26a0.png\" alt=\"\u26a0\" width=\"16\" height=\"16\" \/><\/span><\/div>\n<div dir=\"auto\">Amanh\u00e3,\u00a0 hoje 04\/02, \u00e9 o \u00faltimo dia das inscri\u00e7\u00f5es para o vestibular da UNICENTRO!<\/div>\n<div dir=\"auto\">Conhe\u00e7a um pouco mais sobre o curso de Engenharia Florestal neste v\u00eddeo e venha fazer parte de uma universidade p\u00fablica e de qualidade! <span class=\"pq6dq46d tbxw36s4 knj5qynh kvgmc6g5 ditlmg2l oygrvhab nvdbi5me sf5mxxl7 gl3lb2sf hhz5lgdu\"><img loading=\"lazy\" decoding=\"async\" src=\"https:\/\/static.xx.fbcdn.net\/images\/emoji.php\/v9\/tc0\/1\/16\/1f30e.png\" alt=\"\ud83c\udf0e\" width=\"16\" height=\"16\" \/><\/span><span class=\"pq6dq46d tbxw36s4 knj5qynh kvgmc6g5 ditlmg2l oygrvhab nvdbi5me sf5mxxl7 gl3lb2sf hhz5lgdu\"><img loading=\"lazy\" decoding=\"async\" src=\"https:\/\/static.xx.fbcdn.net\/images\/emoji.php\/v9\/t69\/1\/16\/1f331.png\" alt=\"\ud83c\udf31\" width=\"16\" height=\"16\" \/><\/span><span class=\"pq6dq46d tbxw36s4 knj5qynh kvgmc6g5 ditlmg2l oygrvhab nvdbi5me sf5mxxl7 gl3lb2sf hhz5lgdu\"><img loading=\"lazy\" decoding=\"async\" src=\"https:\/\/static.xx.fbcdn.net\/images\/emoji.php\/v9\/tf8\/1\/16\/267b.png\" alt=\"\u267b\" width=\"16\" height=\"16\" \/><\/span><\/div>\n<p>[\/vc_column_text][\/vc_column][vc_column width=&#8221;1\/3&#8243;][vc_video link=&#8221;https:\/\/youtu.be\/gij2EhwNlUQ&#8221; title=&#8221;Voc\u00ea Conhece O PAC ?&#8221;][vc_column_text]\u26a0\ufe0fATEN\u00c7\u00c3O galerinha do ensino m\u00e9dio, essa \u00e9 pra voc\u00eas!<\/p>\n<p>\ud83d\udcc6O PAC ( Programa de Avalia\u00e7\u00e3o Continuada) da UNICENTRO-PR j\u00e1 tem data marcada![\/vc_column_text][\/vc_column][\/vc_row][vc_row][vc_column width=&#8221;1\/3&#8243;][vc_video link=&#8221;https:\/\/youtu.be\/ctvbsB_MVM4&#8243;][vc_column_text]Durante o isolamento social, enquanto estudamos ou trabalhamos em casa, devemos realizar de forma correta as atividades, ent\u00e3o aqui v\u00e3o algumas dicas como se hidratar, manter a postura correta , realizar pausas.[\/vc_column_text][\/vc_column][vc_column width=&#8221;1\/3&#8243;][\/vc_column][vc_column width=&#8221;1\/3&#8243;][vc_video link=&#8221;https:\/\/youtu.be\/quqLYAdlakI&#8221;][vc_column_text]Voc\u00ea sabe o que s\u00e3o Bioindicadores?<\/p>\n<p>Assista esse v\u00eddeo e fique por dentro desse assunto![\/vc_column_text][\/vc_column][\/vc_row][vc_row][vc_column width=&#8221;1\/3&#8243;][vc_video link=&#8221;https:\/\/youtu.be\/8Tdje1PeKys&#8221;][vc_column_text]Aqui vai uma ideia simples e eficaz de como voce\u0302 pode reduzir o desperdi\u0301cio de a\u0301gua pota\u0301vel na sua casa! As cisternas ajudam voce\u0302 a economizar em ate\u0301 50% dos gastos com a\u0301gua pota\u0301vel. Assim, voce\u0302 ale\u0301m de estar economizando estara\u0301 ajudando na preservac\u0327a\u0303o desse recurso natural \ud83d\udca6\u267b\ufe0f[\/vc_column_text][\/vc_column][vc_column width=&#8221;1\/3&#8243;][vc_video link=&#8221;https:\/\/youtu.be\/B0il0Y39Rr4&#8243;][vc_column_text]Voc\u00ea sabe o que s\u00e3o rios voadores, como eles s\u00e3o formados e qual a import\u00e2ncia? Se liga no v\u00eddeo !!!![\/vc_column_text][\/vc_column][vc_column width=&#8221;1\/3&#8243;][vc_video link=&#8221;https:\/\/www.youtube.com\/watch?v=iiPhR2dz9Ck&#8221;][vc_column_text]Tem curiosidade para saber quais os campos de trabalho do Engenheiro Ambiental? Vem conferir no nosso v\u00eddeo![\/vc_column_text][\/vc_column][\/vc_row][vc_row][vc_column width=&#8221;1\/3&#8243;][vc_video link=&#8221;https:\/\/youtu.be\/a9xvALBkNjw&#8221;][vc_column_text]Voc\u00ea sabia que o eucalipto n\u00e3o seca o solo?<\/p>\n<p>Assista o v\u00eddeo e compartilhe!![\/vc_column_text][\/vc_column][vc_column width=&#8221;1\/3&#8243;][vc_video link=&#8221;https:\/\/youtu.be\/poDdjkDTGow&#8221;][vc_column_text]Voc\u00ea sabe qual \u00e9 a \u00e1rvore mais alta registrada na Amaz\u00f4nia?<\/p>\n<p>Se liga no v\u00eddeo e compartilhe conhecimento!![\/vc_column_text][\/vc_column][vc_column width=&#8221;1\/3&#8243;][vc_video link=&#8221;https:\/\/youtu.be\/wccRc7nhfzo&#8221;][vc_column_text]Design Thinking \ud83d\udcdd\ud83d\udcc8<\/p>\n<p>Design Thinking \u00e9 o conjunto de ideias e insights para abordar problemas, relacionados a futuras aquisi\u00e7\u00f5es de informa\u00e7\u00f5es, an\u00e1lise de conhecimento e propostas de solu\u00e7\u00f5es!\ud83d\udca1\ud83d\udccc\ud83d\udcc8\ud83d\udcdd<br \/>\nColoque em pr\u00e1tica em sua rotina.[\/vc_column_text][\/vc_column][\/vc_row][vc_row][vc_column width=&#8221;1\/3&#8243;][vc_video link=&#8221;https:\/\/youtu.be\/uE821dh2VRY&#8221;][vc_column_text]Voc\u00ea sabe o que \u00e9 o ciclo hidrol\u00f3gico?<\/p>\n<p>Assista o v\u00eddeo e fique por dentro desse conte\u00fado![\/vc_column_text][\/vc_column][vc_column width=&#8221;1\/3&#8243;][vc_video link=&#8221;https:\/\/youtu.be\/Sr6iv5HG_qM&#8221;][vc_column_text]Uma homenagem ao anivers\u00e1rio de Irati!![\/vc_column_text][\/vc_column][vc_column width=&#8221;1\/3&#8243;][vc_video link=&#8221;https:\/\/youtu.be\/p0RQLH0nNAE&#8221;][vc_column_text]Um guia b\u00e1sico de como realizar a compostagem em casa para reduzir a gera\u00e7\u00e3o de res\u00edduos e obter adubo org\u00e2nico! \ud83c\udf4c\u267b\ufe0f\ud83c\udf31[\/vc_column_text][\/vc_column][\/vc_row][vc_row][vc_column width=&#8221;1\/3&#8243;][vc_video link=&#8221;https:\/\/youtu.be\/qFrinHkvHW4&#8243;][vc_column_text]Descart\u00e1veis: Descarte essa ideia![\/vc_column_text][\/vc_column][vc_column width=&#8221;1\/3&#8243;][vc_video link=&#8221;https:\/\/youtu.be\/uASnJnXA_44&#8243;][vc_column_text]\u267b\ufe0fSepara\u00e7\u00e3o de Res\u00edduos\u267b\ufe0f<\/p>\n<p>A separa\u00e7\u00e3o e o descarte correto dos res\u00edduos gerados em casa \u00e9 o primeiro passo para a preserva\u00e7\u00e3o do meio ambiente. \u267b\ufe0f\ud83c\udf0e<br \/>\nEnt\u00e3o, como separ\u00e1-los corretamente?[\/vc_column_text][\/vc_column][vc_column width=&#8221;1\/3&#8243;][vc_video link=&#8221;https:\/\/youtu.be\/rNyfbL5JQqI&#8221;][vc_column_text]Que tal aprender a fazer um brinquedo recicl\u00e1vel nesta quarentena?<br \/>\nBilboqu\u00ea \u00e9 mais um brinquedo que pode ser feito em casa, com mat\u00e9rias recicl\u00e1veis e com muita divers\u00e3o!<br \/>\nUse sua criatividade e deixe aflorar sua alma de crian\u00e7a, seja feliz\ud83d\udc67\ud83c\udffb\ud83e\uddd2\ud83c\udffb\ud83c\udfd3[\/vc_column_text][\/vc_column][\/vc_row][vc_row][vc_column width=&#8221;1\/3&#8243;][vc_video link=&#8221;https:\/\/youtu.be\/uuluoRwYp2A&#8221;][vc_column_text]Como limpar sua caixa d&#8217;\u00e1gua!!<\/p>\n<p>Arranje um balde, panos e esponja!\ud83d\ude01\ud83e\uddfd\ud83d\udca6<br \/>\nA dica de hoje \u00e9 de como limpar sua caixa d&#8217;\u00e1gua! \ud83d\udeb0[\/vc_column_text][\/vc_column][vc_column width=&#8221;1\/3&#8243;][vc_video link=&#8221;https:\/\/youtu.be\/orjklIhZsUk&#8221;][vc_column_text]Voc\u00ea sabe reciclar? \u267b\ufe0f\ud83c\udf0e<br \/>\nAssista nossas dicas e tente colocar em pr\u00e1tica, assim voc\u00ea acaba reduzindo gastos e ajudando o meio ambiente![\/vc_column_text][\/vc_column][vc_column width=&#8221;1\/3&#8243;][vc_video link=&#8221;https:\/\/youtu.be\/l7gWlHPMTrU&#8221;][vc_column_text]Que tal aprender a fazer um brinquedo recicl\u00e1vel nesta quarentena?<br \/>\nR\u00e1pido, pr\u00e1tico e divertido \ud83d\udc67\ud83c\udffb\ud83e\uddd2\ud83c\udffb\ud83e\udd70<br \/>\nJunte-se com sua fam\u00edlia e aproveite para se divertirem juntos![\/vc_column_text][\/vc_column][\/vc_row][vc_row][vc_column width=&#8221;1\/3&#8243;][vc_video link=&#8221;https:\/\/youtu.be\/fGm9axs6k-U&#8221;][vc_column_text]Como fabricar uma horta vertical!!<\/p>\n<p>Nesse v\u00eddeo voc\u00ea ir\u00e1 aprender de forma pr\u00e1tica e f\u00e1cil, como fabricar uma horta vertical na sua casa e com materiais recicl\u00e1veis. Compartilhe com seus amigos![\/vc_column_text][\/vc_column][vc_column width=&#8221;1\/3&#8243;][vc_video link=&#8221;https:\/\/youtu.be\/gnHnSNWDxlc&#8221;][vc_column_text]O Ambiente N\u00e3o Precisa de Rem\u00e9dios!<\/p>\n<p>Como voc\u00ea costuma descartar seus medicamentos vencidos ou aqueles que j\u00e1 n\u00e3o utiliza?<\/p>\n<p>Dicas e orienta\u00e7\u00f5es sobre o descarte correto de medicamentos vencidos e fora de uso!<\/p>\n<p>\u2705Procure um ponto de coleta em sua cidade! \u274c N\u00e3o realize o descarte no lixo comum e\/ou esgoto![\/vc_column_text][\/vc_column][vc_column width=&#8221;1\/3&#8243;][vc_video link=&#8221;https:\/\/youtu.be\/oDWKvvywLDg&#8221;][vc_column_text]O que \u00e9 a reciclagem?<\/p>\n<p>Que tal entender um pouco mais sobre a reciclagem? \u267b\ufe0f[\/vc_column_text][\/vc_column][\/vc_row][vc_row][vc_column width=&#8221;1\/3&#8243;][vc_video link=&#8221;https:\/\/youtu.be\/Ft4UdOYdaKg&#8221;][vc_column_text]Voc\u00ea sabe a diferen\u00e7a entre os cursos e atua\u00e7\u00f5es de Engenharia Ambiental e Engenharia Florestal?<br \/>\nN\u00e3o? Ent\u00e3o assista este v\u00eddeo!! \ud83e\udd33 \ud83d\udc77\ud83c\udffb\u200d\u2642\ufe0f\u267b\ufe0f x \ud83d\udc77\ud83c\udffb\u200d\u2642\ufe0f\ud83c\udf32[\/vc_column_text][\/vc_column][vc_column width=&#8221;1\/3&#8243;][vc_video link=&#8221;https:\/\/youtu.be\/sJYVi1-81TU&#8221;][vc_column_text]Dicas para cuidar de Bonsai \ud83c\udf33<\/p>\n<p>Os bonsais s\u00e3o uma op\u00e7\u00e3o para quem quer ter uma planta, mas n\u00e3o tem muito espa\u00e7o em casa. A pr\u00e1tica, por\u00e9m, requer alguns cuidados.<br \/>\nSe liga nas dicas que o grupo PET-Engenharias separou para voc\u00eas \ud83d\ude09[\/vc_column_text][\/vc_column][vc_column width=&#8221;1\/3&#8243;][vc_video link=&#8221;https:\/\/youtu.be\/9AFddwzqUTg&#8221;][vc_column_text]\u2604 Dicas de artesanato \u2604<\/p>\n<p>Separe sua agulha e linha para aprender a fazer o ponto cruz \u2702[\/vc_column_text][\/vc_column][\/vc_row]<\/p>\n<\/div>","protected":false},"excerpt":{"rendered":"<p>[vc_row][vc_column width=&#8221;1\/3&#8243;][vc_video link=&#8221;https:\/\/youtu.be\/v0n7We56sso&#8221; title=&#8221;Voc\u00ea Sabia : O que \u00e9 o Biog\u00e1s&#8221;][vc_column_text]Voc\u00ea sabia ? O biog\u00e1s \u00e9 uma energia de fonte renov\u00e1vel que tende a crescer ainda mais em nosso pa\u00eds, diminuindo a progress\u00e3o do efeito estufa e contribuindo positivamente para o meio ambiente.[\/vc_column_text][\/vc_column][vc_column width=&#8221;1\/3&#8243;][vc_video link=&#8221;https:\/\/youtu.be\/O063h9xc4oU&#8221; title=&#8221;Voc\u00ea Sabia :Ciclo do Papel&#8221;][vc_row_inner][vc_column_inner][vc_column_text] Voc\u00ea Sabia? A fabrica\u00e7\u00e3o do [&hellip;]<\/p>\n","protected":false},"author":3,"featured_media":0,"parent":0,"menu_order":0,"comment_status":"closed","ping_status":"closed","template":"","meta":{"_exactmetrics_skip_tracking":false,"_exactmetrics_sitenote_active":false,"_exactmetrics_sitenote_note":"","_exactmetrics_sitenote_category":0,"footnotes":"","_links_to":"","_links_to_target":""},"class_list":["post-52","page","type-page","status-publish","hentry"],"_links":{"self":[{"href":"https:\/\/www3.unicentro.br\/petengenharias\/wp-json\/wp\/v2\/pages\/52","targetHints":{"allow":["GET"]}}],"collection":[{"href":"https:\/\/www3.unicentro.br\/petengenharias\/wp-json\/wp\/v2\/pages"}],"about":[{"href":"https:\/\/www3.unicentro.br\/petengenharias\/wp-json\/wp\/v2\/types\/page"}],"author":[{"embeddable":true,"href":"https:\/\/www3.unicentro.br\/petengenharias\/wp-json\/wp\/v2\/users\/3"}],"replies":[{"embeddable":true,"href":"https:\/\/www3.unicentro.br\/petengenharias\/wp-json\/wp\/v2\/comments?post=52"}],"version-history":[{"count":1,"href":"https:\/\/www3.unicentro.br\/petengenharias\/wp-json\/wp\/v2\/pages\/52\/revisions"}],"predecessor-version":[{"id":1662,"href":"https:\/\/www3.unicentro.br\/petengenharias\/wp-json\/wp\/v2\/pages\/52\/revisions\/1662"}],"wp:attachment":[{"href":"https:\/\/www3.unicentro.br\/petengenharias\/wp-json\/wp\/v2\/media?parent=52"}],"curies":[{"name":"wp","href":"https:\/\/api.w.org\/{rel}","templated":true}]}}