{"id":519,"date":"2020-05-27T17:13:48","date_gmt":"2020-05-27T20:13:48","guid":{"rendered":"https:\/\/www3.unicentro.br\/petengenharias\/?page_id=519"},"modified":"2020-05-27T17:13:48","modified_gmt":"2020-05-27T20:13:48","slug":"projetos-2020-2-difundindo-conhecimento-das-engenharias","status":"publish","type":"page","link":"https:\/\/www3.unicentro.br\/petengenharias\/projetos-2020-2-difundindo-conhecimento-das-engenharias\/","title":{"rendered":"Difundindo conhecimento das Engenharias"},"content":{"rendered":"<p><strong>Projeto: Difus\u00e3o dos conhecimentos cient\u00edficos e tecnol\u00f3gicos das Engenharias.<\/strong><\/p>\n<p><strong>Descri\u00e7\u00e3o\/Justificativa:<\/strong><br \/>\nO conhecimento gerado dentro da Universidade n\u00e3o pode ficar restrito aos meios acad\u00eamicos, mas sim permitida a sua apropria\u00e7\u00e3o social, de modo a trazer melhorias na qualidade de vida da popula\u00e7\u00e3o urbana e rural. Portanto, s\u00e3o necess\u00e1rias a\u00e7\u00f5es que oportunizem momentos de di\u00e1logo entre professores, t\u00e9cnicos e comunidade em geral, de modo a tamb\u00e9m validar esse conhecimento perante a sociedade. Por outro lado, deve ser constru\u00edda tamb\u00e9m uma ponte entre o conhecimento t\u00e9cnico-cient\u00edfico e o conhecimento emp\u00edrico ou tradicional, propiciando a troca de saberes.<\/p>\n<p><strong>Objetivos:<\/strong><br \/>\nOrganiza\u00e7\u00e3o dos eventos dos Departamentos de Engenharia Ambiental e Engenharia Florestal que possam atingir a comunidade acad\u00eamica e t\u00e9cnica interessada.<\/p>\n<p><strong>Como a atividade ser\u00e1 realizada? (Metodologia):<\/strong><br \/>\nOrganiza\u00e7\u00e3o de eventos abertos \u00e0 comunidade acad\u00eamica que tratem de temas de interesse ambiental e florestal, tais como palestras, oficinas, debates, simp\u00f3sios, dias de campo, visitas t\u00e9cnicas, dentre outros, e que difundam resultados de pesquisas da institui\u00e7\u00e3o. Atualiza\u00e7\u00e3o do um website (https:\/\/www3.unicentro.br\/petengenharias\/pet-engenharias\/) e de um informativo onde ser\u00e3o difundidos temas cient\u00edficos e tecnol\u00f3gicos al\u00e9m das atividades promovidas pelo grupo PET. Est\u00e3o programados para 2020 dois eventos cient\u00edficos\/extens\u00e3o: 1) XI Simp\u00f3sio Brasileiro de P\u00f3s-Gradua\u00e7\u00e3o em Ci\u00eancias Florestais. 2) XIII Semana de Estudos da Engenharia Ambiental.<\/p>\n<p><strong>Resultados \/ produtos esperados com a atividade: melhorias para o Curso, para a Educa\u00e7\u00e3o, para a sociedade, meios para a socializa\u00e7\u00e3o dos resultados, publica\u00e7\u00f5es, etc:<\/strong><br \/>\nForma\u00e7\u00e3o de acad\u00eamicos cr\u00edticos e cientes do seu papel de disseminador das novas tecnologias em conson\u00e2ncia com a realidade urbana e rural. Difus\u00e3o dos conhecimentos cient\u00edficos e tecnol\u00f3gicos das engenharias promovendo mudan\u00e7as na realidade socioambiental das comunidades.<\/p>\n<p><strong>Qual ser\u00e1 a metodologia de avalia\u00e7\u00e3o da atividade pelo grupo:<\/strong><br \/>\nN\u00famero de eventos realizados, n\u00famero de pessoas e institui\u00e7\u00f5es atingidas e website atualizado.<\/p>\n","protected":false},"excerpt":{"rendered":"<p>Projeto: Difus\u00e3o dos conhecimentos cient\u00edficos e tecnol\u00f3gicos das Engenharias. Descri\u00e7\u00e3o\/Justificativa: O conhecimento gerado dentro da Universidade n\u00e3o pode ficar restrito aos meios acad\u00eamicos, mas sim permitida a sua apropria\u00e7\u00e3o social, de modo a trazer melhorias na qualidade de vida da popula\u00e7\u00e3o urbana e rural. Portanto, s\u00e3o necess\u00e1rias a\u00e7\u00f5es que oportunizem momentos de di\u00e1logo entre professores, [&hellip;]<\/p>\n","protected":false},"author":202,"featured_media":0,"parent":0,"menu_order":0,"comment_status":"closed","ping_status":"closed","template":"","meta":{"_exactmetrics_skip_tracking":false,"_exactmetrics_sitenote_active":false,"_exactmetrics_sitenote_note":"","_exactmetrics_sitenote_category":0,"footnotes":"","_links_to":"","_links_to_target":""},"class_list":["post-519","page","type-page","status-publish","hentry"],"_links":{"self":[{"href":"https:\/\/www3.unicentro.br\/petengenharias\/wp-json\/wp\/v2\/pages\/519","targetHints":{"allow":["GET"]}}],"collection":[{"href":"https:\/\/www3.unicentro.br\/petengenharias\/wp-json\/wp\/v2\/pages"}],"about":[{"href":"https:\/\/www3.unicentro.br\/petengenharias\/wp-json\/wp\/v2\/types\/page"}],"author":[{"embeddable":true,"href":"https:\/\/www3.unicentro.br\/petengenharias\/wp-json\/wp\/v2\/users\/202"}],"replies":[{"embeddable":true,"href":"https:\/\/www3.unicentro.br\/petengenharias\/wp-json\/wp\/v2\/comments?post=519"}],"version-history":[{"count":0,"href":"https:\/\/www3.unicentro.br\/petengenharias\/wp-json\/wp\/v2\/pages\/519\/revisions"}],"wp:attachment":[{"href":"https:\/\/www3.unicentro.br\/petengenharias\/wp-json\/wp\/v2\/media?parent=519"}],"curies":[{"name":"wp","href":"https:\/\/api.w.org\/{rel}","templated":true}]}}