{"id":509,"date":"2020-05-27T16:54:38","date_gmt":"2020-05-27T19:54:38","guid":{"rendered":"https:\/\/www3.unicentro.br\/petengenharias\/?page_id=509"},"modified":"2020-05-27T16:54:38","modified_gmt":"2020-05-27T19:54:38","slug":"projetos-2020-2-arboreto-unicentro","status":"publish","type":"page","link":"https:\/\/www3.unicentro.br\/petengenharias\/projetos-2020-2-arboreto-unicentro\/","title":{"rendered":"Arboreto UNICENTRO"},"content":{"rendered":"<p><strong>Projeto: Recupera\u00e7\u00e3o do arboreto da UNICENTRO\u00a0<\/strong><\/p>\n<p><strong>Descri\u00e7\u00e3o\/Justificativa:<\/strong><br \/>\nO arboreto situado na UNICENTRO Campus Irati \u00e9 uma \u00e1rea com alto potencial para cumprir a sua finalidade, que \u00e9 ser um ber\u00e7o de esp\u00e9cies florestais. A partir de conhecimentos adquiridos pelos acad\u00eamicos durante o curso, este projeto tem o objetivo de propiciar atividades pr\u00e1ticas aos discentes e ao mesmo tempo exercer a sua fun\u00e7\u00e3o na integra, j\u00e1 que at\u00e9 o momento o arboreto possui uma baixa diversidade de esp\u00e9cies plantadas.<\/p>\n<p><strong>Objetivos:<\/strong><br \/>\nRecuperar a \u00e1rea do arboreto realizando o plantio de esp\u00e9cies florestais e envolver os discentes dos cursos de Engenharia Florestal e Ambiental neste processo de revitaliza\u00e7\u00e3o do espa\u00e7o.<\/p>\n<p><strong>Como a atividade ser\u00e1 realizada? (Metodologia):<\/strong><br \/>\nAs atividades ser\u00e3o divididas em quatro etapas: 1\u00aa etapa: elabora\u00e7\u00e3o do projeto a ser realizado (prepara\u00e7\u00e3o da \u00e1rea, escolha das esp\u00e9cies, divis\u00e3o de trabalho e tratos silviculturais). 2\u00aa etapa: inicio da implanta\u00e7\u00e3o a partir da prepara\u00e7\u00e3o do terreno 3\u00aa etapa: plantio das mudas, estabelecimento e organiza\u00e7\u00e3o do cuidado da \u00e1rea. 4\u00aa etapa: tratos silviculturais e replantio das mudas quando necess\u00e1rio.<\/p>\n<p><strong>Resultados \/ produtos esperados com a atividade: melhorias para o Curso, para a Educa\u00e7\u00e3o, para a <\/strong><strong>sociedade, meios para a socializa\u00e7\u00e3o dos resultados, publica\u00e7\u00f5es, etc:<\/strong><br \/>\nMelhor aproveitamento da \u00e1rea do arboreto, envolvendo os acad\u00eamicos dos cursos de engenharia ambiental e florestal e utilizando-se do conhecimento obtido pelos discentes ao longo do curso em diferentes mat\u00e9rias. O local possui algumas mudas que foram plantadas com o objetivo de homenagear alguns protagonistas que passaram pela universidade, com a implanta\u00e7\u00e3o do projeto, ser\u00e1 poss\u00edvel que estas se desenvolvam e ainda que a \u00e1rea seja enriquecida com outras esp\u00e9cies, tanto arb\u00f3reas quanto arbustivas, proporcionando aos frequentadores maior conforto t\u00e9rmico e est\u00e9tico. Tamb\u00e9m ser\u00e1 utilizada para aulas dos cursos voltadas ao meio ambiente, oferecendo meios de aprendizado pr\u00e1tico.<\/p>\n<p><strong>Qual ser\u00e1 a metodologia de avalia\u00e7\u00e3o da atividade pelo grupo:<\/strong><br \/>\nReuni\u00f5es semanais da equipe, onde cada participante poder\u00e1 expor o resultado que obteve com sua a\u00e7\u00e3o e como chegou a este resultado, discutindo como ser\u00e1 o pr\u00f3ximo passo para recuperar a \u00e1rea.<\/p>\n","protected":false},"excerpt":{"rendered":"<p>Projeto: Recupera\u00e7\u00e3o do arboreto da UNICENTRO\u00a0 Descri\u00e7\u00e3o\/Justificativa: O arboreto situado na UNICENTRO Campus Irati \u00e9 uma \u00e1rea com alto potencial para cumprir a sua finalidade, que \u00e9 ser um ber\u00e7o de esp\u00e9cies florestais. A partir de conhecimentos adquiridos pelos acad\u00eamicos durante o curso, este projeto tem o objetivo de propiciar atividades pr\u00e1ticas aos discentes e [&hellip;]<\/p>\n","protected":false},"author":202,"featured_media":0,"parent":0,"menu_order":0,"comment_status":"closed","ping_status":"closed","template":"","meta":{"_exactmetrics_skip_tracking":false,"_exactmetrics_sitenote_active":false,"_exactmetrics_sitenote_note":"","_exactmetrics_sitenote_category":0,"footnotes":"","_links_to":"","_links_to_target":""},"class_list":["post-509","page","type-page","status-publish","hentry"],"_links":{"self":[{"href":"https:\/\/www3.unicentro.br\/petengenharias\/wp-json\/wp\/v2\/pages\/509","targetHints":{"allow":["GET"]}}],"collection":[{"href":"https:\/\/www3.unicentro.br\/petengenharias\/wp-json\/wp\/v2\/pages"}],"about":[{"href":"https:\/\/www3.unicentro.br\/petengenharias\/wp-json\/wp\/v2\/types\/page"}],"author":[{"embeddable":true,"href":"https:\/\/www3.unicentro.br\/petengenharias\/wp-json\/wp\/v2\/users\/202"}],"replies":[{"embeddable":true,"href":"https:\/\/www3.unicentro.br\/petengenharias\/wp-json\/wp\/v2\/comments?post=509"}],"version-history":[{"count":0,"href":"https:\/\/www3.unicentro.br\/petengenharias\/wp-json\/wp\/v2\/pages\/509\/revisions"}],"wp:attachment":[{"href":"https:\/\/www3.unicentro.br\/petengenharias\/wp-json\/wp\/v2\/media?parent=509"}],"curies":[{"name":"wp","href":"https:\/\/api.w.org\/{rel}","templated":true}]}}