{"id":506,"date":"2020-05-27T16:48:57","date_gmt":"2020-05-27T19:48:57","guid":{"rendered":"https:\/\/www3.unicentro.br\/petengenharias\/?page_id=506"},"modified":"2020-05-27T16:48:57","modified_gmt":"2020-05-27T19:48:57","slug":"projetos-2020-2-visitec-pet-engenharias","status":"publish","type":"page","link":"https:\/\/www3.unicentro.br\/petengenharias\/projetos-2020-2-visitec-pet-engenharias\/","title":{"rendered":"VISITEC PET-ENGENHARIAS"},"content":{"rendered":"<p><strong>Projeto: VISITEC PET-ENGENHARIAS<\/strong><\/p>\n<p><strong>Descri\u00e7\u00e3o\/Justificativa:<\/strong><br \/>\nOs conhecimentos empregados nas ind\u00fastrias de base florestal e de atua\u00e7\u00e3o ambiental s\u00e3o fundamentais para complementarem a forma\u00e7\u00e3o dos futuros de Engenheiros Ambientais e Engenheiros Florestais, portanto, s\u00e3o necess\u00e1rias a\u00e7\u00f5es que oportunizem momentos de di\u00e1logo entre t\u00e9cnicos e estudantes, e as visitas t\u00e9cnicas, possibilitam poss\u00edveis futuras inser\u00e7\u00f5es no mercado de trabalho.<\/p>\n<p><strong>Objetivos:<\/strong><br \/>\nRealizar visitas em empresas florestais e de atua\u00e7\u00e3o ambiental para que os estudantes de engenharia florestal e ambiental tenham melhor vis\u00e3o sobre o mercado de trabalho e se aproximem das pr\u00e1ticas e t\u00e9cnicas florestais.<\/p>\n<p><strong>Como a atividade ser\u00e1 realizada? (Metodologia):<\/strong><br \/>\nPretende-se organizar duas visitas t\u00e9cnicas \u00e0 empresas, parques ou institui\u00e7\u00f5es de pesquisa no ano de 2020. Estas visitas s\u00e3o organizadas pelo grupo PET-Engenharias e s\u00e3o abertas aos alunos dos cursos de Engenharia Ambiental e Engenharia Florestal e, quando h\u00e1 vagas remanescentes, ao curso de Geografia.<\/p>\n<p><strong>Resultados \/ produtos esperados com a atividade: melhorias para o Curso, para a Educa\u00e7\u00e3o, para a sociedade, meios para a socializa\u00e7\u00e3o dos resultados, publica\u00e7\u00f5es, etc:<\/strong><br \/>\nForma\u00e7\u00e3o de profissionais qualificados para atuar junto no mercado de trabalho. Acad\u00eamicos atuantes e preparados frente \u00e0s novas tecnologias e suas aplica\u00e7\u00f5es. Gera\u00e7\u00e3o de novas estrat\u00e9gias de ensino-aprendizagem ao unir a pr\u00e1tica e aulas expositivas.<\/p>\n<p><strong>Qual ser\u00e1 a metodologia de avalia\u00e7\u00e3o da atividade pelo grupo:<\/strong><br \/>\nN\u00famero de visitas realizadas, n\u00famero de pessoas atingidas.<\/p>\n","protected":false},"excerpt":{"rendered":"<p>Projeto: VISITEC PET-ENGENHARIAS Descri\u00e7\u00e3o\/Justificativa: Os conhecimentos empregados nas ind\u00fastrias de base florestal e de atua\u00e7\u00e3o ambiental s\u00e3o fundamentais para complementarem a forma\u00e7\u00e3o dos futuros de Engenheiros Ambientais e Engenheiros Florestais, portanto, s\u00e3o necess\u00e1rias a\u00e7\u00f5es que oportunizem momentos de di\u00e1logo entre t\u00e9cnicos e estudantes, e as visitas t\u00e9cnicas, possibilitam poss\u00edveis futuras inser\u00e7\u00f5es no mercado de trabalho. [&hellip;]<\/p>\n","protected":false},"author":202,"featured_media":0,"parent":0,"menu_order":0,"comment_status":"closed","ping_status":"closed","template":"","meta":{"_exactmetrics_skip_tracking":false,"_exactmetrics_sitenote_active":false,"_exactmetrics_sitenote_note":"","_exactmetrics_sitenote_category":0,"footnotes":"","_links_to":"","_links_to_target":""},"class_list":["post-506","page","type-page","status-publish","hentry"],"_links":{"self":[{"href":"https:\/\/www3.unicentro.br\/petengenharias\/wp-json\/wp\/v2\/pages\/506","targetHints":{"allow":["GET"]}}],"collection":[{"href":"https:\/\/www3.unicentro.br\/petengenharias\/wp-json\/wp\/v2\/pages"}],"about":[{"href":"https:\/\/www3.unicentro.br\/petengenharias\/wp-json\/wp\/v2\/types\/page"}],"author":[{"embeddable":true,"href":"https:\/\/www3.unicentro.br\/petengenharias\/wp-json\/wp\/v2\/users\/202"}],"replies":[{"embeddable":true,"href":"https:\/\/www3.unicentro.br\/petengenharias\/wp-json\/wp\/v2\/comments?post=506"}],"version-history":[{"count":0,"href":"https:\/\/www3.unicentro.br\/petengenharias\/wp-json\/wp\/v2\/pages\/506\/revisions"}],"wp:attachment":[{"href":"https:\/\/www3.unicentro.br\/petengenharias\/wp-json\/wp\/v2\/media?parent=506"}],"curies":[{"name":"wp","href":"https:\/\/api.w.org\/{rel}","templated":true}]}}