{"id":500,"date":"2020-05-27T16:37:38","date_gmt":"2020-05-27T19:37:38","guid":{"rendered":"https:\/\/www3.unicentro.br\/petengenharias\/?page_id=500"},"modified":"2020-05-27T16:37:38","modified_gmt":"2020-05-27T19:37:38","slug":"projetos-2020-2-comunidade-nhapindazal","status":"publish","type":"page","link":"https:\/\/www3.unicentro.br\/petengenharias\/projetos-2020-2-comunidade-nhapindazal\/","title":{"rendered":"Comunidade Nhapindazal"},"content":{"rendered":"<p><strong>Projeto: Forma\u00e7\u00e3o profissional das mulheres da comunidade do Nhapindazal\u00a0<\/strong><\/p>\n<p><strong>Descri\u00e7\u00e3o\/Justificativa:<\/strong><br \/>\nDiariamente as mulheres dedicam seu tempo ao cuidado da fam\u00edlia e muitas delas abdicam dos seus estudos e trabalho para cuidarem do seu lar, principalmente quando possuem filhos pequenos ou menores de idade. Por\u00e9m, quando estes filhos se tornam independentes, estas mulheres t\u00eam dificuldade para retornar ao mercado de trabalho. Pensando nisso, este projeto ser\u00e1 desenvolvido para estimular as mulheres do bairro Nhapindazal, local em que muitas se encontram em situa\u00e7\u00e3o de vulnerabilidade social, a desenvolverem atividades que possam gerar uma renda para sua fam\u00edlia, al\u00e9m de criar expectativas e perspectivas de se reinserirem no mercado de trabalho. Assim ser\u00e3o fornecidas oficinas e treinamentos para estas mulheres, pelo PET-Engenharias, em conjunto com o Centro de Forma\u00e7\u00e3o de Operadores Florestais (CENFOR).<\/p>\n<p><strong>Objetivos:<\/strong><br \/>\nOferecer as mulheres do Bairro Nhapindazal oficinas de artesanato e um curso profissionalizante de operadora de m\u00e1quinas no Centro de Forma\u00e7\u00e3o de Operadores Florestais (CENFOR).<\/p>\n<p><strong>Como a atividade ser\u00e1 realizada? (Metodologia):<\/strong><br \/>\nO projeto ser\u00e1 dividido em duas abordagens: a primeira ser\u00e1 para as mulheres que n\u00e3o tem possibilidade de se afastarem do seu lar para trabalhar. Para estas mulheres ser\u00e3o ofertados cursos de artesanato, croch\u00ea, tric\u00f4, bordado, al\u00e9m da produ\u00e7\u00e3o de sab\u00e3o ecol\u00f3gico, em parceria com o professor do curso de Engenharia Ambiental, respons\u00e1vel pelo projeto do sab\u00e3o ecol\u00f3gico. A segunda abordagem ser\u00e1 oferecida para as mulheres que tem inten\u00e7\u00e3o de se reinserirem no mercado de trabalho. Para este grupo ser\u00e1 ofertado o curso para operadoras de m\u00e1quinas florestais em parceria com o Centro de Forma\u00e7\u00e3o de Operadores Florestais (CENFOR). Este curso \u00e9 um treinamento realizado com simuladores de realidade virtual no Laborat\u00f3rio de Colheita Florestal, situado no Departamento de Engenharia Florestal da UNICENTRO, Campus Irati e ser\u00e1 ofertado pela Profa. Dra. Millana Burger Pagnussat. Ser\u00e3o ofertados dois cursos de 40 horas, ou seja, pretende-se treinar em duas semanas, em torno de 16 mulheres (oito mulheres por curso semanal). A todas que conclu\u00edrem o treinamento ser\u00e1 fornecida a certifica\u00e7\u00e3o do curso de Operadores Florestais. O treinamento ser\u00e1 ofertado gratuitamente para as participantes do projeto.<\/p>\n<p><strong>Resultados \/ produtos esperados com a atividade: melhorias para o Curso, para a Educa\u00e7\u00e3o, para a sociedade, meios para a socializa\u00e7\u00e3o dos resultados, publica\u00e7\u00f5es, etc:\u00a0 \u00a0<\/strong>\u00a0 \u00a0 \u00a0 \u00a0 \u00a0 \u00a0 \u00a0 \u00a0 \u00a0 \u00a0 \u00a0 \u00a0 \u00a0 \u00a0 \u00a0 \u00a0 \u00a0 \u00a0 \u00a0 \u00a0 \u00a0 \u00a0 \u00a0 \u00a0 \u00a0 \u00a0 \u00a0 \u00a0 \u00a0 \u00a0 \u00a0 \u00a0 \u00a0 \u00a0 \u00a0 \u00a0 \u00a0 \u00a0 \u00a0 \u00a0 \u00a0 \u00a0 \u00a0 \u00a0 \u00a0 \u00a0 \u00a0 \u00a0 \u00a0 \u00a0 \u00a0 \u00a0 \u00a0 \u00a0 \u00a0 \u00a0 \u00a0 \u00a0 \u00a0 \u00a0 \u00a0 \u00a0 \u00a0 \u00a0 \u00a0 \u00a0 \u00a0 \u00a0 \u00a0 \u00a0 \u00a0 \u00a0 Espera-se que as mulheres se profissionalizem obtendo aptid\u00e3o para trabalhar em casa ou se insiram no mercado de trabalho, de acordo com suas possibilidades, e com isso, possam aumentar a renda e melhorar a qualidade de vida das suas fam\u00edlias.<\/p>\n<p><strong>Qual ser\u00e1 a metodologia de avalia\u00e7\u00e3o da atividade pelo grupo:<\/strong><br \/>\nO projeto ser\u00e1 avaliado de acordo com o relato destas mulheres em rela\u00e7\u00e3o \u00e0 sua inser\u00e7\u00e3o no mercado de trabalho ou o aumento de renda familiar<\/p>\n","protected":false},"excerpt":{"rendered":"<p>Projeto: Forma\u00e7\u00e3o profissional das mulheres da comunidade do Nhapindazal\u00a0 Descri\u00e7\u00e3o\/Justificativa: Diariamente as mulheres dedicam seu tempo ao cuidado da fam\u00edlia e muitas delas abdicam dos seus estudos e trabalho para cuidarem do seu lar, principalmente quando possuem filhos pequenos ou menores de idade. Por\u00e9m, quando estes filhos se tornam independentes, estas mulheres t\u00eam dificuldade para [&hellip;]<\/p>\n","protected":false},"author":202,"featured_media":0,"parent":0,"menu_order":0,"comment_status":"closed","ping_status":"closed","template":"","meta":{"_exactmetrics_skip_tracking":false,"_exactmetrics_sitenote_active":false,"_exactmetrics_sitenote_note":"","_exactmetrics_sitenote_category":0,"footnotes":"","_links_to":"","_links_to_target":""},"class_list":["post-500","page","type-page","status-publish","hentry"],"_links":{"self":[{"href":"https:\/\/www3.unicentro.br\/petengenharias\/wp-json\/wp\/v2\/pages\/500","targetHints":{"allow":["GET"]}}],"collection":[{"href":"https:\/\/www3.unicentro.br\/petengenharias\/wp-json\/wp\/v2\/pages"}],"about":[{"href":"https:\/\/www3.unicentro.br\/petengenharias\/wp-json\/wp\/v2\/types\/page"}],"author":[{"embeddable":true,"href":"https:\/\/www3.unicentro.br\/petengenharias\/wp-json\/wp\/v2\/users\/202"}],"replies":[{"embeddable":true,"href":"https:\/\/www3.unicentro.br\/petengenharias\/wp-json\/wp\/v2\/comments?post=500"}],"version-history":[{"count":0,"href":"https:\/\/www3.unicentro.br\/petengenharias\/wp-json\/wp\/v2\/pages\/500\/revisions"}],"wp:attachment":[{"href":"https:\/\/www3.unicentro.br\/petengenharias\/wp-json\/wp\/v2\/media?parent=500"}],"curies":[{"name":"wp","href":"https:\/\/api.w.org\/{rel}","templated":true}]}}