{"id":497,"date":"2020-05-27T16:31:36","date_gmt":"2020-05-27T19:31:36","guid":{"rendered":"https:\/\/www3.unicentro.br\/petengenharias\/?page_id=497"},"modified":"2020-05-27T16:31:36","modified_gmt":"2020-05-27T19:31:36","slug":"projetos-2020-2-trilha-educativa","status":"publish","type":"page","link":"https:\/\/www3.unicentro.br\/petengenharias\/projetos-2020-2-trilha-educativa\/","title":{"rendered":"Trilha educativa!"},"content":{"rendered":"<p><strong>Projeto: Conhecendo o ambiente em que vivemos\u00a0<\/strong><\/p>\n<p><strong>Descri\u00e7\u00e3o\/Justificativa:<\/strong><br \/>\nDiariamente caminhamos pela nossa universidade e muitos fatos n\u00e3o s\u00e3o percebidos. Um exemplo ocorre ao passarmos pelas \u00e1rvores do nosso Campus, onde muitos universit\u00e1rios, funcion\u00e1rios e visitantes n\u00e3o sabem a import\u00e2ncia destas \u00e1rvores, a fauna que elas abrigam, sua utiliza\u00e7\u00e3o e at\u00e9 os riscos que podem causar, como, por exemplo, o bugreiro que pode produzir alergia em algumas pessoas. Entendemos que conhecer o ambiente que frequentamos \u00e9 essencial para nossas vidas, para nossa sa\u00fade mental e conhecimento pessoal.<\/p>\n<p><strong>Objetivos:<\/strong><br \/>\nO projeto tem como objetivo a identifica\u00e7\u00e3o de 15 \u00e1rvores que est\u00e3o no entorno das vias da universidade, para que professores universit\u00e1rios, funcion\u00e1rios, alunos e visitantes do campus possam ter conhecimento das esp\u00e9cies que existem no local. Outro objetivo intr\u00ednseco \u00e9 dar visualiza\u00e7\u00e3o do grupo PET Engenharias na universidade, atrav\u00e9s da identifica\u00e7\u00e3o do grupo nas placas de identifica\u00e7\u00e3o das \u00e1rvores.<\/p>\n<p><strong>Como a atividade ser\u00e1 realizada? (Metodologia):<\/strong><br \/>\nSer\u00e3o confeccionadas placas de identifica\u00e7\u00e3o de todas as esp\u00e9cies selecionadas. Est\u00e1 placa ser\u00e1 constitu\u00edda de metal e ser\u00e1 instalada na base das \u00e1rvores. Estas \u00e1rvores identificadas ser\u00e3o apresentadas para os ingressantes da universidade, durante a recep\u00e7\u00e3o dos calouros, especialmente dos cursos de Engenharia Florestal e Engenharia Ambiental, para que tenham conhecimento de algumas esp\u00e9cies florestais. Nesta apresenta\u00e7\u00e3o das esp\u00e9cies ser\u00e3o tratados os temas de din\u00e2mica das florestas e sua import\u00e2ncia. Pretendem-se com o andamento deste projeto implementar uma trilha ecol\u00f3gica para ser utilizada durante a recep\u00e7\u00e3o de col\u00e9gios e escolas que visitam o Campus.<\/p>\n<p><strong>Resultados \/ produtos esperados com a atividade: melhorias para o Curso, para a Educa\u00e7\u00e3o, para a sociedade, meios para a socializa\u00e7\u00e3o dos resultados, publica\u00e7\u00f5es, etc:<\/strong><br \/>\nEspera-se que por meio da identifica\u00e7\u00e3o das \u00e1rvores as pessoas que circulam pela universidade tenham conhecimento das esp\u00e9cies arb\u00f3reas existentes no seu entorno, conhecendo assim um pouco do ecossistema que habitam.<\/p>\n<p><strong>Qual ser\u00e1 a metodologia de avalia\u00e7\u00e3o da atividade pelo grupo:<\/strong><br \/>\nReuni\u00f5es semanais da equipe onde cada participante poder\u00e1 expor o resultado que obteve com sua a\u00e7\u00e3o e como chegou a este resultado.<\/p>\n","protected":false},"excerpt":{"rendered":"<p>Projeto: Conhecendo o ambiente em que vivemos\u00a0 Descri\u00e7\u00e3o\/Justificativa: Diariamente caminhamos pela nossa universidade e muitos fatos n\u00e3o s\u00e3o percebidos. Um exemplo ocorre ao passarmos pelas \u00e1rvores do nosso Campus, onde muitos universit\u00e1rios, funcion\u00e1rios e visitantes n\u00e3o sabem a import\u00e2ncia destas \u00e1rvores, a fauna que elas abrigam, sua utiliza\u00e7\u00e3o e at\u00e9 os riscos que podem causar, [&hellip;]<\/p>\n","protected":false},"author":202,"featured_media":0,"parent":0,"menu_order":0,"comment_status":"closed","ping_status":"closed","template":"","meta":{"_exactmetrics_skip_tracking":false,"_exactmetrics_sitenote_active":false,"_exactmetrics_sitenote_note":"","_exactmetrics_sitenote_category":0,"footnotes":"","_links_to":"","_links_to_target":""},"class_list":["post-497","page","type-page","status-publish","hentry"],"_links":{"self":[{"href":"https:\/\/www3.unicentro.br\/petengenharias\/wp-json\/wp\/v2\/pages\/497","targetHints":{"allow":["GET"]}}],"collection":[{"href":"https:\/\/www3.unicentro.br\/petengenharias\/wp-json\/wp\/v2\/pages"}],"about":[{"href":"https:\/\/www3.unicentro.br\/petengenharias\/wp-json\/wp\/v2\/types\/page"}],"author":[{"embeddable":true,"href":"https:\/\/www3.unicentro.br\/petengenharias\/wp-json\/wp\/v2\/users\/202"}],"replies":[{"embeddable":true,"href":"https:\/\/www3.unicentro.br\/petengenharias\/wp-json\/wp\/v2\/comments?post=497"}],"version-history":[{"count":0,"href":"https:\/\/www3.unicentro.br\/petengenharias\/wp-json\/wp\/v2\/pages\/497\/revisions"}],"wp:attachment":[{"href":"https:\/\/www3.unicentro.br\/petengenharias\/wp-json\/wp\/v2\/media?parent=497"}],"curies":[{"name":"wp","href":"https:\/\/api.w.org\/{rel}","templated":true}]}}