{"id":493,"date":"2020-05-27T16:22:38","date_gmt":"2020-05-27T19:22:38","guid":{"rendered":"https:\/\/www3.unicentro.br\/petengenharias\/?page_id=493"},"modified":"2020-05-27T16:22:38","modified_gmt":"2020-05-27T19:22:38","slug":"projetos-2020-2-curso-de-poda-de-erva-mate-ilex-paraguariensis","status":"publish","type":"page","link":"https:\/\/www3.unicentro.br\/petengenharias\/projetos-2020-2-curso-de-poda-de-erva-mate-ilex-paraguariensis\/","title":{"rendered":"Curso de Poda de Erva-Mate Ilex paraguariensis"},"content":{"rendered":"<p><strong>Projeto: Curso de Poda de Erva-Mate: <em>Ilex paraguariensis<\/em><\/strong><\/p>\n<p><strong>Descri\u00e7\u00e3o\/Justificativa:<\/strong><br \/>\nA erva-mate <em>Ilex paraguariensis St. Hil.<\/em> tem uma grande representatividade no setor econ\u00f4mico e social do sul do Brasil, sendo mat\u00e9ria-prima de diversos produtos, como chimarr\u00e3o, terer\u00e9, ch\u00e1-mate e outros produtos, sendo utilizada sua folha in natura, somente alternando seu modo de processamento. O manejo da erva-mate se mostra altamente importante para que se obtenha um produto final com um alto valor agregado e qualidade consider\u00e1vel, visto que sua extra\u00e7\u00e3o ainda \u00e9 totalmente manual, n\u00e3o existindo mecaniza\u00e7\u00e3o respons\u00e1vel por acelerar o processo. Visando a import\u00e2ncia desse manejo, prop\u00f5e-se um minicurso de poda de galhos de erva-mate, onde ser\u00e1<br \/>\nministrado por um instrutor de modo a dar forma\u00e7\u00e3o para acad\u00eamicos interessados no assunto.<\/p>\n<p><strong>Objetivos:<\/strong><br \/>\nO objetivo desse trabalho \u00e9 oferecer um treinamento para os acad\u00eamicos dos cursos de Engenharia Ambiental e Florestal de como se realiza a poda em ervais, pensando numa futura orienta\u00e7\u00e3o profissional e aut\u00f4noma, al\u00e9m disso, reunir os alunos com o objetivo de trocar informa\u00e7\u00f5es sobre a esp\u00e9cie e seu modo de cultivo, bem como suas utiliza\u00e7\u00f5es e per\u00edodos corretos de poda.<\/p>\n<p><strong>Como a atividade ser\u00e1 realizada? (Metodologia):<\/strong><br \/>\nSer\u00e1 convidado um instrutor para ministrar a atividade pr\u00e1tica em um plantio de erva-mate da regi\u00e3o, onde ser\u00e3o utilizados materiais simples, sendo eles: fac\u00e3o, saco de estopa ou pl\u00e1stico e tesoura de poda, entre outros materiais. O instrutor ser\u00e1 convidado por meio da Secretaria da Agricultura do munic\u00edpio de Irati &#8211; PR e poder\u00e1 fazer abordagens atuais do cen\u00e1rio da erva-mate na regi\u00e3o.<\/p>\n<p><strong>Resultados \/ produtos esperados com a atividade: melhorias para o Curso, para a Educa\u00e7\u00e3o, para a<\/strong><br \/>\n<strong>sociedade, meios para a socializa\u00e7\u00e3o dos resultados, publica\u00e7\u00f5es, etc:<\/strong><br \/>\nEspera-se que o acad\u00eamico participante adquira capacidade t\u00e9cnica para realizar ou treinar a atividade de poda em futuros profissionais.<\/p>\n<p><strong>Qual ser\u00e1 a metodologia de avalia\u00e7\u00e3o da atividade pelo grupo:<\/strong><br \/>\nReuni\u00f5es semanais da equipe, onde cada participante poder\u00e1 expor o resultado que obteve com sua a\u00e7\u00e3o e como chegou a este resultado.<\/p>\n","protected":false},"excerpt":{"rendered":"<p>Projeto: Curso de Poda de Erva-Mate: Ilex paraguariensis Descri\u00e7\u00e3o\/Justificativa: A erva-mate Ilex paraguariensis St. Hil. tem uma grande representatividade no setor econ\u00f4mico e social do sul do Brasil, sendo mat\u00e9ria-prima de diversos produtos, como chimarr\u00e3o, terer\u00e9, ch\u00e1-mate e outros produtos, sendo utilizada sua folha in natura, somente alternando seu modo de processamento. O manejo da [&hellip;]<\/p>\n","protected":false},"author":202,"featured_media":0,"parent":0,"menu_order":0,"comment_status":"closed","ping_status":"closed","template":"","meta":{"_exactmetrics_skip_tracking":false,"_exactmetrics_sitenote_active":false,"_exactmetrics_sitenote_note":"","_exactmetrics_sitenote_category":0,"footnotes":"","_links_to":"","_links_to_target":""},"class_list":["post-493","page","type-page","status-publish","hentry"],"_links":{"self":[{"href":"https:\/\/www3.unicentro.br\/petengenharias\/wp-json\/wp\/v2\/pages\/493","targetHints":{"allow":["GET"]}}],"collection":[{"href":"https:\/\/www3.unicentro.br\/petengenharias\/wp-json\/wp\/v2\/pages"}],"about":[{"href":"https:\/\/www3.unicentro.br\/petengenharias\/wp-json\/wp\/v2\/types\/page"}],"author":[{"embeddable":true,"href":"https:\/\/www3.unicentro.br\/petengenharias\/wp-json\/wp\/v2\/users\/202"}],"replies":[{"embeddable":true,"href":"https:\/\/www3.unicentro.br\/petengenharias\/wp-json\/wp\/v2\/comments?post=493"}],"version-history":[{"count":0,"href":"https:\/\/www3.unicentro.br\/petengenharias\/wp-json\/wp\/v2\/pages\/493\/revisions"}],"wp:attachment":[{"href":"https:\/\/www3.unicentro.br\/petengenharias\/wp-json\/wp\/v2\/media?parent=493"}],"curies":[{"name":"wp","href":"https:\/\/api.w.org\/{rel}","templated":true}]}}