{"id":481,"date":"2020-05-27T15:42:13","date_gmt":"2020-05-27T18:42:13","guid":{"rendered":"https:\/\/www3.unicentro.br\/petengenharias\/?page_id=481"},"modified":"2020-05-27T15:42:13","modified_gmt":"2020-05-27T18:42:13","slug":"projetos-2020-2-cidade-das-criancas-irati-pr","status":"publish","type":"page","link":"https:\/\/www3.unicentro.br\/petengenharias\/projetos-2020-2-cidade-das-criancas-irati-pr\/","title":{"rendered":"Cidade das crian\u00e7as Irati-PR"},"content":{"rendered":"<p><strong>Projeto: Integra\u00e7\u00e3o do grupo PET-Engenharias com a cidade das crian\u00e7as em Irati-PR<\/strong><\/p>\n<p><strong>Descri\u00e7\u00e3o\/Justificativa:<\/strong><br \/>\nA principal fase da vida em que se aprende o conv\u00edvio social e suas rela\u00e7\u00f5es dentro de uma sociedade \u00e9 na inf\u00e2ncia, \u00e9poca de extrema import\u00e2ncia no ensino-aprendizagem de uma crian\u00e7a. Para que essa tenha um crescimento saud\u00e1vel, tanto psicol\u00f3gico como f\u00edsico, \u00e9 necess\u00e1rio que seja lhe fornecido ferramentas para um bom conv\u00edvio. Pensando nisso, pretende-se desenvolver atividades na Cidade das Crian\u00e7as, com enfoque em educa\u00e7\u00e3o ambiental.<\/p>\n<p><strong>Objetivos:<\/strong><br \/>\nAplicar din\u00e2micas que englobem a educa\u00e7\u00e3o ambiental e preserva\u00e7\u00e3o da natureza com a crian\u00e7as que frequentam e\/ou moram na Cidade das Crian\u00e7as em IRATI-PR, assim como, proporcionar o contato delas com os acad\u00eamicos de forma que ambos possam interagir positivamente.<\/p>\n<p><strong>Como a atividade ser\u00e1 realizada? (Metodologia):<\/strong><br \/>\nAs atividades ser\u00e3o realizadas semestralmente na Cidade das Crian\u00e7as, as quais envolver\u00e3o: oficinas de reutiliza\u00e7\u00e3o de materiais, transformando-os em brinquedos, oficinas de prepara\u00e7\u00e3o de mudas e jardinagem, din\u00e2micas de grupo que envolva a intera\u00e7\u00e3o dos acad\u00eamicos com as crian\u00e7as que vivem ou participam da Cidade das Crian\u00e7as, al\u00e9m de rodas de conversa sobre preserva\u00e7\u00e3o da natureza e educa\u00e7\u00e3o ambiental.<\/p>\n<p><strong>Resultados \/ produtos esperados com a atividade: melhorias para o Curso, para a Educa\u00e7\u00e3o, para a <\/strong><strong>sociedade, meios para a socializa\u00e7\u00e3o dos resultados, publica\u00e7\u00f5es, etc:<\/strong><br \/>\nEspera-se que as atividades propostas possam influenciar positivamente as crian\u00e7as a terem atitudes mais sustent\u00e1veis, conscientizar as crian\u00e7as sobre a import\u00e2ncia de preservar a natureza, aprimorar seu comportamento em grupo, facilitando a comunica\u00e7\u00e3o e intera\u00e7\u00e3o delas com outras pessoas das quais n\u00e3o est\u00e3o habituadas. Espera-se que os acad\u00eamicos vivenciem os pequenos gestos de apoio e carinho com o semelhante e possam crescer emocionalmente com tais atividades.<\/p>\n<p><strong>Qual ser\u00e1 a metodologia de avalia\u00e7\u00e3o da atividade pelo grupo:<\/strong><br \/>\nOs petianos far\u00e3o relatos das atividades nas reuni\u00f5es para que seja feita a an\u00e1lise dos conte\u00fados abordados e se as metas foram atingidas.<\/p>\n","protected":false},"excerpt":{"rendered":"<p>Projeto: Integra\u00e7\u00e3o do grupo PET-Engenharias com a cidade das crian\u00e7as em Irati-PR Descri\u00e7\u00e3o\/Justificativa: A principal fase da vida em que se aprende o conv\u00edvio social e suas rela\u00e7\u00f5es dentro de uma sociedade \u00e9 na inf\u00e2ncia, \u00e9poca de extrema import\u00e2ncia no ensino-aprendizagem de uma crian\u00e7a. Para que essa tenha um crescimento saud\u00e1vel, tanto psicol\u00f3gico como f\u00edsico, [&hellip;]<\/p>\n","protected":false},"author":202,"featured_media":0,"parent":0,"menu_order":0,"comment_status":"closed","ping_status":"closed","template":"","meta":{"_exactmetrics_skip_tracking":false,"_exactmetrics_sitenote_active":false,"_exactmetrics_sitenote_note":"","_exactmetrics_sitenote_category":0,"footnotes":"","_links_to":"","_links_to_target":""},"class_list":["post-481","page","type-page","status-publish","hentry"],"_links":{"self":[{"href":"https:\/\/www3.unicentro.br\/petengenharias\/wp-json\/wp\/v2\/pages\/481","targetHints":{"allow":["GET"]}}],"collection":[{"href":"https:\/\/www3.unicentro.br\/petengenharias\/wp-json\/wp\/v2\/pages"}],"about":[{"href":"https:\/\/www3.unicentro.br\/petengenharias\/wp-json\/wp\/v2\/types\/page"}],"author":[{"embeddable":true,"href":"https:\/\/www3.unicentro.br\/petengenharias\/wp-json\/wp\/v2\/users\/202"}],"replies":[{"embeddable":true,"href":"https:\/\/www3.unicentro.br\/petengenharias\/wp-json\/wp\/v2\/comments?post=481"}],"version-history":[{"count":0,"href":"https:\/\/www3.unicentro.br\/petengenharias\/wp-json\/wp\/v2\/pages\/481\/revisions"}],"wp:attachment":[{"href":"https:\/\/www3.unicentro.br\/petengenharias\/wp-json\/wp\/v2\/media?parent=481"}],"curies":[{"name":"wp","href":"https:\/\/api.w.org\/{rel}","templated":true}]}}