{"id":478,"date":"2020-05-27T15:35:48","date_gmt":"2020-05-27T18:35:48","guid":{"rendered":"https:\/\/www3.unicentro.br\/petengenharias\/?page_id=478"},"modified":"2020-05-27T15:35:48","modified_gmt":"2020-05-27T18:35:48","slug":"projetos-2020-2-sou-universitario-e-agora","status":"publish","type":"page","link":"https:\/\/www3.unicentro.br\/petengenharias\/projetos-2020-2-sou-universitario-e-agora\/","title":{"rendered":"Sou universit\u00e1rio e agora?"},"content":{"rendered":"<p><strong>Projeto: Sou universit\u00e1rio e agora?<\/strong><\/p>\n<p><strong>Descri\u00e7\u00e3o\/Justificativa:<\/strong><br \/>\nA integra\u00e7\u00e3o acad\u00eamica e social entre os alunos das institui\u00e7\u00f5es de ensino superior \u00e9 um dos fatores que influenciam diretamente na perman\u00eancia e adapta\u00e7\u00e3o dos ingressantes na universidade. Projetos que tem como objetivo o aux\u00edlio a esses novos acad\u00eamicos destacam-se devido \u00e0 import\u00e2ncia da mitiga\u00e7\u00e3o das evas\u00f5es nas IES (Institui\u00e7\u00f5es de Ensino Superior), que tem raz\u00f5es distintas, econ\u00f4micas, sociais e institucionais.<\/p>\n<p><strong>Objetivos:<\/strong><br \/>\nO projeto tem como finalidade promover uma interatividade dos acad\u00eamicos com o campus e sua comunidade, al\u00e9m de motivar o discente pela profiss\u00e3o escolhida e sua responsabilidade social.<\/p>\n<p><strong>Como a atividade ser\u00e1 realizada? (Metodologia):<\/strong><br \/>\nRealiza\u00e7\u00e3o de tr\u00eas encontros; no in\u00edcio do ano letivo, uma data intermediaria e ao final do segundo semestre tendo como foco principal: promo\u00e7\u00e3o de rodas de conversas tem\u00e1ticas, din\u00e2micas de grupo, aplica\u00e7\u00e3o de question\u00e1rios did\u00e1ticos.<\/p>\n<p><strong>Resultados \/ produtos esperados com a atividade: melhorias para o Curso, para a Educa\u00e7\u00e3o, para a <\/strong><strong>sociedade, meios para a socializa\u00e7\u00e3o dos resultados, publica\u00e7\u00f5es, etc:\u00a0 \u00a0 \u00a0 \u00a0 \u00a0 \u00a0 \u00a0 \u00a0 \u00a0 \u00a0 \u00a0 \u00a0 \u00a0 \u00a0 \u00a0 \u00a0 \u00a0 \u00a0 \u00a0 \u00a0 \u00a0 \u00a0 \u00a0 \u00a0 \u00a0 \u00a0 \u00a0 \u00a0 \u00a0 \u00a0 \u00a0 \u00a0 \u00a0 \u00a0 \u00a0 \u00a0 \u00a0 \u00a0 \u00a0 \u00a0 \u00a0 \u00a0 \u00a0 \u00a0 \u00a0 \u00a0 \u00a0 \u00a0 \u00a0 \u00a0 \u00a0 \u00a0 \u00a0 \u00a0 \u00a0 \u00a0 \u00a0 \u00a0 \u00a0 \u00a0 \u00a0 \u00a0 \u00a0 \u00a0 \u00a0 \u00a0 \u00a0 \u00a0 \u00a0 \u00a0 <\/strong>Maior interatividade entre os acad\u00eamicos promovendo assim um melhor aproveitamento das atividades realizadas no campus, tendo impacto na diminui\u00e7\u00e3o das taxas de evas\u00e3o e reten\u00e7\u00e3o.<\/p>\n<p><strong>Qual ser\u00e1 a metodologia de avalia\u00e7\u00e3o da atividade pelo grupo:<\/strong><br \/>\nReuni\u00f5es semanais da equipe, onde cada participante poder\u00e1 expor o resultado que obteve com sua a\u00e7\u00e3o e como chegou a este resultado.<\/p>\n","protected":false},"excerpt":{"rendered":"<p>Projeto: Sou universit\u00e1rio e agora? Descri\u00e7\u00e3o\/Justificativa: A integra\u00e7\u00e3o acad\u00eamica e social entre os alunos das institui\u00e7\u00f5es de ensino superior \u00e9 um dos fatores que influenciam diretamente na perman\u00eancia e adapta\u00e7\u00e3o dos ingressantes na universidade. Projetos que tem como objetivo o aux\u00edlio a esses novos acad\u00eamicos destacam-se devido \u00e0 import\u00e2ncia da mitiga\u00e7\u00e3o das evas\u00f5es nas IES [&hellip;]<\/p>\n","protected":false},"author":202,"featured_media":0,"parent":0,"menu_order":0,"comment_status":"closed","ping_status":"closed","template":"","meta":{"_exactmetrics_skip_tracking":false,"_exactmetrics_sitenote_active":false,"_exactmetrics_sitenote_note":"","_exactmetrics_sitenote_category":0,"footnotes":"","_links_to":"","_links_to_target":""},"class_list":["post-478","page","type-page","status-publish","hentry"],"_links":{"self":[{"href":"https:\/\/www3.unicentro.br\/petengenharias\/wp-json\/wp\/v2\/pages\/478","targetHints":{"allow":["GET"]}}],"collection":[{"href":"https:\/\/www3.unicentro.br\/petengenharias\/wp-json\/wp\/v2\/pages"}],"about":[{"href":"https:\/\/www3.unicentro.br\/petengenharias\/wp-json\/wp\/v2\/types\/page"}],"author":[{"embeddable":true,"href":"https:\/\/www3.unicentro.br\/petengenharias\/wp-json\/wp\/v2\/users\/202"}],"replies":[{"embeddable":true,"href":"https:\/\/www3.unicentro.br\/petengenharias\/wp-json\/wp\/v2\/comments?post=478"}],"version-history":[{"count":0,"href":"https:\/\/www3.unicentro.br\/petengenharias\/wp-json\/wp\/v2\/pages\/478\/revisions"}],"wp:attachment":[{"href":"https:\/\/www3.unicentro.br\/petengenharias\/wp-json\/wp\/v2\/media?parent=478"}],"curies":[{"name":"wp","href":"https:\/\/api.w.org\/{rel}","templated":true}]}}