{"id":438,"date":"2020-05-14T03:45:34","date_gmt":"2020-05-14T06:45:34","guid":{"rendered":"https:\/\/www3.unicentro.br\/petengenharias\/?page_id=438"},"modified":"2020-05-14T03:45:34","modified_gmt":"2020-05-14T06:45:34","slug":"projetos-2019-2-visita-ambev","status":"publish","type":"page","link":"https:\/\/www3.unicentro.br\/petengenharias\/projetos-2019-2-visita-ambev\/","title":{"rendered":"Visita AMBEV"},"content":{"rendered":"<ul>\n<li><strong>Visita AMBEV<\/strong><\/li>\n<\/ul>\n<p>No dia 26 de abril o grupo PET &#8211; Engenharias realizou uma visita t\u00e9cnica para a AmBev &#8211; Cervejaria Adri\u00e1tica em Ponta Grossa. A visita contou com a participa\u00e7\u00e3o de 28 alunos, do primeiro ao quinto ano do curso de Engenharia Ambiental. Os alunos puderam conhecer a hist\u00f3ria da cervejaria, seu processo produtivo e as esta\u00e7\u00f5es de tratamento de \u00e1gua e efluentes industriais, al\u00e9m de degustar a cerveja produzida na unidade.<\/p>\n","protected":false},"excerpt":{"rendered":"<p>Visita AMBEV No dia 26 de abril o grupo PET &#8211; Engenharias realizou uma visita t\u00e9cnica para a AmBev &#8211; Cervejaria Adri\u00e1tica em Ponta Grossa. A visita contou com a participa\u00e7\u00e3o de 28 alunos, do primeiro ao quinto ano do curso de Engenharia Ambiental. Os alunos puderam conhecer a hist\u00f3ria da cervejaria, seu processo produtivo [&hellip;]<\/p>\n","protected":false},"author":202,"featured_media":0,"parent":0,"menu_order":0,"comment_status":"closed","ping_status":"closed","template":"","meta":{"_exactmetrics_skip_tracking":false,"_exactmetrics_sitenote_active":false,"_exactmetrics_sitenote_note":"","_exactmetrics_sitenote_category":0,"footnotes":"","_links_to":"","_links_to_target":""},"class_list":["post-438","page","type-page","status-publish","hentry"],"_links":{"self":[{"href":"https:\/\/www3.unicentro.br\/petengenharias\/wp-json\/wp\/v2\/pages\/438","targetHints":{"allow":["GET"]}}],"collection":[{"href":"https:\/\/www3.unicentro.br\/petengenharias\/wp-json\/wp\/v2\/pages"}],"about":[{"href":"https:\/\/www3.unicentro.br\/petengenharias\/wp-json\/wp\/v2\/types\/page"}],"author":[{"embeddable":true,"href":"https:\/\/www3.unicentro.br\/petengenharias\/wp-json\/wp\/v2\/users\/202"}],"replies":[{"embeddable":true,"href":"https:\/\/www3.unicentro.br\/petengenharias\/wp-json\/wp\/v2\/comments?post=438"}],"version-history":[{"count":0,"href":"https:\/\/www3.unicentro.br\/petengenharias\/wp-json\/wp\/v2\/pages\/438\/revisions"}],"wp:attachment":[{"href":"https:\/\/www3.unicentro.br\/petengenharias\/wp-json\/wp\/v2\/media?parent=438"}],"curies":[{"name":"wp","href":"https:\/\/api.w.org\/{rel}","templated":true}]}}