{"id":433,"date":"2020-05-14T03:42:33","date_gmt":"2020-05-14T06:42:33","guid":{"rendered":"https:\/\/www3.unicentro.br\/petengenharias\/?page_id=433"},"modified":"2020-05-14T03:42:33","modified_gmt":"2020-05-14T06:42:33","slug":"projetos-2019-2-conhecendo-o-ambiente-identificacao-de-arvores","status":"publish","type":"page","link":"https:\/\/www3.unicentro.br\/petengenharias\/projetos-2019-2-conhecendo-o-ambiente-identificacao-de-arvores\/","title":{"rendered":"Conhecendo o ambiente- Identifica\u00e7\u00e3o de \u00e1rvores"},"content":{"rendered":"<p><strong>Petiano participante: <\/strong>Pedro Francisco da Silva Junior<\/p>\n<p>Foram levantadas 15 \u00e1rvores no campus dispostas nas vias de circula\u00e7\u00e3o dos estudantes e visitantes, sendo desde a portaria, entrada do bloco principal e dos demais blocos. Foram confeccionadas 15 placas de identifica\u00e7\u00e3o de \u00e1rvores, contendo o nome comum e nome cient\u00edfico da esp\u00e9cie, fam\u00edlia, per\u00edodo de flora\u00e7\u00e3o e frutifica\u00e7\u00e3o, altura m\u00e9dia que pode atingir, forma de poliniza\u00e7\u00e3o, utilidade da esp\u00e9cie, curiosidades, uso da madeira e caracteriza\u00e7\u00e3o de nativa ou n\u00e3o nativa.<\/p>\n<p>O projeto ter\u00e1 continuidade em 2020, realizando caminhadas com os calouros de florestal e poss\u00edveis visitantes para mostrar tais esp\u00e9cies e a confec\u00e7\u00e3o de mais placas.<\/p>\n","protected":false},"excerpt":{"rendered":"<p>Petiano participante: Pedro Francisco da Silva Junior Foram levantadas 15 \u00e1rvores no campus dispostas nas vias de circula\u00e7\u00e3o dos estudantes e visitantes, sendo desde a portaria, entrada do bloco principal e dos demais blocos. Foram confeccionadas 15 placas de identifica\u00e7\u00e3o de \u00e1rvores, contendo o nome comum e nome cient\u00edfico da esp\u00e9cie, fam\u00edlia, per\u00edodo de flora\u00e7\u00e3o [&hellip;]<\/p>\n","protected":false},"author":202,"featured_media":0,"parent":0,"menu_order":0,"comment_status":"closed","ping_status":"closed","template":"","meta":{"_exactmetrics_skip_tracking":false,"_exactmetrics_sitenote_active":false,"_exactmetrics_sitenote_note":"","_exactmetrics_sitenote_category":0,"footnotes":"","_links_to":"","_links_to_target":""},"class_list":["post-433","page","type-page","status-publish","hentry"],"_links":{"self":[{"href":"https:\/\/www3.unicentro.br\/petengenharias\/wp-json\/wp\/v2\/pages\/433","targetHints":{"allow":["GET"]}}],"collection":[{"href":"https:\/\/www3.unicentro.br\/petengenharias\/wp-json\/wp\/v2\/pages"}],"about":[{"href":"https:\/\/www3.unicentro.br\/petengenharias\/wp-json\/wp\/v2\/types\/page"}],"author":[{"embeddable":true,"href":"https:\/\/www3.unicentro.br\/petengenharias\/wp-json\/wp\/v2\/users\/202"}],"replies":[{"embeddable":true,"href":"https:\/\/www3.unicentro.br\/petengenharias\/wp-json\/wp\/v2\/comments?post=433"}],"version-history":[{"count":0,"href":"https:\/\/www3.unicentro.br\/petengenharias\/wp-json\/wp\/v2\/pages\/433\/revisions"}],"wp:attachment":[{"href":"https:\/\/www3.unicentro.br\/petengenharias\/wp-json\/wp\/v2\/media?parent=433"}],"curies":[{"name":"wp","href":"https:\/\/api.w.org\/{rel}","templated":true}]}}