{"id":431,"date":"2020-05-14T03:41:38","date_gmt":"2020-05-14T06:41:38","guid":{"rendered":"https:\/\/www3.unicentro.br\/petengenharias\/?page_id=431"},"modified":"2020-05-14T03:41:38","modified_gmt":"2020-05-14T06:41:38","slug":"projetos-2019-2-campanha-de-coleta-de-eletroeletronicos","status":"publish","type":"page","link":"https:\/\/www3.unicentro.br\/petengenharias\/projetos-2019-2-campanha-de-coleta-de-eletroeletronicos\/","title":{"rendered":"Campanha de coleta de eletroeletr\u00f4nicos"},"content":{"rendered":"<p><strong>Petiana participante: <\/strong>Damires Popoaski Figurski<\/p>\n<p>Do dia 28 de outubro a 01 de novembro de 2019 foi instalado nas depend\u00eancias da UNICENTRO um coletor para res\u00edduos eletroeletr\u00f4nicos, ficando dispon\u00edvel para os acad\u00eamicos e comunidade em geral para a disposi\u00e7\u00e3o de equipamentos tais como: celulares, carregadores, impressoras, computadores, perif\u00e9ricos e eletrodom\u00e9sticos.<\/p>\n<p>A campanha teve boa ades\u00e3o e conseguiu evitar o descarte incorreto de res\u00edduos considerados perigosos, sendo os mesmos encaminhados para empresa parceira de coleta e destina\u00e7\u00e3o final de res\u00edduos Classe 1.<\/p>\n","protected":false},"excerpt":{"rendered":"<p>Petiana participante: Damires Popoaski Figurski Do dia 28 de outubro a 01 de novembro de 2019 foi instalado nas depend\u00eancias da UNICENTRO um coletor para res\u00edduos eletroeletr\u00f4nicos, ficando dispon\u00edvel para os acad\u00eamicos e comunidade em geral para a disposi\u00e7\u00e3o de equipamentos tais como: celulares, carregadores, impressoras, computadores, perif\u00e9ricos e eletrodom\u00e9sticos. A campanha teve boa ades\u00e3o [&hellip;]<\/p>\n","protected":false},"author":202,"featured_media":0,"parent":0,"menu_order":0,"comment_status":"closed","ping_status":"closed","template":"","meta":{"_exactmetrics_skip_tracking":false,"_exactmetrics_sitenote_active":false,"_exactmetrics_sitenote_note":"","_exactmetrics_sitenote_category":0,"footnotes":"","_links_to":"","_links_to_target":""},"class_list":["post-431","page","type-page","status-publish","hentry"],"_links":{"self":[{"href":"https:\/\/www3.unicentro.br\/petengenharias\/wp-json\/wp\/v2\/pages\/431","targetHints":{"allow":["GET"]}}],"collection":[{"href":"https:\/\/www3.unicentro.br\/petengenharias\/wp-json\/wp\/v2\/pages"}],"about":[{"href":"https:\/\/www3.unicentro.br\/petengenharias\/wp-json\/wp\/v2\/types\/page"}],"author":[{"embeddable":true,"href":"https:\/\/www3.unicentro.br\/petengenharias\/wp-json\/wp\/v2\/users\/202"}],"replies":[{"embeddable":true,"href":"https:\/\/www3.unicentro.br\/petengenharias\/wp-json\/wp\/v2\/comments?post=431"}],"version-history":[{"count":0,"href":"https:\/\/www3.unicentro.br\/petengenharias\/wp-json\/wp\/v2\/pages\/431\/revisions"}],"wp:attachment":[{"href":"https:\/\/www3.unicentro.br\/petengenharias\/wp-json\/wp\/v2\/media?parent=431"}],"curies":[{"name":"wp","href":"https:\/\/api.w.org\/{rel}","templated":true}]}}