{"id":428,"date":"2020-05-14T03:40:58","date_gmt":"2020-05-14T06:40:58","guid":{"rendered":"https:\/\/www3.unicentro.br\/petengenharias\/?page_id=428"},"modified":"2020-05-14T03:43:31","modified_gmt":"2020-05-14T06:43:31","slug":"projetos-2019-2-campanha-contra-descartaveis","status":"publish","type":"page","link":"https:\/\/www3.unicentro.br\/petengenharias\/projetos-2019-2-campanha-contra-descartaveis\/","title":{"rendered":"Campanha contra descart\u00e1veis"},"content":{"rendered":"<p><strong>Petianos participantes:<\/strong> Elias Eduardo Bacil, Damires Popoaski Figurski<\/p>\n<p>A fim de verificar os padr\u00f5es de consumo dos acad\u00eamicos da Unicentro, campus Irati, realizou-se a contagem de copos utilizados durante uma semana no Restaurante universit\u00e1rio e lanchonete, chegando em um total de 1145. Com tal atividade, foi poss\u00edvel realizar uma exposi\u00e7\u00e3o dos mesmos visando impactar os alunos e um concurso que teve como objetivo adivinhar quantos copos haviam sido utilizados nos estabelecimentos do campus.<\/p>\n<p>O concurso foi postado no Facebook da Unicentro, campus Irati e contou com 128 participa\u00e7\u00f5es, tendo um alcance de 7885 pessoas e um engajamento de 1396. Notou-se uma boa participa\u00e7\u00e3o por parte dos acad\u00eamicos.<\/p>\n<p>Embora tenha sido observado grande curiosidade e aceita\u00e7\u00e3o dos alunos pelo concurso e pelos copos expostos, n\u00e3o verificou-se um engajamento quanto a utiliza\u00e7\u00e3o de recipientes reutiliz\u00e1veis na Universidade, necessitando assim, de novas atividades e interven\u00e7\u00f5es visando uma maior efetividade da campanha.<\/p>\n","protected":false},"excerpt":{"rendered":"<p>Petianos participantes: Elias Eduardo Bacil, Damires Popoaski Figurski A fim de verificar os padr\u00f5es de consumo dos acad\u00eamicos da Unicentro, campus Irati, realizou-se a contagem de copos utilizados durante uma semana no Restaurante universit\u00e1rio e lanchonete, chegando em um total de 1145. Com tal atividade, foi poss\u00edvel realizar uma exposi\u00e7\u00e3o dos mesmos visando impactar os [&hellip;]<\/p>\n","protected":false},"author":202,"featured_media":0,"parent":0,"menu_order":0,"comment_status":"closed","ping_status":"closed","template":"","meta":{"_exactmetrics_skip_tracking":false,"_exactmetrics_sitenote_active":false,"_exactmetrics_sitenote_note":"","_exactmetrics_sitenote_category":0,"footnotes":"","_links_to":"","_links_to_target":""},"class_list":["post-428","page","type-page","status-publish","hentry"],"_links":{"self":[{"href":"https:\/\/www3.unicentro.br\/petengenharias\/wp-json\/wp\/v2\/pages\/428","targetHints":{"allow":["GET"]}}],"collection":[{"href":"https:\/\/www3.unicentro.br\/petengenharias\/wp-json\/wp\/v2\/pages"}],"about":[{"href":"https:\/\/www3.unicentro.br\/petengenharias\/wp-json\/wp\/v2\/types\/page"}],"author":[{"embeddable":true,"href":"https:\/\/www3.unicentro.br\/petengenharias\/wp-json\/wp\/v2\/users\/202"}],"replies":[{"embeddable":true,"href":"https:\/\/www3.unicentro.br\/petengenharias\/wp-json\/wp\/v2\/comments?post=428"}],"version-history":[{"count":0,"href":"https:\/\/www3.unicentro.br\/petengenharias\/wp-json\/wp\/v2\/pages\/428\/revisions"}],"wp:attachment":[{"href":"https:\/\/www3.unicentro.br\/petengenharias\/wp-json\/wp\/v2\/media?parent=428"}],"curies":[{"name":"wp","href":"https:\/\/api.w.org\/{rel}","templated":true}]}}