{"id":424,"date":"2020-05-14T03:31:45","date_gmt":"2020-05-14T06:31:45","guid":{"rendered":"https:\/\/www3.unicentro.br\/petengenharias\/?page_id=424"},"modified":"2020-05-14T03:31:45","modified_gmt":"2020-05-14T06:31:45","slug":"projetos-2019-2-estudo-comparativo-compostagem-e-vermicompostagem","status":"publish","type":"page","link":"https:\/\/www3.unicentro.br\/petengenharias\/projetos-2019-2-estudo-comparativo-compostagem-e-vermicompostagem\/","title":{"rendered":"Estudo comparativo compostagem e vermicompostagem"},"content":{"rendered":"<ul>\n<li><strong>Estudo comparativo do uso da compostagem e vermicompostagem para biodegrada\u00e7\u00e3o da borra de \u00f3leos e gorduras residuais da fabrica\u00e7\u00e3o de sab\u00e3o<\/strong><\/li>\n<\/ul>\n<p><strong>Petianos participantes:<\/strong> Maiza Barcia e Yankha Van Tienen<\/p>\n<p>&nbsp;<\/p>\n<p>Devido a problem\u00e1tico do descarte inadequado de borras de \u00d3leos e Gorduras Residuais (OGR), o presente projeto analisou a t\u00e9cnica de compostagem e vermicompostagem como alternativa para o descarte correto deste res\u00edduo.<\/p>\n<p>Os experimentos foram conduzidos na Universidade Estadual do Centro-Oeste (Unicentro), <em>campus<\/em> Irati em duas composteiras dom\u00e9sticas; ambas foram preenchidas com materiais secos, esterco bovino e borra de OGR. Em uma composteira foi realizada a compostagem, enquanto na outra houve a pr\u00e9-compostagem seguida da vermicompostagem. As an\u00e1lises f\u00edsico-qu\u00edmicas definidas como par\u00e2metro de controle e as caracter\u00edsticas do composto inicial e final s\u00e3o apresentados na Tabela 1.<\/p>\n<p><strong>Tabela 1.<\/strong> Valores m\u00e9dios dos par\u00e2metros mat\u00e9ria org\u00e2nica (MO), \u00f3leos e graxas (O&amp;G), pH, temperatura (TEMP) e umidade (U) para o primeiro e \u00faltimo dia de monitoramento.<\/p>\n<table width=\"100%\">\n<tbody>\n<tr>\n<td rowspan=\"2\" width=\"20%\"><strong>Par\u00e2metro<\/strong><\/td>\n<td colspan=\"2\" width=\"40%\"><strong>Compostagem<\/strong><\/td>\n<td colspan=\"2\" width=\"40%\"><strong>Vermicompostagem<\/strong><\/td>\n<\/tr>\n<tr>\n<td width=\"20%\">1\u00aa dia<\/td>\n<td width=\"20%\">83\u00aa dia<\/td>\n<td width=\"20%\">1\u00aa dia<\/td>\n<td width=\"20%\">83\u00aa dia<\/td>\n<\/tr>\n<tr>\n<td width=\"20%\">MO (%)<\/td>\n<td width=\"20%\">55,12<\/td>\n<td width=\"20%\">38,31<\/td>\n<td width=\"20%\">63,69<\/td>\n<td width=\"20%\">26,38<\/td>\n<\/tr>\n<tr>\n<td width=\"20%\">O&amp;G (mg\/L em 30 g\/L de amostra)<\/td>\n<td width=\"20%\">155,6<\/td>\n<td width=\"20%\">31,6<\/td>\n<td width=\"20%\">145,6<\/td>\n<td width=\"20%\">24,8<\/td>\n<\/tr>\n<tr>\n<td width=\"20%\">pH<\/td>\n<td width=\"20%\">5,64<\/td>\n<td width=\"20%\">6,57<\/td>\n<td width=\"20%\">5,66<\/td>\n<td width=\"20%\">6,31<\/td>\n<\/tr>\n<tr>\n<td width=\"20%\">TEMP (\u00baC)<\/td>\n<td width=\"20%\">21<\/td>\n<td width=\"20%\">14<\/td>\n<td width=\"20%\">22<\/td>\n<td width=\"20%\">13<\/td>\n<\/tr>\n<tr>\n<td width=\"20%\">U (%)<\/td>\n<td width=\"20%\">51,83<\/td>\n<td width=\"20%\">49,11<\/td>\n<td width=\"20%\">57,1<\/td>\n<td width=\"20%\">49,83<\/td>\n<\/tr>\n<\/tbody>\n<\/table>\n<p>&nbsp;<\/p>\n<p>Atrav\u00e9s da Tabela 1, verifica-se que a vermicompostagem foi mais eficiente para degrada\u00e7\u00e3o da mat\u00e9ria org\u00e2nica e a borra de OGR, tal fato, est\u00e1 associado a presen\u00e7a das minhocas Californianas aceleram o processo de decomposi\u00e7\u00e3o.<\/p>\n","protected":false},"excerpt":{"rendered":"<p>Estudo comparativo do uso da compostagem e vermicompostagem para biodegrada\u00e7\u00e3o da borra de \u00f3leos e gorduras residuais da fabrica\u00e7\u00e3o de sab\u00e3o Petianos participantes: Maiza Barcia e Yankha Van Tienen &nbsp; Devido a problem\u00e1tico do descarte inadequado de borras de \u00d3leos e Gorduras Residuais (OGR), o presente projeto analisou a t\u00e9cnica de compostagem e vermicompostagem como [&hellip;]<\/p>\n","protected":false},"author":202,"featured_media":0,"parent":0,"menu_order":0,"comment_status":"closed","ping_status":"closed","template":"","meta":{"_exactmetrics_skip_tracking":false,"_exactmetrics_sitenote_active":false,"_exactmetrics_sitenote_note":"","_exactmetrics_sitenote_category":0,"footnotes":"","_links_to":"","_links_to_target":""},"class_list":["post-424","page","type-page","status-publish","hentry"],"_links":{"self":[{"href":"https:\/\/www3.unicentro.br\/petengenharias\/wp-json\/wp\/v2\/pages\/424","targetHints":{"allow":["GET"]}}],"collection":[{"href":"https:\/\/www3.unicentro.br\/petengenharias\/wp-json\/wp\/v2\/pages"}],"about":[{"href":"https:\/\/www3.unicentro.br\/petengenharias\/wp-json\/wp\/v2\/types\/page"}],"author":[{"embeddable":true,"href":"https:\/\/www3.unicentro.br\/petengenharias\/wp-json\/wp\/v2\/users\/202"}],"replies":[{"embeddable":true,"href":"https:\/\/www3.unicentro.br\/petengenharias\/wp-json\/wp\/v2\/comments?post=424"}],"version-history":[{"count":0,"href":"https:\/\/www3.unicentro.br\/petengenharias\/wp-json\/wp\/v2\/pages\/424\/revisions"}],"wp:attachment":[{"href":"https:\/\/www3.unicentro.br\/petengenharias\/wp-json\/wp\/v2\/media?parent=424"}],"curies":[{"name":"wp","href":"https:\/\/api.w.org\/{rel}","templated":true}]}}