{"id":420,"date":"2020-05-14T03:28:29","date_gmt":"2020-05-14T06:28:29","guid":{"rendered":"https:\/\/www3.unicentro.br\/petengenharias\/?page_id=420"},"modified":"2020-05-14T03:28:29","modified_gmt":"2020-05-14T06:28:29","slug":"projetos-2019-2-educacao-ambiental-cta","status":"publish","type":"page","link":"https:\/\/www3.unicentro.br\/petengenharias\/projetos-2019-2-educacao-ambiental-cta\/","title":{"rendered":"Educa\u00e7\u00e3o ambiental- CTA"},"content":{"rendered":"<ul>\n<li><strong>Educa\u00e7\u00e3o Ambiental \u2013 CTA (Primeiro Encontro)<\/strong><\/li>\n<\/ul>\n<p><strong>Petianos participantes<\/strong>: Juliana Schulomei e Tamires Zarpelon<\/p>\n<p>No quinto dia do m\u00eas de abril, o grupo PET \u2013 Engenharias realizou uma palestra sobre Educa\u00e7\u00e3o Ambiental para crian\u00e7as de 9 a 12 anos no CTA \u2013 Centro de Treinamento de Adolescentes, no mun\u00edcipio de Rebou\u00e7as \u2013 PR. A palestra foi ministrada pelas petianas Tamires Zarpelon e Juliana V. Schulomei, contando com 24 crian\u00e7as no per\u00edodo da manh\u00e3 e 12 no per\u00edodo da tarde. A atividade dividiu-se em uma palestra exposicional sobre meio ambiente e uma din\u00e2mica sobre res\u00edduos s\u00f3lidos.<\/p>\n<ul>\n<li><strong>Educa\u00e7\u00e3o Ambiental \u2013 CTA (Segundo Encontro)<\/strong><\/li>\n<\/ul>\n<p><strong>Petianos participantes: <\/strong>Juliana Schulomei, Mateus Lopata, Ot\u00e1vio Vicakas, Tamires Zarpelon, e Vict\u00f3ria Scremin.<\/p>\n<p><strong>\u00a0\u00a0\u00a0\u00a0\u00a0\u00a0\u00a0\u00a0\u00a0 <\/strong>No dia 08 de junho, o grupo PET \u2013 Engenharias realizou uma atividade sobre Educa\u00e7\u00e3o Ambiental para cerca de 40 crian\u00e7as de 5 a 12 anos, no CTA \u2013 Centro de Treinamento de Adolescentes no mun\u00edcipio de Rebou\u00e7as \u2013 PR. A a\u00e7\u00e3o foi dividida em um breve teatro sobre res\u00edduos s\u00f3lidos e uma oficina de produ\u00e7\u00e3o de brinquedos com garrafas PET. A atividade contou com a participa\u00e7\u00e3o dos petianos Ot\u00e1vio Vicakas, Tamires Zarpelon, Juliana Schulomei, Mateus Lopata e Vict\u00f3ria Scremin.<\/p>\n<ul>\n<li><strong>Produ\u00e7\u00e3o de mudas \u2013 CTA (Terceiro Encontro)<\/strong><\/li>\n<\/ul>\n<p>As petianas Carolina e Ana Karoline foram at\u00e9 o Centro de Treinamento para Adolescente (CTA) no munic\u00edpio de Rebou\u00e7as \u2013 PR, na data de 23 de setembro de 2019 para a realiza\u00e7\u00e3o da atividade de produ\u00e7\u00e3o de mudas com os alunos do local. a atividade contou com 26 crian\u00e7as com idade entre 5 e 7 anos. Foram 2 horas para a pratica, utilizou-se de materiais e estrutura cedidos pelo centro. Foi de \u00f3timo proveito, al\u00e9m de proporcionar aprendizado tanto para as crian\u00e7as, quanto para as petianas<\/p>\n<ul>\n<li><strong>Compostagem \u2013 CTA (Quarto Encontro)<\/strong><\/li>\n<\/ul>\n<p>A petiana Carolina realizou atividade pr\u00e1tica de compostagem com os alunos do Centro de Treinamento para Adolescentes (CTA), no dia 13 de novembro. Realizou-se na \u00e1rea do viveiro, onde j\u00e1 se tem estrutura para a instala\u00e7\u00e3o da composteira. 7 alunos participaram da atividade, al\u00e9m de dois professores presentes. A atividade foi proveitosa e proporcionou oportunidade para a realiza\u00e7\u00e3o de outras atividades relacionadas ao Grupo PET, o qual os professores ficaram muito interessados.<\/p>\n","protected":false},"excerpt":{"rendered":"<p>Educa\u00e7\u00e3o Ambiental \u2013 CTA (Primeiro Encontro) Petianos participantes: Juliana Schulomei e Tamires Zarpelon No quinto dia do m\u00eas de abril, o grupo PET \u2013 Engenharias realizou uma palestra sobre Educa\u00e7\u00e3o Ambiental para crian\u00e7as de 9 a 12 anos no CTA \u2013 Centro de Treinamento de Adolescentes, no mun\u00edcipio de Rebou\u00e7as \u2013 PR. A palestra foi [&hellip;]<\/p>\n","protected":false},"author":202,"featured_media":0,"parent":0,"menu_order":0,"comment_status":"closed","ping_status":"closed","template":"","meta":{"_exactmetrics_skip_tracking":false,"_exactmetrics_sitenote_active":false,"_exactmetrics_sitenote_note":"","_exactmetrics_sitenote_category":0,"footnotes":"","_links_to":"","_links_to_target":""},"class_list":["post-420","page","type-page","status-publish","hentry"],"_links":{"self":[{"href":"https:\/\/www3.unicentro.br\/petengenharias\/wp-json\/wp\/v2\/pages\/420","targetHints":{"allow":["GET"]}}],"collection":[{"href":"https:\/\/www3.unicentro.br\/petengenharias\/wp-json\/wp\/v2\/pages"}],"about":[{"href":"https:\/\/www3.unicentro.br\/petengenharias\/wp-json\/wp\/v2\/types\/page"}],"author":[{"embeddable":true,"href":"https:\/\/www3.unicentro.br\/petengenharias\/wp-json\/wp\/v2\/users\/202"}],"replies":[{"embeddable":true,"href":"https:\/\/www3.unicentro.br\/petengenharias\/wp-json\/wp\/v2\/comments?post=420"}],"version-history":[{"count":0,"href":"https:\/\/www3.unicentro.br\/petengenharias\/wp-json\/wp\/v2\/pages\/420\/revisions"}],"wp:attachment":[{"href":"https:\/\/www3.unicentro.br\/petengenharias\/wp-json\/wp\/v2\/media?parent=420"}],"curies":[{"name":"wp","href":"https:\/\/api.w.org\/{rel}","templated":true}]}}