{"id":416,"date":"2020-05-14T03:24:42","date_gmt":"2020-05-14T06:24:42","guid":{"rendered":"https:\/\/www3.unicentro.br\/petengenharias\/?page_id=416"},"modified":"2020-05-14T03:24:42","modified_gmt":"2020-05-14T06:24:42","slug":"projetos-2019-2-palestra-apeam","status":"publish","type":"page","link":"https:\/\/www3.unicentro.br\/petengenharias\/projetos-2019-2-palestra-apeam\/","title":{"rendered":"Palestra APEAM"},"content":{"rendered":"<ul>\n<li><strong>Palestra APEAM<\/strong><\/li>\n<\/ul>\n<p style=\"text-align: left\">No dia 5 de junho de 2019, o grupo em conjunto com a associa\u00e7\u00e3o centro sul paranaense de Engenheiros Ambientais, promoveu um debate t\u00e9cnico sobre a descentraliza\u00e7\u00e3o do licenciamento Ambiental no Paran\u00e1, a mesma contou com 63 participantes e o engenheiro Cleverson Mayer e o tecn\u00f3logo Andr\u00e9 Pitela.<\/p>\n<p style=\"text-align: left\">\u00a0\u00a0\u00a0\u00a0\u00a0\u00a0\u00a0\u00a0\u00a0 O evento discutiu sobre as quest\u00f5es sobre a aplica\u00e7\u00e3o da lei complementar n\u00ba140\/2011 e da resolu\u00e7\u00e3o CEMA88\/2013 que de maneira geral estabelece crit\u00e9rios, procedimentos e tipologias para o licenciamento ambiental municipal de atividades, obras e empreendimentos que causem ou possam causar impacto de \u00e2mbito local e determina outras provid\u00eancias.<\/p>\n","protected":false},"excerpt":{"rendered":"<p>Palestra APEAM No dia 5 de junho de 2019, o grupo em conjunto com a associa\u00e7\u00e3o centro sul paranaense de Engenheiros Ambientais, promoveu um debate t\u00e9cnico sobre a descentraliza\u00e7\u00e3o do licenciamento Ambiental no Paran\u00e1, a mesma contou com 63 participantes e o engenheiro Cleverson Mayer e o tecn\u00f3logo Andr\u00e9 Pitela. \u00a0\u00a0\u00a0\u00a0\u00a0\u00a0\u00a0\u00a0\u00a0 O evento discutiu sobre [&hellip;]<\/p>\n","protected":false},"author":202,"featured_media":0,"parent":0,"menu_order":0,"comment_status":"closed","ping_status":"closed","template":"","meta":{"_exactmetrics_skip_tracking":false,"_exactmetrics_sitenote_active":false,"_exactmetrics_sitenote_note":"","_exactmetrics_sitenote_category":0,"footnotes":"","_links_to":"","_links_to_target":""},"class_list":["post-416","page","type-page","status-publish","hentry"],"_links":{"self":[{"href":"https:\/\/www3.unicentro.br\/petengenharias\/wp-json\/wp\/v2\/pages\/416","targetHints":{"allow":["GET"]}}],"collection":[{"href":"https:\/\/www3.unicentro.br\/petengenharias\/wp-json\/wp\/v2\/pages"}],"about":[{"href":"https:\/\/www3.unicentro.br\/petengenharias\/wp-json\/wp\/v2\/types\/page"}],"author":[{"embeddable":true,"href":"https:\/\/www3.unicentro.br\/petengenharias\/wp-json\/wp\/v2\/users\/202"}],"replies":[{"embeddable":true,"href":"https:\/\/www3.unicentro.br\/petengenharias\/wp-json\/wp\/v2\/comments?post=416"}],"version-history":[{"count":0,"href":"https:\/\/www3.unicentro.br\/petengenharias\/wp-json\/wp\/v2\/pages\/416\/revisions"}],"wp:attachment":[{"href":"https:\/\/www3.unicentro.br\/petengenharias\/wp-json\/wp\/v2\/media?parent=416"}],"curies":[{"name":"wp","href":"https:\/\/api.w.org\/{rel}","templated":true}]}}