{"id":414,"date":"2020-05-14T03:23:20","date_gmt":"2020-05-14T06:23:20","guid":{"rendered":"https:\/\/www3.unicentro.br\/petengenharias\/?page_id=414"},"modified":"2020-05-14T03:23:20","modified_gmt":"2020-05-14T06:23:20","slug":"projetos-2019-2-curso-r","status":"publish","type":"page","link":"https:\/\/www3.unicentro.br\/petengenharias\/projetos-2019-2-curso-r\/","title":{"rendered":"Curso R"},"content":{"rendered":"<ul>\n<li><strong>Curso R<\/strong><\/li>\n<\/ul>\n<p>Nos dias 7,9,14 e 16 de maio de 2019 foi fornecido o curso do Software R, para os alunos membros do PET-Engenharias, alunos da gradua\u00e7\u00e3o e p\u00f3s-gradua\u00e7\u00e3o, totalizando em 17 alunos. O curso teve dura\u00e7\u00e3o de 12 horas e foi ministrado pela professora Ximena Mendes e o curso teve um valor de R$ 20,00, valor imposto pela professora. O projeto teve como objetivo capacitar os membros do curso a fornecerem cursos b\u00e1sicos do Software R para os alunos do curso de Engenharia Ambiental e Florestal. Finalmente, conclui-se que o curso proporcional grande aprendizado aos presentes e est\u00e3o capacitados a desenvolver atividades b\u00e1sicas no Software R para os demais alunos do curso.<\/p>\n","protected":false},"excerpt":{"rendered":"<p>Curso R Nos dias 7,9,14 e 16 de maio de 2019 foi fornecido o curso do Software R, para os alunos membros do PET-Engenharias, alunos da gradua\u00e7\u00e3o e p\u00f3s-gradua\u00e7\u00e3o, totalizando em 17 alunos. O curso teve dura\u00e7\u00e3o de 12 horas e foi ministrado pela professora Ximena Mendes e o curso teve um valor de R$ [&hellip;]<\/p>\n","protected":false},"author":202,"featured_media":0,"parent":0,"menu_order":0,"comment_status":"closed","ping_status":"closed","template":"","meta":{"_exactmetrics_skip_tracking":false,"_exactmetrics_sitenote_active":false,"_exactmetrics_sitenote_note":"","_exactmetrics_sitenote_category":0,"footnotes":"","_links_to":"","_links_to_target":""},"class_list":["post-414","page","type-page","status-publish","hentry"],"_links":{"self":[{"href":"https:\/\/www3.unicentro.br\/petengenharias\/wp-json\/wp\/v2\/pages\/414","targetHints":{"allow":["GET"]}}],"collection":[{"href":"https:\/\/www3.unicentro.br\/petengenharias\/wp-json\/wp\/v2\/pages"}],"about":[{"href":"https:\/\/www3.unicentro.br\/petengenharias\/wp-json\/wp\/v2\/types\/page"}],"author":[{"embeddable":true,"href":"https:\/\/www3.unicentro.br\/petengenharias\/wp-json\/wp\/v2\/users\/202"}],"replies":[{"embeddable":true,"href":"https:\/\/www3.unicentro.br\/petengenharias\/wp-json\/wp\/v2\/comments?post=414"}],"version-history":[{"count":0,"href":"https:\/\/www3.unicentro.br\/petengenharias\/wp-json\/wp\/v2\/pages\/414\/revisions"}],"wp:attachment":[{"href":"https:\/\/www3.unicentro.br\/petengenharias\/wp-json\/wp\/v2\/media?parent=414"}],"curies":[{"name":"wp","href":"https:\/\/api.w.org\/{rel}","templated":true}]}}