{"id":406,"date":"2020-05-14T03:14:37","date_gmt":"2020-05-14T06:14:37","guid":{"rendered":"https:\/\/www3.unicentro.br\/petengenharias\/?page_id=406"},"modified":"2020-05-14T03:14:37","modified_gmt":"2020-05-14T06:14:37","slug":"projetos-2019-2-producao-de-curriculo-lattes","status":"publish","type":"page","link":"https:\/\/www3.unicentro.br\/petengenharias\/projetos-2019-2-producao-de-curriculo-lattes\/","title":{"rendered":"Produ\u00e7\u00e3o de curriculo lattes"},"content":{"rendered":"<ul>\n<li><strong>Oficina de Produ\u00e7\u00e3o do Curr\u00edculo Lattes<\/strong><\/li>\n<\/ul>\n<p>A oficina foi aplicada aos calouros do curso de Engenharia Ambiental considerando a import\u00e2ncia e a necessidade para adentrar em projetos dentro da universidade no dia 25 de abril de 2019 a oficina foi realizada como aula a partir da disciplina de introdu\u00e7\u00e3o a engenharia, todos os alunos foram previamente avisados sobre a necessidade de computadores.<\/p>\n<p>Plataforma Lattes \u00e9 um ambiente virtual criado pelo Conselho Nacional de Desenvolvimento Cient\u00edfico e Tecnol\u00f3gico, o CNPq. Ela tem o objetivo de integrar, em um \u00fanico sistema, as bases de dados de curr\u00edculos, grupos de pesquisas e de institui\u00e7\u00f5es de todo o pa\u00eds.<\/p>\n","protected":false},"excerpt":{"rendered":"<p>Oficina de Produ\u00e7\u00e3o do Curr\u00edculo Lattes A oficina foi aplicada aos calouros do curso de Engenharia Ambiental considerando a import\u00e2ncia e a necessidade para adentrar em projetos dentro da universidade no dia 25 de abril de 2019 a oficina foi realizada como aula a partir da disciplina de introdu\u00e7\u00e3o a engenharia, todos os alunos foram [&hellip;]<\/p>\n","protected":false},"author":202,"featured_media":0,"parent":0,"menu_order":0,"comment_status":"closed","ping_status":"closed","template":"","meta":{"_exactmetrics_skip_tracking":false,"_exactmetrics_sitenote_active":false,"_exactmetrics_sitenote_note":"","_exactmetrics_sitenote_category":0,"footnotes":"","_links_to":"","_links_to_target":""},"class_list":["post-406","page","type-page","status-publish","hentry"],"_links":{"self":[{"href":"https:\/\/www3.unicentro.br\/petengenharias\/wp-json\/wp\/v2\/pages\/406","targetHints":{"allow":["GET"]}}],"collection":[{"href":"https:\/\/www3.unicentro.br\/petengenharias\/wp-json\/wp\/v2\/pages"}],"about":[{"href":"https:\/\/www3.unicentro.br\/petengenharias\/wp-json\/wp\/v2\/types\/page"}],"author":[{"embeddable":true,"href":"https:\/\/www3.unicentro.br\/petengenharias\/wp-json\/wp\/v2\/users\/202"}],"replies":[{"embeddable":true,"href":"https:\/\/www3.unicentro.br\/petengenharias\/wp-json\/wp\/v2\/comments?post=406"}],"version-history":[{"count":0,"href":"https:\/\/www3.unicentro.br\/petengenharias\/wp-json\/wp\/v2\/pages\/406\/revisions"}],"wp:attachment":[{"href":"https:\/\/www3.unicentro.br\/petengenharias\/wp-json\/wp\/v2\/media?parent=406"}],"curies":[{"name":"wp","href":"https:\/\/api.w.org\/{rel}","templated":true}]}}