{"id":404,"date":"2020-05-14T03:13:33","date_gmt":"2020-05-14T06:13:33","guid":{"rendered":"https:\/\/www3.unicentro.br\/petengenharias\/?page_id=404"},"modified":"2020-05-14T03:13:33","modified_gmt":"2020-05-14T06:13:33","slug":"projetos-2019-2-matematica-basica","status":"publish","type":"page","link":"https:\/\/www3.unicentro.br\/petengenharias\/projetos-2019-2-matematica-basica\/","title":{"rendered":"Matem\u00e1tica b\u00e1sica"},"content":{"rendered":"<p><strong>Petianos participantes:<\/strong> Damires Figurski, Juliana Schulomei e Yankha Van Tienen<\/p>\n<p>A revis\u00e3o dos conceitos de matem\u00e1tica b\u00e1sica \u00e9 essencial para o entendimento dos conte\u00fados do ensino superior. Desta forma, com o objetivo de elevar o \u00edndice de aprova\u00e7\u00e3o na disciplina de c\u00e1lculo 1 no curso de Engenharia Ambiental, ministrou-se o minicurso no dia 11 de mar\u00e7o de 2019 sobre: N\u00fameros Primos e N\u00fameros M\u00faltiplos; Potencia\u00e7\u00e3o e Radia\u00e7\u00e3o; Produtos Not\u00e1veis; Racionaliza\u00e7\u00e3o e Equa\u00e7\u00e3o de Segundo Grau. Houve a participa\u00e7\u00e3o de 8 alunos.<\/p>\n","protected":false},"excerpt":{"rendered":"<p>Petianos participantes: Damires Figurski, Juliana Schulomei e Yankha Van Tienen A revis\u00e3o dos conceitos de matem\u00e1tica b\u00e1sica \u00e9 essencial para o entendimento dos conte\u00fados do ensino superior. Desta forma, com o objetivo de elevar o \u00edndice de aprova\u00e7\u00e3o na disciplina de c\u00e1lculo 1 no curso de Engenharia Ambiental, ministrou-se o minicurso no dia 11 de [&hellip;]<\/p>\n","protected":false},"author":202,"featured_media":0,"parent":0,"menu_order":0,"comment_status":"closed","ping_status":"closed","template":"","meta":{"_exactmetrics_skip_tracking":false,"_exactmetrics_sitenote_active":false,"_exactmetrics_sitenote_note":"","_exactmetrics_sitenote_category":0,"footnotes":"","_links_to":"","_links_to_target":""},"class_list":["post-404","page","type-page","status-publish","hentry"],"_links":{"self":[{"href":"https:\/\/www3.unicentro.br\/petengenharias\/wp-json\/wp\/v2\/pages\/404","targetHints":{"allow":["GET"]}}],"collection":[{"href":"https:\/\/www3.unicentro.br\/petengenharias\/wp-json\/wp\/v2\/pages"}],"about":[{"href":"https:\/\/www3.unicentro.br\/petengenharias\/wp-json\/wp\/v2\/types\/page"}],"author":[{"embeddable":true,"href":"https:\/\/www3.unicentro.br\/petengenharias\/wp-json\/wp\/v2\/users\/202"}],"replies":[{"embeddable":true,"href":"https:\/\/www3.unicentro.br\/petengenharias\/wp-json\/wp\/v2\/comments?post=404"}],"version-history":[{"count":0,"href":"https:\/\/www3.unicentro.br\/petengenharias\/wp-json\/wp\/v2\/pages\/404\/revisions"}],"wp:attachment":[{"href":"https:\/\/www3.unicentro.br\/petengenharias\/wp-json\/wp\/v2\/media?parent=404"}],"curies":[{"name":"wp","href":"https:\/\/api.w.org\/{rel}","templated":true}]}}