{"id":396,"date":"2020-05-14T03:07:16","date_gmt":"2020-05-14T06:07:16","guid":{"rendered":"https:\/\/www3.unicentro.br\/petengenharias\/?page_id=396"},"modified":"2020-05-14T03:07:16","modified_gmt":"2020-05-14T06:07:16","slug":"projetos-2019-2-power-point-e-oratoria","status":"publish","type":"page","link":"https:\/\/www3.unicentro.br\/petengenharias\/projetos-2019-2-power-point-e-oratoria\/","title":{"rendered":"Power point e orat\u00f3ria"},"content":{"rendered":"<p><strong>Petianos participantes: <\/strong>Damires Figurski e Juliana Schulomei<\/p>\n<p>No dia 25 de mar\u00e7o as alunas Damires Figurski e Juliana Schulomei ministraram o minicurso de PowerPoint e Orat\u00f3ria B\u00e1sica para os calouros dos cursos de Engenharia Ambiental e Engenharia Florestal. No minicurso foram abordadas no\u00e7\u00f5es b\u00e1sicas do uso do programa, formas de elabora\u00e7\u00e3o de slides e dicas para uma boa apresenta\u00e7\u00e3o. Houve a participa\u00e7\u00e3o de 3 alunos.<\/p>\n","protected":false},"excerpt":{"rendered":"<p>Petianos participantes: Damires Figurski e Juliana Schulomei No dia 25 de mar\u00e7o as alunas Damires Figurski e Juliana Schulomei ministraram o minicurso de PowerPoint e Orat\u00f3ria B\u00e1sica para os calouros dos cursos de Engenharia Ambiental e Engenharia Florestal. No minicurso foram abordadas no\u00e7\u00f5es b\u00e1sicas do uso do programa, formas de elabora\u00e7\u00e3o de slides e dicas [&hellip;]<\/p>\n","protected":false},"author":202,"featured_media":0,"parent":0,"menu_order":0,"comment_status":"closed","ping_status":"closed","template":"","meta":{"_exactmetrics_skip_tracking":false,"_exactmetrics_sitenote_active":false,"_exactmetrics_sitenote_note":"","_exactmetrics_sitenote_category":0,"footnotes":"","_links_to":"","_links_to_target":""},"class_list":["post-396","page","type-page","status-publish","hentry"],"_links":{"self":[{"href":"https:\/\/www3.unicentro.br\/petengenharias\/wp-json\/wp\/v2\/pages\/396","targetHints":{"allow":["GET"]}}],"collection":[{"href":"https:\/\/www3.unicentro.br\/petengenharias\/wp-json\/wp\/v2\/pages"}],"about":[{"href":"https:\/\/www3.unicentro.br\/petengenharias\/wp-json\/wp\/v2\/types\/page"}],"author":[{"embeddable":true,"href":"https:\/\/www3.unicentro.br\/petengenharias\/wp-json\/wp\/v2\/users\/202"}],"replies":[{"embeddable":true,"href":"https:\/\/www3.unicentro.br\/petengenharias\/wp-json\/wp\/v2\/comments?post=396"}],"version-history":[{"count":0,"href":"https:\/\/www3.unicentro.br\/petengenharias\/wp-json\/wp\/v2\/pages\/396\/revisions"}],"wp:attachment":[{"href":"https:\/\/www3.unicentro.br\/petengenharias\/wp-json\/wp\/v2\/media?parent=396"}],"curies":[{"name":"wp","href":"https:\/\/api.w.org\/{rel}","templated":true}]}}