{"id":39,"date":"2018-09-13T08:50:16","date_gmt":"2018-09-13T11:50:16","guid":{"rendered":"https:\/\/www3.unicentro.br\/petengenharias\/?page_id=39"},"modified":"2020-08-05T13:07:55","modified_gmt":"2020-08-05T16:07:55","slug":"tutores","status":"publish","type":"page","link":"https:\/\/www3.unicentro.br\/petengenharias\/pet-engenharias\/tutores\/","title":{"rendered":"Tutor"},"content":{"rendered":"<div class=\"wpb-content-wrapper\"><p>[vc_row][vc_column][vc_single_image image=&#8221;766&#8243; img_size=&#8221;medium&#8221; alignment=&#8221;center&#8221; style=&#8221;vc_box_rounded&#8221; onclick=&#8221;link_image&#8221;][vc_column_text]Possui gradua\u00e7\u00e3o em Engenharia Florestal pela Universidade Federal do Paran\u00e1 (2005), mestrado em Engenharia Florestal pela Universidade Federal do Paran\u00e1 (2008) e doutorado em Ci\u00eancias Florestais pela Universidade Federal do Paran\u00e1 (2011). Atualmente \u00e9 professora adjunta na Universidade Estadual do Centro-Oeste.Tem experi\u00eancia na \u00e1rea de Recursos Florestais e Engenharia Florestal, com \u00eanfase em Prote\u00e7\u00e3o Florestal, atuando principalmente nos seguintes temas: Manejo Integrado de Pragas Florestais, Formigas Cortadeiras, Atta sexdens rubropilosa e Reflorestamento.<\/p>\n<p>Acesso ao curr\u00edculo lattes completo em:\u00a0<a href=\"http:\/\/lattes.cnpq.br\/6848604682738349\">http:\/\/lattes.cnpq.br\/6848604682738349<\/a>[\/vc_column_text][\/vc_column][\/vc_row]<\/p>\n<\/div>","protected":false},"excerpt":{"rendered":"<p>[vc_row][vc_column][vc_single_image image=&#8221;766&#8243; img_size=&#8221;medium&#8221; alignment=&#8221;center&#8221; style=&#8221;vc_box_rounded&#8221; onclick=&#8221;link_image&#8221;][vc_column_text]Possui gradua\u00e7\u00e3o em Engenharia Florestal pela Universidade Federal do Paran\u00e1 (2005), mestrado em Engenharia Florestal pela Universidade Federal do Paran\u00e1 (2008) e doutorado em Ci\u00eancias Florestais pela Universidade Federal do Paran\u00e1 (2011). Atualmente \u00e9 professora adjunta na Universidade Estadual do Centro-Oeste.Tem experi\u00eancia na \u00e1rea de Recursos Florestais e Engenharia Florestal, [&hellip;]<\/p>\n","protected":false},"author":3,"featured_media":0,"parent":31,"menu_order":0,"comment_status":"closed","ping_status":"closed","template":"","meta":{"_exactmetrics_skip_tracking":false,"_exactmetrics_sitenote_active":false,"_exactmetrics_sitenote_note":"","_exactmetrics_sitenote_category":0,"footnotes":"","_links_to":"","_links_to_target":""},"class_list":["post-39","page","type-page","status-publish","hentry"],"_links":{"self":[{"href":"https:\/\/www3.unicentro.br\/petengenharias\/wp-json\/wp\/v2\/pages\/39","targetHints":{"allow":["GET"]}}],"collection":[{"href":"https:\/\/www3.unicentro.br\/petengenharias\/wp-json\/wp\/v2\/pages"}],"about":[{"href":"https:\/\/www3.unicentro.br\/petengenharias\/wp-json\/wp\/v2\/types\/page"}],"author":[{"embeddable":true,"href":"https:\/\/www3.unicentro.br\/petengenharias\/wp-json\/wp\/v2\/users\/3"}],"replies":[{"embeddable":true,"href":"https:\/\/www3.unicentro.br\/petengenharias\/wp-json\/wp\/v2\/comments?post=39"}],"version-history":[{"count":0,"href":"https:\/\/www3.unicentro.br\/petengenharias\/wp-json\/wp\/v2\/pages\/39\/revisions"}],"up":[{"embeddable":true,"href":"https:\/\/www3.unicentro.br\/petengenharias\/wp-json\/wp\/v2\/pages\/31"}],"wp:attachment":[{"href":"https:\/\/www3.unicentro.br\/petengenharias\/wp-json\/wp\/v2\/media?parent=39"}],"curies":[{"name":"wp","href":"https:\/\/api.w.org\/{rel}","templated":true}]}}