{"id":389,"date":"2020-05-14T02:57:26","date_gmt":"2020-05-14T05:57:26","guid":{"rendered":"https:\/\/www3.unicentro.br\/petengenharias\/?page_id=389"},"modified":"2020-05-14T02:57:26","modified_gmt":"2020-05-14T05:57:26","slug":"projetos-2019-2-excel","status":"publish","type":"page","link":"https:\/\/www3.unicentro.br\/petengenharias\/projetos-2019-2-excel\/","title":{"rendered":"Excel"},"content":{"rendered":"<p><strong>Petianos participantes: <\/strong>Mauricio Cabral Penteado e Pedro Francisco da Silva J\u00fanior<\/p>\n<p>No dia 27 de maio de 2019 os petianos Mauricio Cabral Penteado e Pedro Francisco da Silva J\u00fanior realizaram o minicurso de Excel b\u00e1sico, no hor\u00e1rio entre 7:30 e 9:00, contando com a presen\u00e7a de seis alunos.<\/p>\n<p>Foi apresentado aos participantes a interface do Excel, comandos, atalhos, f\u00f3rmulas e fun\u00e7\u00f5es, inser\u00e7\u00e3o de gr\u00e1ficos e formata\u00e7\u00f5es b\u00e1sicas.<\/p>\n","protected":false},"excerpt":{"rendered":"<p>Petianos participantes: Mauricio Cabral Penteado e Pedro Francisco da Silva J\u00fanior No dia 27 de maio de 2019 os petianos Mauricio Cabral Penteado e Pedro Francisco da Silva J\u00fanior realizaram o minicurso de Excel b\u00e1sico, no hor\u00e1rio entre 7:30 e 9:00, contando com a presen\u00e7a de seis alunos. Foi apresentado aos participantes a interface do [&hellip;]<\/p>\n","protected":false},"author":202,"featured_media":0,"parent":0,"menu_order":0,"comment_status":"closed","ping_status":"closed","template":"","meta":{"_exactmetrics_skip_tracking":false,"_exactmetrics_sitenote_active":false,"_exactmetrics_sitenote_note":"","_exactmetrics_sitenote_category":0,"footnotes":"","_links_to":"","_links_to_target":""},"class_list":["post-389","page","type-page","status-publish","hentry"],"_links":{"self":[{"href":"https:\/\/www3.unicentro.br\/petengenharias\/wp-json\/wp\/v2\/pages\/389","targetHints":{"allow":["GET"]}}],"collection":[{"href":"https:\/\/www3.unicentro.br\/petengenharias\/wp-json\/wp\/v2\/pages"}],"about":[{"href":"https:\/\/www3.unicentro.br\/petengenharias\/wp-json\/wp\/v2\/types\/page"}],"author":[{"embeddable":true,"href":"https:\/\/www3.unicentro.br\/petengenharias\/wp-json\/wp\/v2\/users\/202"}],"replies":[{"embeddable":true,"href":"https:\/\/www3.unicentro.br\/petengenharias\/wp-json\/wp\/v2\/comments?post=389"}],"version-history":[{"count":0,"href":"https:\/\/www3.unicentro.br\/petengenharias\/wp-json\/wp\/v2\/pages\/389\/revisions"}],"wp:attachment":[{"href":"https:\/\/www3.unicentro.br\/petengenharias\/wp-json\/wp\/v2\/media?parent=389"}],"curies":[{"name":"wp","href":"https:\/\/api.w.org\/{rel}","templated":true}]}}