{"id":384,"date":"2020-05-14T02:48:58","date_gmt":"2020-05-14T05:48:58","guid":{"rendered":"https:\/\/www3.unicentro.br\/petengenharias\/?page_id=384"},"modified":"2020-05-14T02:48:58","modified_gmt":"2020-05-14T05:48:58","slug":"projetos-2019-2-word-e-redacao-cientifica-_blank-_blank","status":"publish","type":"page","link":"https:\/\/www3.unicentro.br\/petengenharias\/projetos-2019-2-word-e-redacao-cientifica-_blank-_blank\/","title":{"rendered":"Word e reda\u00e7\u00e3o cient\u00edfica"},"content":{"rendered":"<p><strong>Petianos participantes: <\/strong>Elias Eduardo Bacil, Ja\u00edne Schneider, Tamires Zarpelon<\/p>\n<p style=\"text-align: left\">\u00a0\u00a0\u00a0\u00a0\u00a0\u00a0\u00a0\u00a0\u00a0\u00a0\u00a0 Ao primeiro dia do m\u00eas de abril de 2019, realizou-se o Minicurso sobre Word\/Relat\u00f3rio Cient\u00edfico, em que participaram 22 acad\u00eamicos do primeiro ano, sendo 4 da Engenharia Florestal e 18 da Engenharia Ambiental. Foram abordados os seguintes temas: formata\u00e7\u00e3o de relat\u00f3rio, \u00e1reas de atalho para acesso a ferramentas do Word, conte\u00fado do trabalho, refer\u00eancias segundo \u00e0s regras da ABNT e regras da l\u00edngua portuguesa englobando escrita e v\u00edcios de linguagem. Ao final do minicurso, os acad\u00eamicos puderam esclarecer suas d\u00favidas, principalmente em rela\u00e7\u00e3o \u00e0s refer\u00eancias bibliogr\u00e1ficas.<\/p>\n","protected":false},"excerpt":{"rendered":"<p>Petianos participantes: Elias Eduardo Bacil, Ja\u00edne Schneider, Tamires Zarpelon \u00a0\u00a0\u00a0\u00a0\u00a0\u00a0\u00a0\u00a0\u00a0\u00a0\u00a0 Ao primeiro dia do m\u00eas de abril de 2019, realizou-se o Minicurso sobre Word\/Relat\u00f3rio Cient\u00edfico, em que participaram 22 acad\u00eamicos do primeiro ano, sendo 4 da Engenharia Florestal e 18 da Engenharia Ambiental. Foram abordados os seguintes temas: formata\u00e7\u00e3o de relat\u00f3rio, \u00e1reas de atalho para [&hellip;]<\/p>\n","protected":false},"author":202,"featured_media":0,"parent":0,"menu_order":0,"comment_status":"closed","ping_status":"closed","template":"","meta":{"_exactmetrics_skip_tracking":false,"_exactmetrics_sitenote_active":false,"_exactmetrics_sitenote_note":"","_exactmetrics_sitenote_category":0,"footnotes":"","_links_to":"","_links_to_target":""},"class_list":["post-384","page","type-page","status-publish","hentry"],"_links":{"self":[{"href":"https:\/\/www3.unicentro.br\/petengenharias\/wp-json\/wp\/v2\/pages\/384","targetHints":{"allow":["GET"]}}],"collection":[{"href":"https:\/\/www3.unicentro.br\/petengenharias\/wp-json\/wp\/v2\/pages"}],"about":[{"href":"https:\/\/www3.unicentro.br\/petengenharias\/wp-json\/wp\/v2\/types\/page"}],"author":[{"embeddable":true,"href":"https:\/\/www3.unicentro.br\/petengenharias\/wp-json\/wp\/v2\/users\/202"}],"replies":[{"embeddable":true,"href":"https:\/\/www3.unicentro.br\/petengenharias\/wp-json\/wp\/v2\/comments?post=384"}],"version-history":[{"count":0,"href":"https:\/\/www3.unicentro.br\/petengenharias\/wp-json\/wp\/v2\/pages\/384\/revisions"}],"wp:attachment":[{"href":"https:\/\/www3.unicentro.br\/petengenharias\/wp-json\/wp\/v2\/media?parent=384"}],"curies":[{"name":"wp","href":"https:\/\/api.w.org\/{rel}","templated":true}]}}