{"id":355,"date":"2020-05-07T14:47:47","date_gmt":"2020-05-07T17:47:47","guid":{"rendered":"https:\/\/www3.unicentro.br\/petengenharias\/?page_id=355"},"modified":"2020-05-07T15:08:19","modified_gmt":"2020-05-07T18:08:19","slug":"projetos-2019-2-doe-se-_blank-_blank","status":"publish","type":"page","link":"https:\/\/www3.unicentro.br\/petengenharias\/projetos-2019-2-doe-se-_blank-_blank\/","title":{"rendered":"Doe-se"},"content":{"rendered":"<p><strong>PROJETO DOE-SE<\/strong><\/p>\n<ul>\n<li><strong>Projeto de Doa\u00e7\u00e3o de Sangue \u201cII Calouro\/Veterano Sangue Bom, doa Sangue\u201d<\/strong><\/li>\n<\/ul>\n<p><strong>\u00a0Petianos participantes:<\/strong> Daiana Mendes, Tha\u00eds Correa de Assis<\/p>\n<p>No dia 20 e 21 de mar\u00e7o de 2018, no per\u00edodo vespertino, realizou-se a segunda campanha de doa\u00e7\u00e3o de sangue promovida pelo Grupo PET-Engenharias em parceira com o HEMEPAR \u2013 Unidade de Coleta e Transfus\u00e3o de Irati, que tem como intuito motivar os alunos dos cursos de Engenharia Florestal e Ambiental a iniciar o ano letivo participando desse ato de amor. A divulga\u00e7\u00e3o da campanha ocorreu tanto por meio das redes sociais como de forma presencial com visitas de PETianos nas salas de aula. Cerca de dez pessoas participaram dessa a\u00e7\u00e3o.<\/p>\n<p><strong>\u00a0<\/strong><\/p>\n<ul>\n<li><strong>\u201cI Gincana entre Calouros PET-Engenharias\u201d<\/strong><\/li>\n<\/ul>\n<p><strong>Petianos participante: <\/strong>Tha\u00eds Correa de Assis, Daiana Mendes<\/p>\n<p>Objetivando inserir os ingressos dos cursos de Engenharia Ambiental e Florestal no meio acad\u00eamico, lan\u00e7ou-se o primeiro desafio a ser enfrentado por eles: doar vidas e enriquecer almas. Com a finalidade de alimentar a Geladeiroteca \u2013 projeto de biblioteca m\u00f3vel provido pelo grupo \u2013 e aumentar o estoque do HEMEPAR da cidade, doa\u00e7\u00f5es de livros e de sangue foram propostas. A gincana ocorreu entre os calouros de ambos os cursos sendo vencedor aquele que acumulasse uma maior pontua\u00e7\u00e3o. O controle das pontua\u00e7\u00f5es se deu da seguinte maneira: cada livro doado era equivalente a um ponto e cada doa\u00e7\u00e3o de sangue a cinco. Como h\u00e1 uma limita\u00e7\u00e3o de idade para a segunda a\u00e7\u00e3o citada, os alunos puderam indicar outras pessoas para doar em seu nome e assim somarem pontos. O per\u00edodo para a realiza\u00e7\u00e3o das doa\u00e7\u00f5es foi equivalente a um m\u00eas sendo no dia da \u201cIV Recep\u00e7\u00e3o dos Calouros\u201d divulgado o resultado final da disputa. Engenharia Florestal levou o trof\u00e9u e com 477 pontos, ficando Ambiental com 137 pontos. Al\u00e9m do curso vencedor, os alunos destaques da Gincana tamb\u00e9m receberam uma premia\u00e7\u00e3o surpresa.<\/p>\n<p>&nbsp;<\/p>\n\n","protected":false},"excerpt":{"rendered":"<p>PROJETO DOE-SE Projeto de Doa\u00e7\u00e3o de Sangue \u201cII Calouro\/Veterano Sangue Bom, doa Sangue\u201d \u00a0Petianos participantes: Daiana Mendes, Tha\u00eds Correa de Assis No dia 20 e 21 de mar\u00e7o de 2018, no per\u00edodo vespertino, realizou-se a segunda campanha de doa\u00e7\u00e3o de sangue promovida pelo Grupo PET-Engenharias em parceira com o HEMEPAR \u2013 Unidade de Coleta e [&hellip;]<\/p>\n","protected":false},"author":202,"featured_media":0,"parent":0,"menu_order":0,"comment_status":"closed","ping_status":"closed","template":"","meta":{"_exactmetrics_skip_tracking":false,"_exactmetrics_sitenote_active":false,"_exactmetrics_sitenote_note":"","_exactmetrics_sitenote_category":0,"footnotes":"","_links_to":"","_links_to_target":""},"class_list":["post-355","page","type-page","status-publish","hentry"],"_links":{"self":[{"href":"https:\/\/www3.unicentro.br\/petengenharias\/wp-json\/wp\/v2\/pages\/355","targetHints":{"allow":["GET"]}}],"collection":[{"href":"https:\/\/www3.unicentro.br\/petengenharias\/wp-json\/wp\/v2\/pages"}],"about":[{"href":"https:\/\/www3.unicentro.br\/petengenharias\/wp-json\/wp\/v2\/types\/page"}],"author":[{"embeddable":true,"href":"https:\/\/www3.unicentro.br\/petengenharias\/wp-json\/wp\/v2\/users\/202"}],"replies":[{"embeddable":true,"href":"https:\/\/www3.unicentro.br\/petengenharias\/wp-json\/wp\/v2\/comments?post=355"}],"version-history":[{"count":0,"href":"https:\/\/www3.unicentro.br\/petengenharias\/wp-json\/wp\/v2\/pages\/355\/revisions"}],"wp:attachment":[{"href":"https:\/\/www3.unicentro.br\/petengenharias\/wp-json\/wp\/v2\/media?parent=355"}],"curies":[{"name":"wp","href":"https:\/\/api.w.org\/{rel}","templated":true}]}}