{"id":35,"date":"2018-09-13T08:49:14","date_gmt":"2018-09-13T11:49:14","guid":{"rendered":"https:\/\/www3.unicentro.br\/petengenharias\/?page_id=35"},"modified":"2020-05-08T19:17:05","modified_gmt":"2020-05-08T22:17:05","slug":"pet-engenharias-unicentro","status":"publish","type":"page","link":"https:\/\/www3.unicentro.br\/petengenharias\/pet-engenharias\/pet-engenharias-unicentro\/","title":{"rendered":"PET Engenharias Unicentro"},"content":{"rendered":"<p>O grupo PET Engenharias Ambiental\/Florestal foi aprovado no Edital n\u00ba 11, de 2012, confirmado pelo Minist\u00e9rio da Educa\u00e7\u00e3o (MEC), por interm\u00e9dio da Secretaria de Educa\u00e7\u00e3o Superior (Sesu), tendo iniciado as suas atividades em mar\u00e7o de 2013.<\/p>\n<p>O nosso grupo PET \u00e9 o primeiro da UNICENTRO locado no campus Irati, englobando conjuntamente dois cursos de Engenharia: Engenharia Ambiental e Engenharia Florestal.<br \/>\nNosso grupo \u00e9 composto por 12 alunos bolsistas e 6 alunos volunt\u00e1rios, totalizando em 18 participantes, os discentes participantes s\u00e3o denominados petianos, que est\u00e3o sendo tutorados pela professora Daniele Ukan . As vagas s\u00e3o distribu\u00eddas equitativamente entre discentes de ambos departamentos selecionados a partir de processo seletivo pr\u00f3prio visando o ingresso de alunos com \u00f3timo rendimento acad\u00eamico e principalmente com perfil para o programa.<\/p>\n","protected":false},"excerpt":{"rendered":"<p>O grupo PET Engenharias Ambiental\/Florestal foi aprovado no Edital n\u00ba 11, de 2012, confirmado pelo Minist\u00e9rio da Educa\u00e7\u00e3o (MEC), por interm\u00e9dio da Secretaria de Educa\u00e7\u00e3o Superior (Sesu), tendo iniciado as suas atividades em mar\u00e7o de 2013. O nosso grupo PET \u00e9 o primeiro da UNICENTRO locado no campus Irati, englobando conjuntamente dois cursos de Engenharia: [&hellip;]<\/p>\n","protected":false},"author":3,"featured_media":0,"parent":31,"menu_order":0,"comment_status":"closed","ping_status":"closed","template":"","meta":{"_exactmetrics_skip_tracking":false,"_exactmetrics_sitenote_active":false,"_exactmetrics_sitenote_note":"","_exactmetrics_sitenote_category":0,"footnotes":"","_links_to":"","_links_to_target":""},"class_list":["post-35","page","type-page","status-publish","hentry"],"_links":{"self":[{"href":"https:\/\/www3.unicentro.br\/petengenharias\/wp-json\/wp\/v2\/pages\/35","targetHints":{"allow":["GET"]}}],"collection":[{"href":"https:\/\/www3.unicentro.br\/petengenharias\/wp-json\/wp\/v2\/pages"}],"about":[{"href":"https:\/\/www3.unicentro.br\/petengenharias\/wp-json\/wp\/v2\/types\/page"}],"author":[{"embeddable":true,"href":"https:\/\/www3.unicentro.br\/petengenharias\/wp-json\/wp\/v2\/users\/3"}],"replies":[{"embeddable":true,"href":"https:\/\/www3.unicentro.br\/petengenharias\/wp-json\/wp\/v2\/comments?post=35"}],"version-history":[{"count":0,"href":"https:\/\/www3.unicentro.br\/petengenharias\/wp-json\/wp\/v2\/pages\/35\/revisions"}],"up":[{"embeddable":true,"href":"https:\/\/www3.unicentro.br\/petengenharias\/wp-json\/wp\/v2\/pages\/31"}],"wp:attachment":[{"href":"https:\/\/www3.unicentro.br\/petengenharias\/wp-json\/wp\/v2\/media?parent=35"}],"curies":[{"name":"wp","href":"https:\/\/api.w.org\/{rel}","templated":true}]}}