{"id":340,"date":"2020-05-07T14:41:00","date_gmt":"2020-05-07T17:41:00","guid":{"rendered":"https:\/\/www3.unicentro.br\/petengenharias\/?page_id=340"},"modified":"2020-05-07T15:10:00","modified_gmt":"2020-05-07T18:10:00","slug":"projetos-2019-2-geladeiroteca-_blank-_blank","status":"publish","type":"page","link":"https:\/\/www3.unicentro.br\/petengenharias\/projetos-2019-2-geladeiroteca-_blank-_blank\/","title":{"rendered":"Geladeiroteca"},"content":{"rendered":"<ul>\n<li><strong>\u00a0\u201cGELADEIROTECA: alimentando o desejo de conhecimento\u201d<\/strong><\/li>\n<\/ul>\n<p style=\"text-align: left\">\u00a0\u00a0\u00a0\u00a0\u00a0\u00a0\u00a0\u00a0\u00a0 O projeto \u201cGELADEIROTECA: alimentando o desejo do conhecimento\u201d, localizado no Supermercado Gcenter (Rua 19 de dezembro) na cidade de Irati-PR, que teve in\u00edcio no m\u00eas de mar\u00e7o\/2018, que teve como objetivo apresentar uma biblioteca m\u00f3vel e melhorar o acesso de livros e revistas para a popula\u00e7\u00e3o. Permanece em execu\u00e7\u00e3o, com o refor\u00e7o de maior doa\u00e7\u00e3o de livros e revistas, para manter o objetivo do projeto, que \u00e9 justamente a circula\u00e7\u00e3o dos livros entre a popula\u00e7\u00e3o de Irati-PR. Foram feitas divulga\u00e7\u00f5es via WhatsApp com apoio do Supermercado GCenter, e tamb\u00e9m cartazes de divulga\u00e7\u00e3o do projeto. A geladeira possui v\u00e1rios livros de diversos gostos liter\u00e1rios, em bom estado, onde a popula\u00e7\u00e3o leva para suas resid\u00eancias. O resultado de incentivar a leitura, est\u00e1 sendo alcan\u00e7ado, onde a popula\u00e7\u00e3o est\u00e1 fazendo retirada frequente de nossos acervos e doa\u00e7\u00e3o de novos livros.<\/p>\n\n","protected":false},"excerpt":{"rendered":"<p>\u00a0\u201cGELADEIROTECA: alimentando o desejo de conhecimento\u201d \u00a0\u00a0\u00a0\u00a0\u00a0\u00a0\u00a0\u00a0\u00a0 O projeto \u201cGELADEIROTECA: alimentando o desejo do conhecimento\u201d, localizado no Supermercado Gcenter (Rua 19 de dezembro) na cidade de Irati-PR, que teve in\u00edcio no m\u00eas de mar\u00e7o\/2018, que teve como objetivo apresentar uma biblioteca m\u00f3vel e melhorar o acesso de livros e revistas para a popula\u00e7\u00e3o. Permanece em [&hellip;]<\/p>\n","protected":false},"author":202,"featured_media":0,"parent":0,"menu_order":0,"comment_status":"closed","ping_status":"closed","template":"","meta":{"_exactmetrics_skip_tracking":false,"_exactmetrics_sitenote_active":false,"_exactmetrics_sitenote_note":"","_exactmetrics_sitenote_category":0,"footnotes":"","_links_to":"","_links_to_target":""},"class_list":["post-340","page","type-page","status-publish","hentry"],"_links":{"self":[{"href":"https:\/\/www3.unicentro.br\/petengenharias\/wp-json\/wp\/v2\/pages\/340","targetHints":{"allow":["GET"]}}],"collection":[{"href":"https:\/\/www3.unicentro.br\/petengenharias\/wp-json\/wp\/v2\/pages"}],"about":[{"href":"https:\/\/www3.unicentro.br\/petengenharias\/wp-json\/wp\/v2\/types\/page"}],"author":[{"embeddable":true,"href":"https:\/\/www3.unicentro.br\/petengenharias\/wp-json\/wp\/v2\/users\/202"}],"replies":[{"embeddable":true,"href":"https:\/\/www3.unicentro.br\/petengenharias\/wp-json\/wp\/v2\/comments?post=340"}],"version-history":[{"count":0,"href":"https:\/\/www3.unicentro.br\/petengenharias\/wp-json\/wp\/v2\/pages\/340\/revisions"}],"wp:attachment":[{"href":"https:\/\/www3.unicentro.br\/petengenharias\/wp-json\/wp\/v2\/media?parent=340"}],"curies":[{"name":"wp","href":"https:\/\/api.w.org\/{rel}","templated":true}]}}