{"id":31,"date":"2018-09-13T08:48:42","date_gmt":"2018-09-13T11:48:42","guid":{"rendered":"https:\/\/www3.unicentro.br\/petengenharias\/?page_id=31"},"modified":"2019-01-03T15:31:23","modified_gmt":"2019-01-03T17:31:23","slug":"pet-engenharias","status":"publish","type":"page","link":"https:\/\/www3.unicentro.br\/petengenharias\/pet-engenharias\/","title":{"rendered":"PET Engenharias"},"content":{"rendered":"<p>O Programa de Educa\u00e7\u00e3o Tutorial (PET) \u00e9 um programa do governo federal brasileiro de est\u00edmulo \u00e0 pesquisa e extens\u00e3o universit\u00e1rias, no n\u00edvel de gradua\u00e7\u00e3o. O programa \u00e9 subordinado \u00e0 Secretaria de Ensino Superior (SESu) do Minist\u00e9rio da Educa\u00e7\u00e3o (MEC).<\/p>\n<p>O PET foi criado em 1979 no governo do general Jo\u00e3o Baptista Figueiredo com o nome original de Programa Especial de Treinamento. At\u00e9 1999, o programa esteve submetido \u00e0 CAPES, passando depois para o Minist\u00e9rio da Educa\u00e7\u00e3o. Entre 1995 e 2003, quando o MEC esteve ocupado por Paulo Renato Souza, o governo tentou por diversas vezes extinguir o programa, sob alega\u00e7\u00f5es de que era oneroso aos cofres p\u00fablicos, mas esbarrou em forte oposi\u00e7\u00e3o da comunidade acad\u00eamica. Em 2004, na gest\u00e3o de Tarso Genro no minist\u00e9rio, o nome foi alterado para Programa de Educa\u00e7\u00e3o Tutorial.<\/p>\n<p>O PET \u00e9 desenvolvido por grupos de estudantes, com tutoria docente, organizados a partir de forma\u00e7\u00f5es em n\u00edvel de gradua\u00e7\u00e3o das institui\u00e7\u00f5es de ensino superior do pa\u00eds, orientados pelo princ\u00edpio da indissociabilidade entre ensino, pesquisa e extens\u00e3o.<\/p>\n","protected":false},"excerpt":{"rendered":"<p>O Programa de Educa\u00e7\u00e3o Tutorial (PET) \u00e9 um programa do governo federal brasileiro de est\u00edmulo \u00e0 pesquisa e extens\u00e3o universit\u00e1rias, no n\u00edvel de gradua\u00e7\u00e3o. O programa \u00e9 subordinado \u00e0 Secretaria de Ensino Superior (SESu) do Minist\u00e9rio da Educa\u00e7\u00e3o (MEC). O PET foi criado em 1979 no governo do general Jo\u00e3o Baptista Figueiredo com o nome [&hellip;]<\/p>\n","protected":false},"author":3,"featured_media":0,"parent":0,"menu_order":0,"comment_status":"closed","ping_status":"closed","template":"","meta":{"_exactmetrics_skip_tracking":false,"_exactmetrics_sitenote_active":false,"_exactmetrics_sitenote_note":"","_exactmetrics_sitenote_category":0,"footnotes":"","_links_to":"","_links_to_target":""},"class_list":["post-31","page","type-page","status-publish","hentry"],"_links":{"self":[{"href":"https:\/\/www3.unicentro.br\/petengenharias\/wp-json\/wp\/v2\/pages\/31","targetHints":{"allow":["GET"]}}],"collection":[{"href":"https:\/\/www3.unicentro.br\/petengenharias\/wp-json\/wp\/v2\/pages"}],"about":[{"href":"https:\/\/www3.unicentro.br\/petengenharias\/wp-json\/wp\/v2\/types\/page"}],"author":[{"embeddable":true,"href":"https:\/\/www3.unicentro.br\/petengenharias\/wp-json\/wp\/v2\/users\/3"}],"replies":[{"embeddable":true,"href":"https:\/\/www3.unicentro.br\/petengenharias\/wp-json\/wp\/v2\/comments?post=31"}],"version-history":[{"count":0,"href":"https:\/\/www3.unicentro.br\/petengenharias\/wp-json\/wp\/v2\/pages\/31\/revisions"}],"wp:attachment":[{"href":"https:\/\/www3.unicentro.br\/petengenharias\/wp-json\/wp\/v2\/media?parent=31"}],"curies":[{"name":"wp","href":"https:\/\/api.w.org\/{rel}","templated":true}]}}