{"id":29,"date":"2018-09-13T08:45:05","date_gmt":"2018-09-13T11:45:05","guid":{"rendered":"https:\/\/www3.unicentro.br\/petengenharias\/?page_id=29"},"modified":"2025-07-07T23:49:17","modified_gmt":"2025-07-08T02:49:17","slug":"inicial","status":"publish","type":"page","link":"https:\/\/www3.unicentro.br\/petengenharias\/","title":{"rendered":"Inicial"},"content":{"rendered":"<div class=\"wpb-content-wrapper\"><p>[vc_row][vc_column][vc_tta_pageable no_fill_content_area=&#8221;1&#8243; active_section=&#8221;1&#8243; pagination_color=&#8221;black&#8221; css=&#8221;.vc_custom_1546821531599{background-color: #f2f2f2 !important;background-position: center !important;background-repeat: no-repeat !important;background-size: contain !important;border-radius: 1px !important;}&#8221;][vc_tta_section title=&#8221;Se\u00e7\u00e3o 1&#8243; tab_id=&#8221;1546819525676-f9d18100-0345&#8243;][vc_hoverbox image=&#8221;1666&#8243; primary_title=&#8221;&#8221; primary_title_font_container=&#8221;color:%2309b700&#8243; primary_title_google_fonts=&#8221;font_family:Armata%3Aregular|font_style:400%20regular%3A400%3Anormal&#8221; hover_title=&#8221;Fique por dentro das nossas atividades&#8221; hover_title_font_container=&#8221;color:%2359d600&#8243; hover_title_google_fonts=&#8221;font_family:Armata%3Aregular|font_style:400%20regular%3A400%3Anormal&#8221; hover_background_color=&#8221;white&#8221; use_custom_fonts_primary_title=&#8221;true&#8221; use_custom_fonts_hover_title=&#8221;true&#8221; el_class=&#8221;.form-description { max-width: 265px;}&#8221; primary_title_link=&#8221;url:http%3A%2F%2Fwww3.unicentro.br%2Fpetengenharias%2Fprojetos%2F|||&#8221; hover_title_link=&#8221;url:http%3A%2F%2Fwww3.unicentro.br%2Fpetengenharias%2Fprojetos%2F|||&#8221;][\/vc_hoverbox][\/vc_tta_section][vc_tta_section title=&#8221;Se\u00e7\u00e3o 2&#8243; tab_id=&#8221;1546820863141-55074499-91a5&#8243;][vc_hoverbox image=&#8221;200&#8243; primary_title=&#8221;MeSalvaPET!&#8221; primary_title_font_container=&#8221;color:%23ffffff&#8221; primary_title_google_fonts=&#8221;font_family:Armata%3Aregular|font_style:400%20regular%3A400%3Anormal&#8221; hover_title=&#8221;MeSalvaPET!&#8221; hover_title_font_container=&#8221;color:%2359d600&#8243; hover_title_google_fonts=&#8221;font_family:Armata%3Aregular|font_style:400%20regular%3A400%3Anormal&#8221; hover_background_color=&#8221;white&#8221; use_custom_fonts_primary_title=&#8221;true&#8221; use_custom_fonts_hover_title=&#8221;true&#8221; hover_title_link=&#8221;url:http%3A%2F%2Fwww3.unicentro.br%2Fpetengenharias%2Fprojetos%2F2019-2%2Fmesalva-pet%2F|||&#8221;]Envie-nos as suas d\u00favidas de C\u00e1lculo 1![\/vc_hoverbox][\/vc_tta_section][\/vc_tta_pageable][\/vc_column][\/vc_row][vc_row u_row_style=&#8221;0&#8243; u_row_paralax=&#8221;0&#8243; u_row_scheme=&#8221;0&#8243; css=&#8221;.vc_custom_1596136280149{border-radius: 5px !important;}&#8221;][vc_column width=&#8221;1\/4&#8243; css=&#8221;.vc_custom_1478009549695{padding-top: 15px !important;background-color: #f4f4f4 !important;border-radius: 5px !important;}&#8221;][vc_separator][vc_single_image image=&#8221;200&#8243; img_size=&#8221;large&#8221; alignment=&#8221;center&#8221; onclick=&#8221;custom_link&#8221; css=&#8221;.vc_custom_1546822296958{margin-bottom: 0px !important;}&#8221; link=&#8221;https:\/\/www3.unicentro.br\/petengenharias\/pet-engenharias\/pet-engenharias-unicentro\/&#8221;][vc_custom_heading text=&#8221;O que \u00e9 o PET-Engenharias?&#8221; font_container=&#8221;tag:h3|text_align:left&#8221; use_theme_fonts=&#8221;yes&#8221; css=&#8221;&#8221; link=&#8221;url:https%3A%2F%2Fwww3.unicentro.br%2Fpetengenharias%2Fpet-engenharias%2Fo-que-e-o-pet%2F|title:O%20que%20%C3%A9%20o%20PET%3F&#8221;][vc_column_text css=&#8221;&#8221;]<span style=\"color: #808080\"><a style=\"color: #808080\" href=\"https:\/\/www3.unicentro.br\/petengenharias\/pet-engenharias\/o-que-e-o-pet\/\">Conhe\u00e7a a hist\u00f3ria e quais s\u00e3o os prop\u00f3sitos do nosso grupo.<\/a><\/span>[\/vc_column_text][\/vc_column][vc_column width=&#8221;1\/4&#8243; css=&#8221;.vc_custom_1478009539370{padding-top: 15px !important;background-color: #f4f4f4 !important;border-radius: 5px !important;}&#8221;][vc_separator][vc_single_image image=&#8221;458&#8243; img_size=&#8221;full&#8221; alignment=&#8221;center&#8221; style=&#8221;vc_box_border&#8221; onclick=&#8221;custom_link&#8221; css=&#8221;.vc_custom_1594321582904{margin-bottom: 0px !important;}&#8221; link=&#8221;https:\/\/www3.unicentro.br\/petengenharias\/pet-engenharias\/integrantes\/&#8221;][vc_custom_heading text=&#8221;Quem s\u00e3o os participantes do grupo?&#8221; font_container=&#8221;tag:h3|text_align:left&#8221; use_theme_fonts=&#8221;yes&#8221; css=&#8221;&#8221; link=&#8221;url:https%3A%2F%2Fwww3.unicentro.br%2Fpetengenharias%2Fpet-engenharias%2Fintegrantes%2F|title:Integrantes&#8221;][vc_column_text css=&#8221;&#8221;]<span style=\"color: #808080\"><a style=\"color: #808080\" href=\"https:\/\/www3.unicentro.br\/petengenharias\/pet-engenharias\/integrantes\/\">Conhe\u00e7a quem s\u00e3o os participantes do PET-Engenharias<\/a><\/span>[\/vc_column_text][\/vc_column][vc_column width=&#8221;1\/4&#8243; css=&#8221;.vc_custom_1478009545014{padding-top: 15px !important;background-color: #f4f4f4 !important;border-radius: 5px !important;}&#8221;][vc_separator][vc_single_image image=&#8221;200&#8243; img_size=&#8221;large&#8221; alignment=&#8221;center&#8221; onclick=&#8221;custom_link&#8221; css=&#8221;.vc_custom_1546822283151{margin-bottom: 0px !important;}&#8221; link=&#8221;https:\/\/www3.unicentro.br\/petengenharias\/projetos\/&#8221;][vc_custom_heading text=&#8221;Projetos realizados&#8221; font_container=&#8221;tag:h3|text_align:left&#8221; use_theme_fonts=&#8221;yes&#8221; css=&#8221;&#8221; link=&#8221;url:https%3A%2F%2Fwww3.unicentro.br%2Fpetengenharias%2Fprojetos%2F|title:Projetos&#8221;][vc_column_text css=&#8221;&#8221;]<span style=\"color: #808080\"><a style=\"color: #808080\" href=\"https:\/\/www3.unicentro.br\/petengenharias\/projetos\/\">Fique atualizado sobre quais atividades nosso grupo j\u00e1 realizou e est\u00e1 realizando.<\/a><\/span>[\/vc_column_text][\/vc_column][vc_column width=&#8221;1\/4&#8243; css=&#8221;.vc_custom_1596136342640{background-color: #f4f4f4 !important;}&#8221;][vc_separator][vc_single_image image=&#8221;200&#8243; img_size=&#8221;large&#8221; alignment=&#8221;center&#8221; onclick=&#8221;custom_link&#8221; css=&#8221;.vc_custom_1596136140022{margin-bottom: 0px !important;}&#8221; link=&#8221;https:\/\/www3.unicentro.br\/petengenharias\/novidades\/&#8221;][vc_custom_heading text=&#8221;Confira nossos v\u00eddeos!!&#8221; font_container=&#8221;tag:h3|text_align:left&#8221; use_theme_fonts=&#8221;yes&#8221;][vc_column_text]Acompanhe nossas novidades![\/vc_column_text][\/vc_column][\/vc_row][vc_row][vc_column]    \t<section class=\"un-post-listing shortcode-blog-9404 \" data-delay=0>\n            <div class=\"section-inner\">\n                <div class=\"section-header\">\n                    <h1 class=\"pull-left main-color-2\">Post Recentes<\/h1>                                        <div class=\"clearfix\"><\/div>\n                <\/div><!--\/section-header-->\n                <div class=\"section-body\">\n                \t<div class=\"row\">\n                \t\t\t\t\t\t\t\t<div class=\"col-md-6 col-sm-6 col-xs-12 shortcode-blog-item\">\n                                <div class=\"content-pad\">\n                                    <div class=\"post-item row\">\n                                        <div class=\"col-md-6 col-sm-12\">\n                                            <div class=\"content-pad\">\n                                                <div class=\"item-thumbnail\">\n                                                    <a href=\"https:\/\/www3.unicentro.br\/petengenharias\/2026\/03\/26\/projeto-doe-se\/\" title=\"Projeto Doe-se\">\n\t\t\t\t\t\t\t\t\t\t\t\t\t\t                                                        <img loading=\"lazy\" decoding=\"async\" src=\"https:\/\/www3.unicentro.br\/petengenharias\/wp-content\/uploads\/sites\/53\/2026\/03\/Cartaz-doacao-de-sangue-ilustrativo-rosa-e-vermelho-1-526x526.jpg\" width=\"526\" height=\"526\" title=\"Projeto Doe-se\" alt=\"Projeto Doe-se\">\n                                                        \t\t\t\t\t\t\t\t\t\t\t\t\t\t\t\t<span class=\"thumbnail-overlay\">26 de mar\u00e7o de 2026<\/span>\n\t\t\t\t\t\t\t\t\t\t\t\t\t\t                                                    <\/a>\n                                                <\/div>\n                                            <\/div>\n                                        <\/div>\n                                        <div class=\"col-md-6 col-sm-12\">\n                                            <div class=\"content-pad\">\n                                                <div class=\"item-content\">\n                                                    <h3 class=\"item-title\"><a href=\"https:\/\/www3.unicentro.br\/petengenharias\/2026\/03\/26\/projeto-doe-se\/\" title=\"Projeto Doe-se\" class=\"main-color-1-hover\">Projeto Doe-se<\/a><\/h3>\n                                                                                                        <div class=\"shortcode-blog-excerpt\">No dia 16 de mar\u00e7o, foi realizada uma a\u00e7\u00e3o de doa\u00e7\u00e3o de sangue com a participa\u00e7\u00e3o de alunos e professores da Engenharia Florestal.\u00a0 A iniciativa refor\u00e7a a import\u00e2ncia da solidariedade e do cuidado com o pr\u00f3ximo, contribuindo diretamente para salvar vidas. \u2764\ufe0f\ud83e\ude78<\/div>\n                                                                                                        <div class=\"item-meta\">\n                                                    \t                                                                                                                <a href=\"https:\/\/www3.unicentro.br\/petengenharias\/2026\/03\/26\/projeto-doe-se\/#comment\" class=\"main-color-1-hover\" title=\"Ver coment\u00e1rios\">0 COMENT\u00c1RIOS<\/a>\n\t\t\t\t\t\t\t\t\t\t\t\t\t\t                                                    <\/div>\n                                                <\/div>\n                                            <\/div>\n                                        <\/div>\n                                    <\/div><!--\/post-item-->\n                                <\/div>\n                            <\/div><!--\/shortcode-blog-item-->\n\t\t\t\t\t\t\t\t\t\t\t\t\t\t<div class=\"col-md-6 col-sm-6 col-xs-12 shortcode-blog-item\">\n                                <div class=\"content-pad\">\n                                    <div class=\"post-item row\">\n                                        <div class=\"col-md-6 col-sm-12\">\n                                            <div class=\"content-pad\">\n                                                <div class=\"item-thumbnail\">\n                                                    <a href=\"https:\/\/www3.unicentro.br\/petengenharias\/2026\/03\/26\/resultado-pet-engenharias\/\" title=\"RESULTADO \u2013 PET ENGENHARIAS\">\n\t\t\t\t\t\t\t\t\t\t\t\t\t\t                                                        <img loading=\"lazy\" decoding=\"async\" src=\"https:\/\/www3.unicentro.br\/petengenharias\/wp-content\/uploads\/sites\/53\/2026\/03\/1.1-526x526.jpg\" width=\"526\" height=\"526\" title=\"RESULTADO \u2013 PET ENGENHARIAS\" alt=\"RESULTADO \u2013 PET ENGENHARIAS\">\n                                                        \t\t\t\t\t\t\t\t\t\t\t\t\t\t\t\t<span class=\"thumbnail-overlay\">26 de mar\u00e7o de 2026<\/span>\n\t\t\t\t\t\t\t\t\t\t\t\t\t\t                                                    <\/a>\n                                                <\/div>\n                                            <\/div>\n                                        <\/div>\n                                        <div class=\"col-md-6 col-sm-12\">\n                                            <div class=\"content-pad\">\n                                                <div class=\"item-content\">\n                                                    <h3 class=\"item-title\"><a href=\"https:\/\/www3.unicentro.br\/petengenharias\/2026\/03\/26\/resultado-pet-engenharias\/\" title=\"RESULTADO \u2013 PET ENGENHARIAS\" class=\"main-color-1-hover\">RESULTADO \u2013 PET ENGENHARIAS<\/a><\/h3>\n                                                                                                        <div class=\"shortcode-blog-excerpt\">Hoje, dia 26\/03\/2026, foi realizada a classifica\u00e7\u00e3o dos alunos inscritos para integrar o PET Engenharias. Foram selecionados 2 bolsistas e 1 volunt\u00e1rio. Parabenizamos os alunos aprovados e desejamos muito sucesso nessa nova etapa ! Sejam muito bem-vindos ao PET Engenharias! Confira o edital completo no link: https:\/\/drive.google.com\/file\/d\/1Rrhy266xIPHYuTHS8gr-2V8xNNWhx_a6\/view?usp=sharing &nbsp;<\/div>\n                                                                                                        <div class=\"item-meta\">\n                                                    \t                                                                                                                <a href=\"https:\/\/www3.unicentro.br\/petengenharias\/2026\/03\/26\/resultado-pet-engenharias\/#comment\" class=\"main-color-1-hover\" title=\"Ver coment\u00e1rios\">0 COMENT\u00c1RIOS<\/a>\n\t\t\t\t\t\t\t\t\t\t\t\t\t\t                                                    <\/div>\n                                                <\/div>\n                                            <\/div>\n                                        <\/div>\n                                    <\/div><!--\/post-item-->\n                                <\/div>\n                            <\/div><!--\/shortcode-blog-item-->\n\t\t\t\t\t\t\t                            \t<\/div><!--\/row-->\n                                <div class=\"row\">\n\t\t\t\t\t\t\t\t\t\t\t\t\t\t<div class=\"col-md-6 col-sm-6 col-xs-12 shortcode-blog-item\">\n                                <div class=\"content-pad\">\n                                    <div class=\"post-item row\">\n                                        <div class=\"col-md-6 col-sm-12\">\n                                            <div class=\"content-pad\">\n                                                <div class=\"item-thumbnail\">\n                                                    <a href=\"https:\/\/www3.unicentro.br\/petengenharias\/2026\/03\/24\/minicurso-de-tecnicas-de-apresentacao-e-trabalhos-academicos\/\" title=\"Minicurso de T\u00e9cnicas de Apresenta\u00e7\u00e3o e Trabalhos Acad\u00eamicos\">\n\t\t\t\t\t\t\t\t\t\t\t\t\t\t                                                        <img loading=\"lazy\" decoding=\"async\" src=\"https:\/\/www3.unicentro.br\/petengenharias\/wp-content\/uploads\/sites\/53\/2026\/03\/Minicurso_Tec.apresentacao1-526x526.jpeg\" width=\"526\" height=\"526\" title=\"Minicurso de T\u00e9cnicas de Apresenta\u00e7\u00e3o e Trabalhos Acad\u00eamicos\" alt=\"Minicurso de T\u00e9cnicas de Apresenta\u00e7\u00e3o e Trabalhos Acad\u00eamicos\">\n                                                        \t\t\t\t\t\t\t\t\t\t\t\t\t\t\t\t<span class=\"thumbnail-overlay\">24 de mar\u00e7o de 2026<\/span>\n\t\t\t\t\t\t\t\t\t\t\t\t\t\t                                                    <\/a>\n                                                <\/div>\n                                            <\/div>\n                                        <\/div>\n                                        <div class=\"col-md-6 col-sm-12\">\n                                            <div class=\"content-pad\">\n                                                <div class=\"item-content\">\n                                                    <h3 class=\"item-title\"><a href=\"https:\/\/www3.unicentro.br\/petengenharias\/2026\/03\/24\/minicurso-de-tecnicas-de-apresentacao-e-trabalhos-academicos\/\" title=\"Minicurso de T\u00e9cnicas de Apresenta\u00e7\u00e3o e Trabalhos Acad\u00eamicos\" class=\"main-color-1-hover\">Minicurso de T\u00e9cnicas de Apresenta\u00e7\u00e3o e Trabalhos Acad\u00eamicos<\/a><\/h3>\n                                                                                                        <div class=\"shortcode-blog-excerpt\">Na ter\u00e7a-feira (24\/03), foi realizado o minicurso de\u00a0T\u00e9cnicas de Apresenta\u00e7\u00e3o e Trabalhos Acad\u00eamicos, na sala 8 do bloco A, com in\u00edcio \u00e0s 12h30. A atividade foi voltada aos alunos dos primeiros anos de Engenharia Florestal e Engenharia Ambiental, abordando a organiza\u00e7\u00e3o de ideias, a estrutura\u00e7\u00e3o de trabalhos acad\u00eamicos e o desenvolvimento de apresenta\u00e7\u00f5es com clareza [&hellip;]<\/div>\n                                                                                                        <div class=\"item-meta\">\n                                                    \t                                                                                                                <a href=\"https:\/\/www3.unicentro.br\/petengenharias\/2026\/03\/24\/minicurso-de-tecnicas-de-apresentacao-e-trabalhos-academicos\/#comment\" class=\"main-color-1-hover\" title=\"Ver coment\u00e1rios\">0 COMENT\u00c1RIOS<\/a>\n\t\t\t\t\t\t\t\t\t\t\t\t\t\t                                                    <\/div>\n                                                <\/div>\n                                            <\/div>\n                                        <\/div>\n                                    <\/div><!--\/post-item-->\n                                <\/div>\n                            <\/div><!--\/shortcode-blog-item-->\n\t\t\t\t\t\t\t\t\t\t\t\t\t\t<div class=\"col-md-6 col-sm-6 col-xs-12 shortcode-blog-item\">\n                                <div class=\"content-pad\">\n                                    <div class=\"post-item row\">\n                                        <div class=\"col-md-6 col-sm-12\">\n                                            <div class=\"content-pad\">\n                                                <div class=\"item-thumbnail\">\n                                                    <a href=\"https:\/\/www3.unicentro.br\/petengenharias\/2026\/03\/24\/minicurso-de-curriculo-lattes\/\" title=\"Minicurso de Curr\u00edculo Lattes\">\n\t\t\t\t\t\t\t\t\t\t\t\t\t\t                                                        <img loading=\"lazy\" decoding=\"async\" src=\"https:\/\/www3.unicentro.br\/petengenharias\/wp-content\/uploads\/sites\/53\/2026\/03\/Minicurso_Lattes--526x526.jpg\" width=\"526\" height=\"526\" title=\"Minicurso de Curr\u00edculo Lattes\" alt=\"Minicurso de Curr\u00edculo Lattes\">\n                                                        \t\t\t\t\t\t\t\t\t\t\t\t\t\t\t\t<span class=\"thumbnail-overlay\">24 de mar\u00e7o de 2026<\/span>\n\t\t\t\t\t\t\t\t\t\t\t\t\t\t                                                    <\/a>\n                                                <\/div>\n                                            <\/div>\n                                        <\/div>\n                                        <div class=\"col-md-6 col-sm-12\">\n                                            <div class=\"content-pad\">\n                                                <div class=\"item-content\">\n                                                    <h3 class=\"item-title\"><a href=\"https:\/\/www3.unicentro.br\/petengenharias\/2026\/03\/24\/minicurso-de-curriculo-lattes\/\" title=\"Minicurso de Curr\u00edculo Lattes\" class=\"main-color-1-hover\">Minicurso de Curr\u00edculo Lattes<\/a><\/h3>\n                                                                                                        <div class=\"shortcode-blog-excerpt\">No dia 23\/05, foi realizado o minicurso de curr\u00edculo Lattes, ministrado pela Petiana Maria Luiza M. Kubo e contou com o auxilio dos demais petianos, com in\u00edcio \u00e0s 12h30, nas depend\u00eancias do bloco de engenharia florestal. O evento contou com a participa\u00e7\u00e3o dos alunos do cursos de engenharia florestal e engenharia ambiental. O minicurso teve [&hellip;]<\/div>\n                                                                                                        <div class=\"item-meta\">\n                                                    \t                                                                                                                <a href=\"https:\/\/www3.unicentro.br\/petengenharias\/2026\/03\/24\/minicurso-de-curriculo-lattes\/#comment\" class=\"main-color-1-hover\" title=\"Ver coment\u00e1rios\">0 COMENT\u00c1RIOS<\/a>\n\t\t\t\t\t\t\t\t\t\t\t\t\t\t                                                    <\/div>\n                                                <\/div>\n                                            <\/div>\n                                        <\/div>\n                                    <\/div><!--\/post-item-->\n                                <\/div>\n                            <\/div><!--\/shortcode-blog-item-->\n\t\t\t\t\t\t\t                    <\/div><!--\/row-->\n                <\/div><!--\/section-body-->\n            <\/div>\n        <\/section><!--\/un-blog-listing-->\n\t[\/vc_column][\/vc_row][vc_row][vc_column][\/vc_column][\/vc_row]<\/p>\n<\/div>","protected":false},"excerpt":{"rendered":"<p>[vc_row][vc_column][vc_tta_pageable no_fill_content_area=&#8221;1&#8243; active_section=&#8221;1&#8243; pagination_color=&#8221;black&#8221; css=&#8221;.vc_custom_1546821531599{background-color: #f2f2f2 !important;background-position: center !important;background-repeat: no-repeat !important;background-size: contain !important;border-radius: 1px !important;}&#8221;][vc_tta_section title=&#8221;Se\u00e7\u00e3o 1&#8243; tab_id=&#8221;1546819525676-f9d18100-0345&#8243;][vc_hoverbox image=&#8221;1666&#8243; primary_title=&#8221;&#8221; primary_title_font_container=&#8221;color:%2309b700&#8243; primary_title_google_fonts=&#8221;font_family:Armata%3Aregular|font_style:400%20regular%3A400%3Anormal&#8221; hover_title=&#8221;Fique por dentro das nossas atividades&#8221; hover_title_font_container=&#8221;color:%2359d600&#8243; hover_title_google_fonts=&#8221;font_family:Armata%3Aregular|font_style:400%20regular%3A400%3Anormal&#8221; hover_background_color=&#8221;white&#8221; use_custom_fonts_primary_title=&#8221;true&#8221; use_custom_fonts_hover_title=&#8221;true&#8221; el_class=&#8221;.form-description { max-width: 265px;}&#8221; primary_title_link=&#8221;url:http%3A%2F%2Fwww3.unicentro.br%2Fpetengenharias%2Fprojetos%2F|||&#8221; hover_title_link=&#8221;url:http%3A%2F%2Fwww3.unicentro.br%2Fpetengenharias%2Fprojetos%2F|||&#8221;][\/vc_hoverbox][\/vc_tta_section][vc_tta_section title=&#8221;Se\u00e7\u00e3o 2&#8243; tab_id=&#8221;1546820863141-55074499-91a5&#8243;][vc_hoverbox image=&#8221;200&#8243; primary_title=&#8221;MeSalvaPET!&#8221; primary_title_font_container=&#8221;color:%23ffffff&#8221; primary_title_google_fonts=&#8221;font_family:Armata%3Aregular|font_style:400%20regular%3A400%3Anormal&#8221; hover_title=&#8221;MeSalvaPET!&#8221; hover_title_font_container=&#8221;color:%2359d600&#8243; hover_title_google_fonts=&#8221;font_family:Armata%3Aregular|font_style:400%20regular%3A400%3Anormal&#8221; hover_background_color=&#8221;white&#8221; use_custom_fonts_primary_title=&#8221;true&#8221; use_custom_fonts_hover_title=&#8221;true&#8221; hover_title_link=&#8221;url:http%3A%2F%2Fwww3.unicentro.br%2Fpetengenharias%2Fprojetos%2F2019-2%2Fmesalva-pet%2F|||&#8221;]Envie-nos as suas [&hellip;]<\/p>\n","protected":false},"author":3,"featured_media":0,"parent":0,"menu_order":0,"comment_status":"closed","ping_status":"closed","template":"page-templates\/front-page.php","meta":{"_exactmetrics_skip_tracking":false,"_exactmetrics_sitenote_active":false,"_exactmetrics_sitenote_note":"","_exactmetrics_sitenote_category":0,"footnotes":"","_links_to":"","_links_to_target":""},"class_list":["post-29","page","type-page","status-publish","hentry"],"_links":{"self":[{"href":"https:\/\/www3.unicentro.br\/petengenharias\/wp-json\/wp\/v2\/pages\/29","targetHints":{"allow":["GET"]}}],"collection":[{"href":"https:\/\/www3.unicentro.br\/petengenharias\/wp-json\/wp\/v2\/pages"}],"about":[{"href":"https:\/\/www3.unicentro.br\/petengenharias\/wp-json\/wp\/v2\/types\/page"}],"author":[{"embeddable":true,"href":"https:\/\/www3.unicentro.br\/petengenharias\/wp-json\/wp\/v2\/users\/3"}],"replies":[{"embeddable":true,"href":"https:\/\/www3.unicentro.br\/petengenharias\/wp-json\/wp\/v2\/comments?post=29"}],"version-history":[{"count":2,"href":"https:\/\/www3.unicentro.br\/petengenharias\/wp-json\/wp\/v2\/pages\/29\/revisions"}],"predecessor-version":[{"id":1667,"href":"https:\/\/www3.unicentro.br\/petengenharias\/wp-json\/wp\/v2\/pages\/29\/revisions\/1667"}],"wp:attachment":[{"href":"https:\/\/www3.unicentro.br\/petengenharias\/wp-json\/wp\/v2\/media?parent=29"}],"curies":[{"name":"wp","href":"https:\/\/api.w.org\/{rel}","templated":true}]}}