{"id":282,"date":"2019-03-26T11:12:13","date_gmt":"2019-03-26T14:12:13","guid":{"rendered":"https:\/\/www3.unicentro.br\/petengenharias\/?page_id=282"},"modified":"2020-05-27T14:59:05","modified_gmt":"2020-05-27T17:59:05","slug":"2019-2","status":"publish","type":"page","link":"https:\/\/www3.unicentro.br\/petengenharias\/projetos\/2019-2\/","title":{"rendered":"2019 &#8211; Com mais um clique voc\u00ea pode acompanhar o projeto completo!"},"content":{"rendered":"<div class=\"wpb-content-wrapper\"><p>[vc_row gap=&#8221;10&#8243;][vc_column width=&#8221;1\/5&#8243; css=&#8221;.vc_custom_1478009539370{padding-top: 15px !important;background-color: #f4f4f4 !important;border-radius: 5px !important;}&#8221;][vc_single_image image=&#8221;200&#8243; img_size=&#8221;full&#8221; style=&#8221;vc_box_rounded&#8221; css=&#8221;.vc_custom_1553610960471{margin-bottom: 0px !important;}&#8221;][vc_custom_heading text=&#8221;MeSalva PET!&#8221; font_container=&#8221;tag:h3|text_align:left&#8221; use_theme_fonts=&#8221;yes&#8221; link=&#8221;url:http%3A%2F%2Fwww3.unicentro.br%2Fpetengenharias%2Fprojetos%2F2019-2%2Fmesalva-pet%2F||target:%20_blank|&#8221;][vc_column_text]Tire as suas d\u00favidas aqui![\/vc_column_text][\/vc_column][vc_column width=&#8221;1\/5&#8243;][vc_single_image image=&#8221;326&#8243; img_size=&#8221;full&#8221; style=&#8221;vc_box_rounded&#8221;][vc_custom_heading text=&#8221;Hora do Calouro&#8221; font_container=&#8221;tag:h3|text_align:left&#8221; use_theme_fonts=&#8221;yes&#8221; link=&#8221;url:http%3A%2F%2Fwww3.unicentro.br%2Fpetengenharias%2Fprojetos-2019-2-hora-do-calouro-_blank%2F|title:2019|target:%20_blank|&#8221;][vc_column_text]Recep\u00e7\u00e3o calorosa para nossos alunos![\/vc_column_text][\/vc_column][vc_column width=&#8221;1\/5&#8243;][vc_single_image image=&#8221;326&#8243; img_size=&#8221;full&#8221; style=&#8221;vc_box_rounded&#8221;][vc_custom_heading text=&#8221;Geladeiroteca&#8221; font_container=&#8221;tag:h3|text_align:left&#8221; use_theme_fonts=&#8221;yes&#8221; link=&#8221;url:https%3A%2F%2Fwww3.unicentro.br%2Fpetengenharias%2Fprojetos-2019-2-geladeiroteca-_blank-_blank%2F||target:%20_blank|&#8221;][vc_column_text]Alimentando o desejo de conhecimento![\/vc_column_text][\/vc_column][vc_column width=&#8221;1\/5&#8243;][vc_single_image image=&#8221;326&#8243; img_size=&#8221;full&#8221; style=&#8221;vc_box_rounded&#8221;][vc_custom_heading text=&#8221;Doe-se&#8221; font_container=&#8221;tag:h3|text_align:left&#8221; use_theme_fonts=&#8221;yes&#8221; link=&#8221;url:https%3A%2F%2Fwww3.unicentro.br%2Fpetengenharias%2Fprojetos-2019-2-doe-se-_blank-_blank%2F||target:%20_blank|&#8221;][vc_column_text]Doa\u00e7\u00e3o de sangue, salvando vidas![\/vc_column_text][\/vc_column][vc_column width=&#8221;1\/5&#8243;][vc_single_image image=&#8221;326&#8243; img_size=&#8221;full&#8221; style=&#8221;vc_box_rounded&#8221;][vc_custom_heading text=&#8221;Minicurso: Word e reda\u00e7\u00e3o cient\u00edfica&#8221; font_container=&#8221;tag:h3|text_align:left&#8221; use_theme_fonts=&#8221;yes&#8221; link=&#8221;url:http%3A%2F%2Fwww3.unicentro.br%2Fpetengenharias%2Fprojetos-2019-2-word-e-redacao-cientifica-_blank-_blank%2F|title:Word%20e%20reda%C3%A7%C3%A3o%20cient%C3%ADfica|target:%20_blank|&#8221;][vc_column_text]Realiza\u00e7\u00e3o de pr\u00e1ticas de forma\u00e7\u00e3o complementar dos discentes.[\/vc_column_text][\/vc_column][\/vc_row][vc_row][vc_column width=&#8221;1\/5&#8243;][vc_single_image image=&#8221;326&#8243; img_size=&#8221;full&#8221; style=&#8221;vc_box_rounded&#8221;][vc_custom_heading text=&#8221;Minicurso: Excel&#8221; font_container=&#8221;tag:h3|text_align:left&#8221; use_theme_fonts=&#8221;yes&#8221; link=&#8221;url:http%3A%2F%2Fwww3.unicentro.br%2Fpetengenharias%2Fprojetos-2019-2-excel%2F|title:Excel|target:%20_blank|&#8221;][vc_column_text]Realiza\u00e7\u00e3o de pr\u00e1ticas de forma\u00e7\u00e3o complementar dos discentes.[\/vc_column_text][\/vc_column][vc_column width=&#8221;1\/5&#8243;][vc_single_image image=&#8221;326&#8243; img_size=&#8221;full&#8221; style=&#8221;vc_box_rounded&#8221;][vc_custom_heading text=&#8221;Minicurso: Power point e orat\u00f3ria&#8221; font_container=&#8221;tag:h3|text_align:left&#8221; use_theme_fonts=&#8221;yes&#8221; link=&#8221;url:http%3A%2F%2Fwww3.unicentro.br%2Fpetengenharias%2Fprojetos-2019-2-power-point-e-oratoria%2F|title:Power%20point%20e%20orat%C3%B3ria|target:%20_blank|&#8221;][vc_column_text]Realiza\u00e7\u00e3o de pr\u00e1ticas de forma\u00e7\u00e3o complementar dos discentes.[\/vc_column_text][\/vc_column][vc_column width=&#8221;1\/5&#8243;][vc_single_image image=&#8221;326&#8243; img_size=&#8221;full&#8221; style=&#8221;vc_box_rounded&#8221;][vc_custom_heading text=&#8221;Oficina de calculadora cient\u00edfica&#8221; font_container=&#8221;tag:h3|text_align:left&#8221; use_theme_fonts=&#8221;yes&#8221; link=&#8221;url:http%3A%2F%2Fwww3.unicentro.br%2Fpetengenharias%2Fprojetos-2019-2-calculadora-cientifica%2F|title:Calculadora%20cient%C3%ADfica|target:%20_blank|&#8221;][vc_column_text]Realiza\u00e7\u00e3o de pr\u00e1ticas de forma\u00e7\u00e3o complementar dos discentes.[\/vc_column_text][\/vc_column][vc_column width=&#8221;1\/5&#8243;][vc_single_image image=&#8221;326&#8243; img_size=&#8221;full&#8221; style=&#8221;vc_box_rounded&#8221;][vc_custom_heading text=&#8221;Minicurso: Matem\u00e1tica b\u00e1sica&#8221; font_container=&#8221;tag:h3|text_align:left&#8221; use_theme_fonts=&#8221;yes&#8221; link=&#8221;url:http%3A%2F%2Fwww3.unicentro.br%2Fpetengenharias%2Fprojetos-2019-2-matematica-basica%2F|title:Matem%C3%A1tica%20b%C3%A1sica|target:%20_blank|&#8221;][vc_column_text]Realiza\u00e7\u00e3o de pr\u00e1ticas de forma\u00e7\u00e3o complementar dos discentes.[\/vc_column_text][\/vc_column][vc_column width=&#8221;1\/5&#8243;][vc_single_image image=&#8221;326&#8243; img_size=&#8221;full&#8221; style=&#8221;vc_box_rounded&#8221;][vc_custom_heading text=&#8221;Oficina de produ\u00e7\u00e3o de curr\u00edculo lattes&#8221; font_container=&#8221;tag:h3|text_align:left&#8221; use_theme_fonts=&#8221;yes&#8221; link=&#8221;url:http%3A%2F%2Fwww3.unicentro.br%2Fpetengenharias%2Fprojetos-2019-2-producao-de-curriculo-lattes%2F|title:Produ%C3%A7%C3%A3o%20de%20curriculo%20lattes|target:%20_blank|&#8221;][vc_column_text]Realiza\u00e7\u00e3o de pr\u00e1ticas de forma\u00e7\u00e3o complementar dos discentes.[\/vc_column_text][\/vc_column][\/vc_row][vc_row][vc_column width=&#8221;1\/5&#8243;][vc_single_image image=&#8221;326&#8243; img_size=&#8221;full&#8221; style=&#8221;vc_box_rounded&#8221;][vc_custom_heading text=&#8221;Minicurso: F\u00edsica I&#8221; font_container=&#8221;tag:h3|text_align:left&#8221; use_theme_fonts=&#8221;yes&#8221; link=&#8221;url:http%3A%2F%2Fwww3.unicentro.br%2Fpetengenharias%2Fprojetos-2019-2-fisica%2F|title:F%C3%ADsica|target:%20_blank|&#8221;][vc_column_text]Realiza\u00e7\u00e3o de pr\u00e1ticas de forma\u00e7\u00e3o complementar dos discentes.[\/vc_column_text][\/vc_column][vc_column width=&#8221;1\/5&#8243;][vc_single_image image=&#8221;326&#8243; img_size=&#8221;full&#8221; style=&#8221;vc_box_rounded&#8221;][vc_custom_heading text=&#8221;Curso software R&#8221; font_container=&#8221;tag:h3|text_align:left&#8221; use_theme_fonts=&#8221;yes&#8221; link=&#8221;url:http%3A%2F%2Fwww3.unicentro.br%2Fpetengenharias%2Fprojetos-2019-2-curso-r%2F|title:Curso%20R|target:%20_blank|&#8221;][vc_column_text]Promo\u00e7\u00e3o sociocultural dos discentes e docentes.[\/vc_column_text][\/vc_column][vc_column width=&#8221;1\/5&#8243;][vc_single_image image=&#8221;326&#8243; img_size=&#8221;full&#8221; style=&#8221;vc_box_rounded&#8221;][vc_custom_heading text=&#8221;Palestra APEAM&#8221; font_container=&#8221;tag:h3|text_align:left&#8221; use_theme_fonts=&#8221;yes&#8221; link=&#8221;url:http%3A%2F%2Fwww3.unicentro.br%2Fpetengenharias%2Fprojetos-2019-2-palestra-apeam%2F|title:Palestra%20APEAM|target:%20_blank|&#8221;][vc_column_text]Promo\u00e7\u00e3o sociocultural dos discentes e docentes.[\/vc_column_text][\/vc_column][vc_column width=&#8221;1\/5&#8243;][vc_single_image image=&#8221;326&#8243; img_size=&#8221;full&#8221; style=&#8221;vc_box_rounded&#8221;][vc_custom_heading text=&#8221;Educa\u00e7\u00e3o ambiental- CTA&#8221; font_container=&#8221;tag:h3|text_align:left&#8221; use_theme_fonts=&#8221;yes&#8221; link=&#8221;url:http%3A%2F%2Fwww3.unicentro.br%2Fpetengenharias%2Fprojetos-2019-2-educacao-ambiental-cta%2F|title:Educa%C3%A7%C3%A3o%20ambiental-%20CTA|target:%20_blank|&#8221;][vc_column_text]Utiliza\u00e7\u00e3o sustent\u00e1vel dos recursos naturais em ambiente escolar.[\/vc_column_text][\/vc_column][vc_column width=&#8221;1\/5&#8243;][vc_single_image image=&#8221;326&#8243; img_size=&#8221;full&#8221; style=&#8221;vc_box_rounded&#8221;][vc_custom_heading text=&#8221;Estudo comparativo: Compostagem e vermicompostagem&#8221; font_container=&#8221;tag:h3|text_align:left&#8221; use_theme_fonts=&#8221;yes&#8221; link=&#8221;url:http%3A%2F%2Fwww3.unicentro.br%2Fpetengenharias%2Fprojetos-2019-2-estudo-comparativo-compostagem-e-vermicompostagem%2F|title:Estudo%20comparativo%20compostagem%20e%20vermicompostagem|target:%20_blank|&#8221;][vc_column_text]Utiliza\u00e7\u00e3o sustent\u00e1vel dos recursos naturais na universidade.[\/vc_column_text][\/vc_column][\/vc_row][vc_row][vc_column width=&#8221;1\/5&#8243;][vc_single_image image=&#8221;326&#8243; img_size=&#8221;full&#8221; style=&#8221;vc_box_rounded&#8221;][vc_custom_heading text=&#8221;Campanha contra os descart\u00e1veis&#8221; font_container=&#8221;tag:h3|text_align:left&#8221; use_theme_fonts=&#8221;yes&#8221; link=&#8221;url:http%3A%2F%2Fwww3.unicentro.br%2Fpetengenharias%2Fprojetos-2019-2-campanha-contra-descartaveis%2F|title:Campanha%20contra%20descart%C3%A1veis|target:%20_blank|&#8221;][vc_column_text]Utiliza\u00e7\u00e3o sustent\u00e1vel dos recursos naturais na universidade.[\/vc_column_text][\/vc_column][vc_column width=&#8221;1\/5&#8243;][vc_single_image image=&#8221;326&#8243; img_size=&#8221;full&#8221; style=&#8221;vc_box_rounded&#8221;][vc_custom_heading text=&#8221;Campanha de coleta de eletroeletr\u00f4nicos&#8221; font_container=&#8221;tag:h3|text_align:left&#8221; use_theme_fonts=&#8221;yes&#8221; link=&#8221;url:http%3A%2F%2Fwww3.unicentro.br%2Fpetengenharias%2Fprojetos-2019-2-campanha-de-coleta-de-eletroeletronicos%2F|title:Campanha%20de%20coleta%20de%20eletroeletr%C3%B4nicos|target:%20_blank|&#8221;][vc_column_text]Utiliza\u00e7\u00e3o sustent\u00e1vel dos recursos naturais na universidade.[\/vc_column_text][\/vc_column][vc_column width=&#8221;1\/5&#8243;][vc_single_image image=&#8221;326&#8243; img_size=&#8221;full&#8221; style=&#8221;vc_box_rounded&#8221;][vc_custom_heading text=&#8221;Conhecendo o ambiente- Identifica\u00e7\u00e3o de \u00e1rvores&#8221; font_container=&#8221;tag:h3|text_align:left&#8221; use_theme_fonts=&#8221;yes&#8221; link=&#8221;url:http%3A%2F%2Fwww3.unicentro.br%2Fpetengenharias%2Fprojetos-2019-2-conhecendo-o-ambiente-identificacao-de-arvores%2F|title:Conhecendo%20o%20ambiente-%20Identifica%C3%A7%C3%A3o%20de%20%C3%A1rvores|target:%20_blank|&#8221;][vc_column_text]Utiliza\u00e7\u00e3o sustent\u00e1vel dos recursos naturais na universidade.[\/vc_column_text][\/vc_column][vc_column width=&#8221;1\/5&#8243;][vc_single_image image=&#8221;326&#8243; img_size=&#8221;full&#8221; style=&#8221;vc_box_rounded&#8221;][vc_custom_heading text=&#8221;Visita AMBEV&#8221; font_container=&#8221;tag:h3|text_align:left&#8221; use_theme_fonts=&#8221;yes&#8221; link=&#8221;url:http%3A%2F%2Fwww3.unicentro.br%2Fpetengenharias%2Fprojetos-2019-2-visita-ambev%2F|title:Visita%20AMBEV|target:%20_blank|&#8221;][vc_column_text]VISITEC-PET-ENGENHARIAS[\/vc_column_text][\/vc_column][vc_column width=&#8221;1\/5&#8243;][vc_single_image image=&#8221;326&#8243; img_size=&#8221;full&#8221; style=&#8221;vc_box_rounded&#8221;][vc_custom_heading text=&#8221;Trazendo novos alunos!&#8221; font_container=&#8221;tag:h3|text_align:left&#8221; use_theme_fonts=&#8221;yes&#8221; link=&#8221;url:http%3A%2F%2Fwww3.unicentro.br%2Fpetengenharias%2Fprojetos-2019-2-divulgacao-das-engenharias%2F|title:Divulga%C3%A7%C3%A3o%20das%20engenharias|target:%20_blank|&#8221;][vc_column_text]Divulga\u00e7\u00e3o dos cursos de Engenharia Ambiental e Engenharia Florestal.[\/vc_column_text][\/vc_column][\/vc_row]<\/p>\n<\/div>","protected":false},"excerpt":{"rendered":"<p>[vc_row gap=&#8221;10&#8243;][vc_column width=&#8221;1\/5&#8243; css=&#8221;.vc_custom_1478009539370{padding-top: 15px !important;background-color: #f4f4f4 !important;border-radius: 5px !important;}&#8221;][vc_single_image image=&#8221;200&#8243; img_size=&#8221;full&#8221; style=&#8221;vc_box_rounded&#8221; css=&#8221;.vc_custom_1553610960471{margin-bottom: 0px !important;}&#8221;][vc_custom_heading text=&#8221;MeSalva PET!&#8221; font_container=&#8221;tag:h3|text_align:left&#8221; use_theme_fonts=&#8221;yes&#8221; link=&#8221;url:http%3A%2F%2Fwww3.unicentro.br%2Fpetengenharias%2Fprojetos%2F2019-2%2Fmesalva-pet%2F||target:%20_blank|&#8221;][vc_column_text]Tire as suas d\u00favidas aqui![\/vc_column_text][\/vc_column][vc_column width=&#8221;1\/5&#8243;][vc_single_image image=&#8221;326&#8243; img_size=&#8221;full&#8221; style=&#8221;vc_box_rounded&#8221;][vc_custom_heading text=&#8221;Hora do Calouro&#8221; font_container=&#8221;tag:h3|text_align:left&#8221; use_theme_fonts=&#8221;yes&#8221; link=&#8221;url:http%3A%2F%2Fwww3.unicentro.br%2Fpetengenharias%2Fprojetos-2019-2-hora-do-calouro-_blank%2F|title:2019|target:%20_blank|&#8221;][vc_column_text]Recep\u00e7\u00e3o calorosa para nossos alunos![\/vc_column_text][\/vc_column][vc_column width=&#8221;1\/5&#8243;][vc_single_image image=&#8221;326&#8243; img_size=&#8221;full&#8221; style=&#8221;vc_box_rounded&#8221;][vc_custom_heading text=&#8221;Geladeiroteca&#8221; font_container=&#8221;tag:h3|text_align:left&#8221; use_theme_fonts=&#8221;yes&#8221; link=&#8221;url:https%3A%2F%2Fwww3.unicentro.br%2Fpetengenharias%2Fprojetos-2019-2-geladeiroteca-_blank-_blank%2F||target:%20_blank|&#8221;][vc_column_text]Alimentando o desejo de conhecimento![\/vc_column_text][\/vc_column][vc_column width=&#8221;1\/5&#8243;][vc_single_image image=&#8221;326&#8243; img_size=&#8221;full&#8221; style=&#8221;vc_box_rounded&#8221;][vc_custom_heading [&hellip;]<\/p>\n","protected":false},"author":145,"featured_media":0,"parent":45,"menu_order":0,"comment_status":"closed","ping_status":"closed","template":"","meta":{"_exactmetrics_skip_tracking":false,"_exactmetrics_sitenote_active":false,"_exactmetrics_sitenote_note":"","_exactmetrics_sitenote_category":0,"footnotes":"","_links_to":"","_links_to_target":""},"class_list":["post-282","page","type-page","status-publish","hentry"],"_links":{"self":[{"href":"https:\/\/www3.unicentro.br\/petengenharias\/wp-json\/wp\/v2\/pages\/282","targetHints":{"allow":["GET"]}}],"collection":[{"href":"https:\/\/www3.unicentro.br\/petengenharias\/wp-json\/wp\/v2\/pages"}],"about":[{"href":"https:\/\/www3.unicentro.br\/petengenharias\/wp-json\/wp\/v2\/types\/page"}],"author":[{"embeddable":true,"href":"https:\/\/www3.unicentro.br\/petengenharias\/wp-json\/wp\/v2\/users\/145"}],"replies":[{"embeddable":true,"href":"https:\/\/www3.unicentro.br\/petengenharias\/wp-json\/wp\/v2\/comments?post=282"}],"version-history":[{"count":0,"href":"https:\/\/www3.unicentro.br\/petengenharias\/wp-json\/wp\/v2\/pages\/282\/revisions"}],"up":[{"embeddable":true,"href":"https:\/\/www3.unicentro.br\/petengenharias\/wp-json\/wp\/v2\/pages\/45"}],"wp:attachment":[{"href":"https:\/\/www3.unicentro.br\/petengenharias\/wp-json\/wp\/v2\/media?parent=282"}],"curies":[{"name":"wp","href":"https:\/\/api.w.org\/{rel}","templated":true}]}}