{"id":258,"date":"2019-01-06T23:17:43","date_gmt":"2019-01-07T01:17:43","guid":{"rendered":"https:\/\/www3.unicentro.br\/petengenharias\/?page_id=258"},"modified":"2019-01-06T23:28:02","modified_gmt":"2019-01-07T01:28:02","slug":"2014-2","status":"publish","type":"page","link":"https:\/\/www3.unicentro.br\/petengenharias\/projetos\/2014-2\/","title":{"rendered":"2014"},"content":{"rendered":"<div class=\"wpb-content-wrapper\"><p>[vc_row gap=&#8221;10&#8243;][vc_column width=&#8221;1\/3&#8243; css=&#8221;.vc_custom_1478009539370{padding-top: 15px !important;background-color: #f4f4f4 !important;border-radius: 5px !important;}&#8221;][vc_single_image image=&#8221;200&#8243; img_size=&#8221;full&#8221; style=&#8221;vc_box_rounded&#8221; css=&#8221;.vc_custom_1546823848603{margin-bottom: 0px !important;}&#8221;][vc_custom_heading text=&#8221; Recep\u00e7\u00e3o aos calouros&#8221; font_container=&#8221;tag:h3|text_align:left&#8221; use_theme_fonts=&#8221;yes&#8221;][\/vc_column][vc_column width=&#8221;1\/3&#8243; css=&#8221;.vc_custom_1478009545014{padding-top: 15px !important;background-color: #f4f4f4 !important;border-radius: 5px !important;}&#8221;][vc_single_image image=&#8221;200&#8243; img_size=&#8221;full&#8221; style=&#8221;vc_box_rounded&#8221; css=&#8221;.vc_custom_1546824198211{margin-bottom: 0px !important;}&#8221;][vc_custom_heading text=&#8221;Desfile da Proclama\u00e7\u00e3o da Republica&#8221; font_container=&#8221;tag:h3|text_align:left&#8221; use_theme_fonts=&#8221;yes&#8221;][\/vc_column][vc_column width=&#8221;1\/3&#8243; css=&#8221;.vc_custom_1478009549695{padding-top: 15px !important;background-color: #f4f4f4 !important;border-radius: 5px !important;}&#8221;][vc_single_image image=&#8221;200&#8243; img_size=&#8221;full&#8221; style=&#8221;vc_box_rounded&#8221; css=&#8221;.vc_custom_1546824230865{margin-bottom: 0px !important;}&#8221;][vc_custom_heading text=&#8221;II Edi\u00e7\u00e3o da Festa da Floresta&#8221; font_container=&#8221;tag:h3|text_align:left&#8221; use_theme_fonts=&#8221;yes&#8221;][\/vc_column][\/vc_row][vc_row gap=&#8221;10&#8243;][vc_column width=&#8221;1\/3&#8243; css=&#8221;.vc_custom_1478009539370{padding-top: 15px !important;background-color: #f4f4f4 !important;border-radius: 5px !important;}&#8221;][vc_single_image image=&#8221;256&#8243; img_size=&#8221;full&#8221; style=&#8221;vc_box_rounded&#8221; css=&#8221;.vc_custom_1546824297236{margin-bottom: 0px !important;}&#8221;][vc_custom_heading text=&#8221; 8\u00ba JOPARPET&#8221; font_container=&#8221;tag:h3|text_align:left&#8221; use_theme_fonts=&#8221;yes&#8221;][vc_column_text]Alguns alunos do PET engenharias \u00a0marcaram presen\u00e7a na oitava edi\u00e7\u00e3o da jornada paranaense dos pets (8\u00b0 Joparpet) realizado na cidade de Guarapuava no Campus Universit\u00e1rio do CEDETG UNICENTRO.[\/vc_column_text][\/vc_column][vc_column width=&#8221;1\/3&#8243; css=&#8221;.vc_custom_1478009545014{padding-top: 15px !important;background-color: #f4f4f4 !important;border-radius: 5px !important;}&#8221;][vc_single_image image=&#8221;264&#8243; img_size=&#8221;full&#8221; style=&#8221;vc_box_rounded&#8221; css=&#8221;.vc_custom_1546824363187{margin-bottom: 0px !important;}&#8221;][vc_custom_heading text=&#8221;Divulga\u00e7\u00e3o do vestibular&#8221; font_container=&#8221;tag:h3|text_align:left&#8221; use_theme_fonts=&#8221;yes&#8221;][vc_column_text]Divulga\u00e7\u00e3o do vestibular de ver\u00e3o no Col\u00e9gio Estadual Polivalente de Apucarana nas turmas de terceiro ano.[\/vc_column_text][\/vc_column][vc_column width=&#8221;1\/3&#8243; css=&#8221;.vc_custom_1478009549695{padding-top: 15px !important;background-color: #f4f4f4 !important;border-radius: 5px !important;}&#8221;][vc_single_image image=&#8221;200&#8243; img_size=&#8221;full&#8221; style=&#8221;vc_box_rounded&#8221; css=&#8221;.vc_custom_1546824230865{margin-bottom: 0px !important;}&#8221;][vc_custom_heading text=&#8221;Grupo de Estudos&#8221; font_container=&#8221;tag:h3|text_align:left&#8221; use_theme_fonts=&#8221;yes&#8221;][\/vc_column][\/vc_row][vc_row gap=&#8221;10&#8243;][vc_column width=&#8221;1\/3&#8243; css=&#8221;.vc_custom_1478009539370{padding-top: 15px !important;background-color: #f4f4f4 !important;border-radius: 5px !important;}&#8221;][vc_single_image image=&#8221;200&#8243; img_size=&#8221;full&#8221; style=&#8221;vc_box_rounded&#8221; css=&#8221;.vc_custom_1546824461639{margin-bottom: 0px !important;}&#8221;][vc_custom_heading text=&#8221;Cartilha do Calouro&#8221; font_container=&#8221;tag:h3|text_align:left&#8221; use_theme_fonts=&#8221;yes&#8221;][\/vc_column][\/vc_row]<\/p>\n<\/div>","protected":false},"excerpt":{"rendered":"<p>[vc_row gap=&#8221;10&#8243;][vc_column width=&#8221;1\/3&#8243; css=&#8221;.vc_custom_1478009539370{padding-top: 15px !important;background-color: #f4f4f4 !important;border-radius: 5px !important;}&#8221;][vc_single_image image=&#8221;200&#8243; img_size=&#8221;full&#8221; style=&#8221;vc_box_rounded&#8221; css=&#8221;.vc_custom_1546823848603{margin-bottom: 0px !important;}&#8221;][vc_custom_heading text=&#8221; Recep\u00e7\u00e3o aos calouros&#8221; font_container=&#8221;tag:h3|text_align:left&#8221; use_theme_fonts=&#8221;yes&#8221;][\/vc_column][vc_column width=&#8221;1\/3&#8243; css=&#8221;.vc_custom_1478009545014{padding-top: 15px !important;background-color: #f4f4f4 !important;border-radius: 5px !important;}&#8221;][vc_single_image image=&#8221;200&#8243; img_size=&#8221;full&#8221; style=&#8221;vc_box_rounded&#8221; css=&#8221;.vc_custom_1546824198211{margin-bottom: 0px !important;}&#8221;][vc_custom_heading text=&#8221;Desfile da Proclama\u00e7\u00e3o da Republica&#8221; font_container=&#8221;tag:h3|text_align:left&#8221; use_theme_fonts=&#8221;yes&#8221;][\/vc_column][vc_column width=&#8221;1\/3&#8243; css=&#8221;.vc_custom_1478009549695{padding-top: 15px !important;background-color: #f4f4f4 !important;border-radius: 5px !important;}&#8221;][vc_single_image image=&#8221;200&#8243; img_size=&#8221;full&#8221; style=&#8221;vc_box_rounded&#8221; css=&#8221;.vc_custom_1546824230865{margin-bottom: [&hellip;]<\/p>\n","protected":false},"author":145,"featured_media":0,"parent":45,"menu_order":0,"comment_status":"closed","ping_status":"closed","template":"","meta":{"_exactmetrics_skip_tracking":false,"_exactmetrics_sitenote_active":false,"_exactmetrics_sitenote_note":"","_exactmetrics_sitenote_category":0,"footnotes":"","_links_to":"","_links_to_target":""},"class_list":["post-258","page","type-page","status-publish","hentry"],"_links":{"self":[{"href":"https:\/\/www3.unicentro.br\/petengenharias\/wp-json\/wp\/v2\/pages\/258","targetHints":{"allow":["GET"]}}],"collection":[{"href":"https:\/\/www3.unicentro.br\/petengenharias\/wp-json\/wp\/v2\/pages"}],"about":[{"href":"https:\/\/www3.unicentro.br\/petengenharias\/wp-json\/wp\/v2\/types\/page"}],"author":[{"embeddable":true,"href":"https:\/\/www3.unicentro.br\/petengenharias\/wp-json\/wp\/v2\/users\/145"}],"replies":[{"embeddable":true,"href":"https:\/\/www3.unicentro.br\/petengenharias\/wp-json\/wp\/v2\/comments?post=258"}],"version-history":[{"count":0,"href":"https:\/\/www3.unicentro.br\/petengenharias\/wp-json\/wp\/v2\/pages\/258\/revisions"}],"up":[{"embeddable":true,"href":"https:\/\/www3.unicentro.br\/petengenharias\/wp-json\/wp\/v2\/pages\/45"}],"wp:attachment":[{"href":"https:\/\/www3.unicentro.br\/petengenharias\/wp-json\/wp\/v2\/media?parent=258"}],"curies":[{"name":"wp","href":"https:\/\/api.w.org\/{rel}","templated":true}]}}