{"id":161,"date":"2019-01-03T19:15:58","date_gmt":"2019-01-03T21:15:58","guid":{"rendered":"https:\/\/www3.unicentro.br\/petengenharias\/?page_id=161"},"modified":"2019-01-03T19:17:55","modified_gmt":"2019-01-03T21:17:55","slug":"heloisa-pontarolo","status":"publish","type":"page","link":"https:\/\/www3.unicentro.br\/petengenharias\/heloisa-pontarolo\/","title":{"rendered":"Heloisa Pontarolo"},"content":{"rendered":"<div class=\"wpb-content-wrapper\"><p>[vc_row full_width=&#8221;stretch_row&#8221; u_row_style=&#8221;0&#8243; u_row_paralax=&#8221;0&#8243; u_row_scheme=&#8221;0&#8243; css=&#8221;.vc_custom_1546548569826{padding-top: 100px !important;padding-bottom: 100px !important;background-position: center !important;background-repeat: no-repeat !important;background-size: cover !important;}&#8221;][vc_column width=&#8221;11\/12&#8243;][vc_single_image image=&#8221;162&#8243; alignment=&#8221;center&#8221; style=&#8221;vc_box_border_circle&#8221; border_color=&#8221;white&#8221;][vc_custom_heading text=&#8221;Heloisa Pontarolo&#8221; font_container=&#8221;tag:h1|text_align:center|color:%23000000&#8243; use_theme_fonts=&#8221;yes&#8221;][vc_column_text]Curso: Engenharia Ambiental<br \/>\ne-mail: helopontarolo@gmail.com<br \/>\nLattes:\u00a0\u00a0<a href=\"http:\/\/lattes.cnpq.br\/5581740432037247\">http:\/\/lattes.cnpq.br\/5581740432037247\u00a0<\/a><br \/>\nIngresso no PET: Fevereiro de 2015<br \/>\nEgresso do PET: Julho de 2017<\/p>\n<p>&nbsp;<\/p>\n<p style=\"text-align: center\">Hoje, venho por meio dessa carta, me despedir do grupo PET-Engenharias.<br \/>\nA partir de agora sigo para outra fase da minha vida acad\u00eamica<br \/>\nonde terei a responsabilidade de trabalhar em benef\u00edcio do meio ambiente e<br \/>\naplicar todas as teorias aprendidas at\u00e9 aqui. Gostaria de agradecer<br \/>\nprimeiramente aos tutores prof. Hil\u00e1rio e prof. Daniele que acolheram e<br \/>\nacreditaram nas minhas propostas de atividades, sempre incentivando a sermos melhores naquilo que fazemos.<br \/>\nGostaria de agradecer tamb\u00e9m a todos os petianos que passaram pelo<br \/>\ngrupo desde setembro de 2014, que foi o per\u00edodo o qual me vinculei. Obrigada<br \/>\npelo aprendizado de trabalhar com cada um de voc\u00eas, por me ensinar que cada<br \/>\num tem suas particularidades e que devemos sempre, acima de tudo, respeitar<br \/>\na posi\u00e7\u00e3o e opini\u00e3o do outro. Acredito que essa \u00e9 uma das maiores virtudes que<br \/>\ntemos no grupo PET-Engenharias, a qual atribui tanto sucesso nas atividades<br \/>\nque realizamos.<br \/>\nAgrade\u00e7o tamb\u00e9m a todos os momentos de descontra\u00e7\u00e3o, aos churrascos<br \/>\ne ao JOPARPET\u2019s que participamos juntos. Aos imprevistos de \u00faltima hora que<br \/>\nsurgiram em alguma atividade e entre tantas coisas que j\u00e1 passamos, mas que<br \/>\ncom a uni\u00e3o de todos os petianos sempre cumprimos com os nossos objetivos<br \/>\ne responsabilidades. Toda a viv\u00eancia e aprendizado com o grupo contribu\u00edram<br \/>\nmuito para o meu crescimento pessoal e profissional. Com toda certeza, levarei<br \/>\nsempre o PET-Engenharias comigo e lembrarei com muito carinho de tudo e de todos.<br \/>\nEntre tantos projetos que a universidade me proporcionou, n\u00e3o tenho<br \/>\nd\u00favidas de dizer que o PET foi o melhor projeto que pude participar e contribuir.<br \/>\nDesejo que o grupo sempre prospere e se fortale\u00e7a cada vez mais, e que os<br \/>\nnovos integrantes sempre reconhe\u00e7am o orgulho de ser um petiano, sempre<br \/>\nhonrando sua perman\u00eancia no grupo.<br \/>\nContem comigo sempre que precisarem! Um abra\u00e7o a todos!<\/p>\n<p>[\/vc_column_text][\/vc_column][\/vc_row]<\/p>\n<\/div>","protected":false},"excerpt":{"rendered":"<p>[vc_row full_width=&#8221;stretch_row&#8221; u_row_style=&#8221;0&#8243; u_row_paralax=&#8221;0&#8243; u_row_scheme=&#8221;0&#8243; css=&#8221;.vc_custom_1546548569826{padding-top: 100px !important;padding-bottom: 100px !important;background-position: center !important;background-repeat: no-repeat !important;background-size: cover !important;}&#8221;][vc_column width=&#8221;11\/12&#8243;][vc_single_image image=&#8221;162&#8243; alignment=&#8221;center&#8221; style=&#8221;vc_box_border_circle&#8221; border_color=&#8221;white&#8221;][vc_custom_heading text=&#8221;Heloisa Pontarolo&#8221; font_container=&#8221;tag:h1|text_align:center|color:%23000000&#8243; use_theme_fonts=&#8221;yes&#8221;][vc_column_text]Curso: Engenharia Ambiental e-mail: helopontarolo@gmail.com Lattes:\u00a0\u00a0http:\/\/lattes.cnpq.br\/5581740432037247\u00a0 Ingresso no PET: Fevereiro de 2015 Egresso do PET: Julho de 2017 &nbsp; Hoje, venho por meio dessa carta, me despedir do grupo PET-Engenharias. A [&hellip;]<\/p>\n","protected":false},"author":145,"featured_media":0,"parent":0,"menu_order":0,"comment_status":"closed","ping_status":"closed","template":"","meta":{"_exactmetrics_skip_tracking":false,"_exactmetrics_sitenote_active":false,"_exactmetrics_sitenote_note":"","_exactmetrics_sitenote_category":0,"footnotes":"","_links_to":"","_links_to_target":""},"class_list":["post-161","page","type-page","status-publish","hentry"],"_links":{"self":[{"href":"https:\/\/www3.unicentro.br\/petengenharias\/wp-json\/wp\/v2\/pages\/161","targetHints":{"allow":["GET"]}}],"collection":[{"href":"https:\/\/www3.unicentro.br\/petengenharias\/wp-json\/wp\/v2\/pages"}],"about":[{"href":"https:\/\/www3.unicentro.br\/petengenharias\/wp-json\/wp\/v2\/types\/page"}],"author":[{"embeddable":true,"href":"https:\/\/www3.unicentro.br\/petengenharias\/wp-json\/wp\/v2\/users\/145"}],"replies":[{"embeddable":true,"href":"https:\/\/www3.unicentro.br\/petengenharias\/wp-json\/wp\/v2\/comments?post=161"}],"version-history":[{"count":0,"href":"https:\/\/www3.unicentro.br\/petengenharias\/wp-json\/wp\/v2\/pages\/161\/revisions"}],"wp:attachment":[{"href":"https:\/\/www3.unicentro.br\/petengenharias\/wp-json\/wp\/v2\/media?parent=161"}],"curies":[{"name":"wp","href":"https:\/\/api.w.org\/{rel}","templated":true}]}}