{"id":152,"date":"2019-01-03T19:04:16","date_gmt":"2019-01-03T21:04:16","guid":{"rendered":"https:\/\/www3.unicentro.br\/petengenharias\/?page_id=152"},"modified":"2019-01-03T19:04:16","modified_gmt":"2019-01-03T21:04:16","slug":"milena-viviurka-marcondes","status":"publish","type":"page","link":"https:\/\/www3.unicentro.br\/petengenharias\/milena-viviurka-marcondes\/","title":{"rendered":"Milena Viviurka Marcondes"},"content":{"rendered":"<div class=\"wpb-content-wrapper\"><p>[vc_row full_width=&#8221;stretch_row&#8221; u_row_style=&#8221;0&#8243; u_row_paralax=&#8221;0&#8243; u_row_scheme=&#8221;0&#8243; css=&#8221;.vc_custom_1546548569826{padding-top: 100px !important;padding-bottom: 100px !important;background-position: center !important;background-repeat: no-repeat !important;background-size: cover !important;}&#8221;][vc_column width=&#8221;11\/12&#8243;][vc_single_image image=&#8221;153&#8243; alignment=&#8221;center&#8221; style=&#8221;vc_box_border_circle&#8221; border_color=&#8221;white&#8221;][vc_custom_heading text=&#8221;Milena Viviurka Marcondes&#8221; font_container=&#8221;tag:h1|text_align:center|color:%23000000&#8243; use_theme_fonts=&#8221;yes&#8221;][vc_column_text]<\/p>\n<div class=\"postcontent\">\n<p>Curso: Engenharia Ambiental<br \/>\ne-mail:\u00a0milenamarcondes9@hotmail.com<br \/>\nLattes:\u00a0<a href=\"http:\/\/lattes.cnpq.br\/6268167246731397\" target=\"_blank\" rel=\"noopener\">http:\/\/lattes.cnpq.br\/6268167246731397<\/a><br \/>\nIngresso no PET: Mar\u00e7o de 2013<br \/>\nEgresso do PET: Setembro de 2015<\/p>\n<p style=\"text-align: center\">Ingressei no PET Engenharias na sua primeira sele\u00e7\u00e3o de petianos em 2013. Visei com este programa a oportunidade de estar trabalhando em seus tr\u00eas pilares: ensino, pesquisa e extens\u00e3o. Por\u00e9m mais que isso, diante de in\u00fameras experi\u00eancias de aprendizagem que certamente agregaram para minha forma\u00e7\u00e3o acad\u00eamica, o PET me possibilitou tamb\u00e9m o aprendizado de um trabalho em equipe. S\u00e3o dois cursos com pessoas e ideias diferentes buscando sempre alcan\u00e7ar o melhor resultado para o crescimento do grupo como um todo. Fico muito feliz por ter participado do PET Engenharias e incentivo a quem tamb\u00e9m busca uma \u00f3tima oportunidade de forma\u00e7\u00e3o complementar \u00e0 grade curricular.Ingressei no PET Engenharias na sua primeira sele\u00e7\u00e3o de petianos em 2013. Visei com este programa a oportunidade de estar trabalhando em seus tr\u00eas pilares: ensino, pesquisa e extens\u00e3o. Por\u00e9m mais que isso, diante de in\u00fameras experi\u00eancias de aprendizagem que certamente agregaram para minha forma\u00e7\u00e3o acad\u00eamica, o PET me possibilitou tamb\u00e9m o aprendizado de um trabalho em equipe. S\u00e3o dois cursos com pessoas e ideias diferentes buscando sempre alcan\u00e7ar o melhor resultado para o crescimento do grupo como um todo. Fico muito feliz por ter participado do PET Engenharias e incentivo a quem tamb\u00e9m busca uma \u00f3tima oportunidade de forma\u00e7\u00e3o complementar \u00e0 grade curricular.<\/p>\n<\/div>\n<p>[\/vc_column_text][\/vc_column][\/vc_row]<\/p>\n<\/div>","protected":false},"excerpt":{"rendered":"<p>[vc_row full_width=&#8221;stretch_row&#8221; u_row_style=&#8221;0&#8243; u_row_paralax=&#8221;0&#8243; u_row_scheme=&#8221;0&#8243; css=&#8221;.vc_custom_1546548569826{padding-top: 100px !important;padding-bottom: 100px !important;background-position: center !important;background-repeat: no-repeat !important;background-size: cover !important;}&#8221;][vc_column width=&#8221;11\/12&#8243;][vc_single_image image=&#8221;153&#8243; alignment=&#8221;center&#8221; style=&#8221;vc_box_border_circle&#8221; border_color=&#8221;white&#8221;][vc_custom_heading text=&#8221;Milena Viviurka Marcondes&#8221; font_container=&#8221;tag:h1|text_align:center|color:%23000000&#8243; use_theme_fonts=&#8221;yes&#8221;][vc_column_text] Curso: Engenharia Ambiental e-mail:\u00a0milenamarcondes9@hotmail.com Lattes:\u00a0http:\/\/lattes.cnpq.br\/6268167246731397 Ingresso no PET: Mar\u00e7o de 2013 Egresso do PET: Setembro de 2015 Ingressei no PET Engenharias na sua primeira sele\u00e7\u00e3o de petianos em 2013. [&hellip;]<\/p>\n","protected":false},"author":145,"featured_media":0,"parent":0,"menu_order":0,"comment_status":"closed","ping_status":"closed","template":"","meta":{"_exactmetrics_skip_tracking":false,"_exactmetrics_sitenote_active":false,"_exactmetrics_sitenote_note":"","_exactmetrics_sitenote_category":0,"footnotes":"","_links_to":"","_links_to_target":""},"class_list":["post-152","page","type-page","status-publish","hentry"],"_links":{"self":[{"href":"https:\/\/www3.unicentro.br\/petengenharias\/wp-json\/wp\/v2\/pages\/152","targetHints":{"allow":["GET"]}}],"collection":[{"href":"https:\/\/www3.unicentro.br\/petengenharias\/wp-json\/wp\/v2\/pages"}],"about":[{"href":"https:\/\/www3.unicentro.br\/petengenharias\/wp-json\/wp\/v2\/types\/page"}],"author":[{"embeddable":true,"href":"https:\/\/www3.unicentro.br\/petengenharias\/wp-json\/wp\/v2\/users\/145"}],"replies":[{"embeddable":true,"href":"https:\/\/www3.unicentro.br\/petengenharias\/wp-json\/wp\/v2\/comments?post=152"}],"version-history":[{"count":0,"href":"https:\/\/www3.unicentro.br\/petengenharias\/wp-json\/wp\/v2\/pages\/152\/revisions"}],"wp:attachment":[{"href":"https:\/\/www3.unicentro.br\/petengenharias\/wp-json\/wp\/v2\/media?parent=152"}],"curies":[{"name":"wp","href":"https:\/\/api.w.org\/{rel}","templated":true}]}}