{"id":149,"date":"2019-01-03T19:00:28","date_gmt":"2019-01-03T21:00:28","guid":{"rendered":"https:\/\/www3.unicentro.br\/petengenharias\/?page_id=149"},"modified":"2019-01-03T19:00:28","modified_gmt":"2019-01-03T21:00:28","slug":"elis-oliveira","status":"publish","type":"page","link":"https:\/\/www3.unicentro.br\/petengenharias\/elis-oliveira\/","title":{"rendered":"Elis Oliveira"},"content":{"rendered":"<div class=\"wpb-content-wrapper\"><p>[vc_row full_width=&#8221;stretch_row&#8221; u_row_style=&#8221;0&#8243; u_row_paralax=&#8221;0&#8243; u_row_scheme=&#8221;0&#8243; css=&#8221;.vc_custom_1546548569826{padding-top: 100px !important;padding-bottom: 100px !important;background-position: center !important;background-repeat: no-repeat !important;background-size: cover !important;}&#8221;][vc_column width=&#8221;11\/12&#8243;][vc_single_image image=&#8221;148&#8243; alignment=&#8221;center&#8221; style=&#8221;vc_box_border_circle&#8221; border_color=&#8221;white&#8221;][vc_custom_heading text=&#8221;Elis Oliveira Lopes&#8221; font_container=&#8221;tag:h1|text_align:center|color:%23000000&#8243; use_theme_fonts=&#8221;yes&#8221;][vc_column_text]e-mail:\u00a0elis_244@hotmail.com<br \/>\nLattes:\u00a0<a href=\"http:\/\/lattes.cnpq.br\/7372521677681628\">http:\/\/lattes.cnpq.br\/7372521677681628<\/a><br \/>\nIngresso no PET: Junho de 2013<br \/>\nEgresso do PET: Setembro de 2015<\/p>\n<p>&nbsp;<\/p>\n<p style=\"text-align: center\">Tive o privil\u00e9gio de fazer parte da primeira forma\u00e7\u00e3o do PET Engenharia Ambiental e Florestal da Unicentro, o qual terei sempre enorme respeito e gratid\u00e3o.<\/p>\n<p style=\"text-align: center\">\u00c9 not\u00f3rio o quanto o programa agregou em minha forma\u00e7\u00e3o acad\u00eamica, pessoal e consequentemente como profissional, uma vez que \u00e9 baseado no trip\u00e9 ensino, pesquisa e extens\u00e3o, propiciando que o acad\u00eamico participe de diversificadas atividades, preparando-o para carreira que optar.<\/p>\n<p style=\"text-align: center\">Sinto o quanto foi importante para mim ter participado dessa primeira etapa e ver que desde ent\u00e3o o programa vem inovando e se desenvolvendo, fazendo com que mais acad\u00eamicos possam vivenciar essa experi\u00eancia \u00fanica.<\/p>\n<p style=\"text-align: center\">Obrigada aos nossos tutores por todo apoio e carinho, e aos colegas pelo aprendizado e conv\u00edvio!<\/p>\n<p>[\/vc_column_text][\/vc_column][\/vc_row]<\/p>\n<\/div>","protected":false},"excerpt":{"rendered":"<p>[vc_row full_width=&#8221;stretch_row&#8221; u_row_style=&#8221;0&#8243; u_row_paralax=&#8221;0&#8243; u_row_scheme=&#8221;0&#8243; css=&#8221;.vc_custom_1546548569826{padding-top: 100px !important;padding-bottom: 100px !important;background-position: center !important;background-repeat: no-repeat !important;background-size: cover !important;}&#8221;][vc_column width=&#8221;11\/12&#8243;][vc_single_image image=&#8221;148&#8243; alignment=&#8221;center&#8221; style=&#8221;vc_box_border_circle&#8221; border_color=&#8221;white&#8221;][vc_custom_heading text=&#8221;Elis Oliveira Lopes&#8221; font_container=&#8221;tag:h1|text_align:center|color:%23000000&#8243; use_theme_fonts=&#8221;yes&#8221;][vc_column_text]e-mail:\u00a0elis_244@hotmail.com Lattes:\u00a0http:\/\/lattes.cnpq.br\/7372521677681628 Ingresso no PET: Junho de 2013 Egresso do PET: Setembro de 2015 &nbsp; Tive o privil\u00e9gio de fazer parte da primeira forma\u00e7\u00e3o do PET Engenharia Ambiental e Florestal [&hellip;]<\/p>\n","protected":false},"author":145,"featured_media":0,"parent":0,"menu_order":0,"comment_status":"closed","ping_status":"closed","template":"","meta":{"_exactmetrics_skip_tracking":false,"_exactmetrics_sitenote_active":false,"_exactmetrics_sitenote_note":"","_exactmetrics_sitenote_category":0,"footnotes":"","_links_to":"","_links_to_target":""},"class_list":["post-149","page","type-page","status-publish","hentry"],"_links":{"self":[{"href":"https:\/\/www3.unicentro.br\/petengenharias\/wp-json\/wp\/v2\/pages\/149","targetHints":{"allow":["GET"]}}],"collection":[{"href":"https:\/\/www3.unicentro.br\/petengenharias\/wp-json\/wp\/v2\/pages"}],"about":[{"href":"https:\/\/www3.unicentro.br\/petengenharias\/wp-json\/wp\/v2\/types\/page"}],"author":[{"embeddable":true,"href":"https:\/\/www3.unicentro.br\/petengenharias\/wp-json\/wp\/v2\/users\/145"}],"replies":[{"embeddable":true,"href":"https:\/\/www3.unicentro.br\/petengenharias\/wp-json\/wp\/v2\/comments?post=149"}],"version-history":[{"count":0,"href":"https:\/\/www3.unicentro.br\/petengenharias\/wp-json\/wp\/v2\/pages\/149\/revisions"}],"wp:attachment":[{"href":"https:\/\/www3.unicentro.br\/petengenharias\/wp-json\/wp\/v2\/media?parent=149"}],"curies":[{"name":"wp","href":"https:\/\/api.w.org\/{rel}","templated":true}]}}