{"id":1487,"date":"2024-11-08T15:16:37","date_gmt":"2024-11-08T18:16:37","guid":{"rendered":"https:\/\/www3.unicentro.br\/petengenharias\/?page_id=1487"},"modified":"2024-11-08T15:16:37","modified_gmt":"2024-11-08T18:16:37","slug":"atividade-construindo-pontes-para-a-permanencia-analise-dos-fatores-de-evasao","status":"publish","type":"page","link":"https:\/\/www3.unicentro.br\/petengenharias\/atividade-construindo-pontes-para-a-permanencia-analise-dos-fatores-de-evasao\/","title":{"rendered":"Atividade &#8211; Construindo Pontes para a Perman\u00eancia: An\u00e1lise dos Fatores de Evas\u00e3o."},"content":{"rendered":"<p><span style=\"font-size: 18px\"><strong>Descri\u00e7\u00e3o\/Justificativa:<\/strong><\/span><br \/>\nA atividade &#8220;Construindo Pontes para a Perman\u00eancia: An\u00e1lise dos Fatores de Evas\u00e3o&#8221; justifica-se<br \/>\ncomo uma iniciativa fundamental para compreender e mitigar os desafios relacionados \u00e0 evas\u00e3o<br \/>\nacad\u00eamica. A an\u00e1lise dos fatores que contribuem para a sa\u00edda prematura dos estudantes<br \/>\nproporciona uma vis\u00e3o aprofundada dos obst\u00e1culos enfrentados, permitindo a implementa\u00e7\u00e3o de<br \/>\nestrat\u00e9gias eficazes de reten\u00e7\u00e3o. Ao construir essas pontes para a perman\u00eancia, a institui\u00e7\u00e3o busca<br \/>\nn\u00e3o apenas manter seus alunos, mas tamb\u00e9m criar um ambiente educacional mais inclusivo e<br \/>\nadaptado \u00e0s necessidades individuais, promovendo, assim, o sucesso acad\u00eamico e profissional. A<br \/>\natividade &#8220;Construindo Pontes para a Perman\u00eancia: An\u00e1lise dos Fatores de Evas\u00e3o&#8221; conduzida pela<br \/>\nCoordenadoria de Apoio ao Estudante (COORAE) na Unicentro \u00e9 uma estrat\u00e9gia abrangente para<br \/>\nenfrentar a evas\u00e3o acad\u00eamica em todos os cursos. No contexto espec\u00edfico do PET Engenharias, a<br \/>\nabordagem \u00e9 direcionada a estabelecer uma conex\u00e3o pr\u00f3xima com os poss\u00edveis desistentes, visando<br \/>\ncompreender suas dificuldades e oferecer suporte personalizado. Essa iniciativa n\u00e3o apenas busca<br \/>\nidentificar os fatores de evas\u00e3o, mas tamb\u00e9m pretende intervir proativamente para reverter desafios<br \/>\nespec\u00edficos, promovendo um ambiente mais favor\u00e1vel \u00e0 perman\u00eancia dos estudantes e ao alcance de<br \/>\nseus objetivos acad\u00eamicos. ODS associados: ODS 4 &#8211; Educa\u00e7\u00e3o de Qualidade; ODS 5 &#8211; Igualdade de<br \/>\nG\u00eanero; ODS 10 &#8211; Redu\u00e7\u00e3o das Desigualdades; ODS 16 &#8211; Paz, Justi\u00e7a e Institui\u00e7\u00f5es Eficazes; ODS 17<br \/>\n&#8211; Parcerias para as Metas.<br \/>\n<span style=\"font-size: 18px\"><strong>Objetivos:<\/strong><\/span><br \/>\nConstruir um ambiente inclusivo e de apoio, visando a compreens\u00e3o das dificuldades individuais dos<br \/>\nestudantes desistentes, com o prop\u00f3sito de revert\u00ea-las e fortalecer a comunidade acad\u00eamica.<br \/>\n<span style=\"font-size: 18px\"><strong>Como a atividade ser\u00e1 realizada? (Metodologia):<\/strong><\/span><br \/>\n1 Estabelecer um sistema de escuta cont\u00ednua para avaliar o progresso dos estudantes e ajustar as<br \/>\nestrat\u00e9gias conforme necess\u00e1rio. A inten\u00e7\u00e3o \u00e9 criar uma ferramenta (aplicativo ou conta no<br \/>\nWhatsApp) para que o aluno possa manifestar interesse em conversar, solicitar apoio ou<br \/>\ninforma\u00e7\u00f5es. 2 Direcionar os estudantes para servi\u00e7os de apoio dispon\u00edveis, como COORAE, PIA,<br \/>\norienta\u00e7\u00e3o psicol\u00f3gica, suporte acad\u00eamico e assist\u00eancia financeira, conforme necess\u00e1rio. 3<br \/>\nIdentifica\u00e7\u00e3o de Potenciais Desistentes: Analisar dados acad\u00eamicos, como desempenho em<br \/>\ndisciplinas e frequ\u00eancia, para identificar estudantes em situa\u00e7\u00f5es de risco de evas\u00e3o. 4 Realizar uma<br \/>\nan\u00e1lise qualitativa dos dados coletados para identificar padr\u00f5es e tend\u00eancias relacionadas aos<br \/>\nmotivos de evas\u00e3o.<\/p>\n<p><span style=\"font-size: 21px\">Quais os resultados que se espera da atividade?<\/span><\/p>\n<p><span style=\"font-size: 18px\"><strong>Resultados \/ produtos esperados com a atividade: melhorias para o Curso, para a Educa\u00e7\u00e3o, <\/strong><\/span><span style=\"font-size: 18px\"><strong>para a sociedade, meios para a socializa\u00e7\u00e3o dos resultados, publica\u00e7\u00f5es, etc:<\/strong><\/span><br \/>\nOs resultados esperados abrangem uma compreens\u00e3o aprofundada dos fatores de evas\u00e3o,<br \/>\ninterven\u00e7\u00f5es personalizadas, promo\u00e7\u00e3o de um ambiente de apoio, aumento na taxa de perman\u00eancia<br \/>\ne feedback positivo dos estudantes. A atividade visa fortalecer a colabora\u00e7\u00e3o institucional e garantir<br \/>\numa abordagem adaptativa para a melhoria cont\u00ednua.<br \/>\n<span style=\"font-size: 18px\"><strong>Qual ser\u00e1 a metodologia de avalia\u00e7\u00e3o da atividade pelo grupo:<\/strong><\/span><br \/>\nReuni\u00f5es da equipe, onde ser\u00e1 avaliado se a evas\u00e3o tem reduzido em ambos os cursos, ap\u00f3s o in\u00edcio<br \/>\ndo projeto.<\/p>\n","protected":false},"excerpt":{"rendered":"<p>Descri\u00e7\u00e3o\/Justificativa: A atividade &#8220;Construindo Pontes para a Perman\u00eancia: An\u00e1lise dos Fatores de Evas\u00e3o&#8221; justifica-se como uma iniciativa fundamental para compreender e mitigar os desafios relacionados \u00e0 evas\u00e3o acad\u00eamica. A an\u00e1lise dos fatores que contribuem para a sa\u00edda prematura dos estudantes proporciona uma vis\u00e3o aprofundada dos obst\u00e1culos enfrentados, permitindo a implementa\u00e7\u00e3o de estrat\u00e9gias eficazes de reten\u00e7\u00e3o. [&hellip;]<\/p>\n","protected":false},"author":775,"featured_media":0,"parent":0,"menu_order":0,"comment_status":"closed","ping_status":"closed","template":"","meta":{"_exactmetrics_skip_tracking":false,"_exactmetrics_sitenote_active":false,"_exactmetrics_sitenote_note":"","_exactmetrics_sitenote_category":0,"footnotes":"","_links_to":"","_links_to_target":""},"class_list":["post-1487","page","type-page","status-publish","hentry"],"_links":{"self":[{"href":"https:\/\/www3.unicentro.br\/petengenharias\/wp-json\/wp\/v2\/pages\/1487","targetHints":{"allow":["GET"]}}],"collection":[{"href":"https:\/\/www3.unicentro.br\/petengenharias\/wp-json\/wp\/v2\/pages"}],"about":[{"href":"https:\/\/www3.unicentro.br\/petengenharias\/wp-json\/wp\/v2\/types\/page"}],"author":[{"embeddable":true,"href":"https:\/\/www3.unicentro.br\/petengenharias\/wp-json\/wp\/v2\/users\/775"}],"replies":[{"embeddable":true,"href":"https:\/\/www3.unicentro.br\/petengenharias\/wp-json\/wp\/v2\/comments?post=1487"}],"version-history":[{"count":1,"href":"https:\/\/www3.unicentro.br\/petengenharias\/wp-json\/wp\/v2\/pages\/1487\/revisions"}],"predecessor-version":[{"id":1488,"href":"https:\/\/www3.unicentro.br\/petengenharias\/wp-json\/wp\/v2\/pages\/1487\/revisions\/1488"}],"wp:attachment":[{"href":"https:\/\/www3.unicentro.br\/petengenharias\/wp-json\/wp\/v2\/media?parent=1487"}],"curies":[{"name":"wp","href":"https:\/\/api.w.org\/{rel}","templated":true}]}}