{"id":1485,"date":"2024-11-08T15:13:26","date_gmt":"2024-11-08T18:13:26","guid":{"rendered":"https:\/\/www3.unicentro.br\/petengenharias\/?page_id=1485"},"modified":"2024-11-08T15:13:26","modified_gmt":"2024-11-08T18:13:26","slug":"atividade-atualizacao-do-site-e-redes-sociais","status":"publish","type":"page","link":"https:\/\/www3.unicentro.br\/petengenharias\/atividade-atualizacao-do-site-e-redes-sociais\/","title":{"rendered":"Atividade &#8211; Atualiza\u00e7\u00e3o do Site e redes sociais"},"content":{"rendered":"<p><span style=\"font-size: 18px\"><strong>Descri\u00e7\u00e3o\/Justificativa:<\/strong><\/span><br \/>\nA atualiza\u00e7\u00e3o do site e das redes sociais do PET-Engenharias \u00e9 uma medida estrat\u00e9gica para manter<br \/>\na comunidade informada sobre temas cient\u00edficos, tecnol\u00f3gicos e as atividades do grupo. O site<br \/>\n(https:\/\/www3.unicentro.br\/petengenharias\/pet-engenharias\/) e o informativo proporcionam uma<br \/>\nplataforma centralizada para a dissemina\u00e7\u00e3o de conhecimento, promovendo a transpar\u00eancia nas<br \/>\na\u00e7\u00f5es do PET. Essa iniciativa busca fortalecer a presen\u00e7a online do grupo, facilitando o acesso \u00e0s<br \/>\ninforma\u00e7\u00f5es e contribuindo para a intera\u00e7\u00e3o com a comunidade acad\u00eamica e a sociedade em geral.<br \/>\nODS relacionados: ODS 04 Educa\u00e7\u00e3o de qualidade; ODS 17 &#8211; Parcerias e Meios de Implementa\u00e7\u00e3o.<br \/>\n<span style=\"font-size: 18px\"><strong>Objetivos:<\/strong><\/span><br \/>\nAprimorar a presen\u00e7a digital do PET-Engenharias por meio da atualiza\u00e7\u00e3o regular do site e das<br \/>\nredes sociais, visando a dissemina\u00e7\u00e3o eficaz de informa\u00e7\u00f5es cient\u00edficas, tecnol\u00f3gicas e das atividades<br \/>\ndesenvolvidas pelo grupo, promovendo maior intera\u00e7\u00e3o com a comunidade acad\u00eamica e a sociedade<br \/>\nem geral.<br \/>\n<span style=\"font-size: 18px\"><strong>Como a atividade ser\u00e1 realizada? (Metodologia):<\/strong><\/span><br \/>\nDesigna\u00e7\u00e3o de membros espec\u00edficos do grupo para a responsabilidade da atualiza\u00e7\u00e3o do site e das<br \/>\nredes sociais. Estabelecimento de um calend\u00e1rio regular para as atualiza\u00e7\u00f5es, incluindo informa\u00e7\u00f5es<br \/>\nsobre eventos, conquistas, temas cient\u00edficos relevantes e demais atividades do PET-Engenharias.<br \/>\nUtiliza\u00e7\u00e3o de plataformas e ferramentas adequadas para a atualiza\u00e7\u00e3o eficiente e visualmente<br \/>\natrativa do site. Promo\u00e7\u00e3o de treinamentos internos, com o apoio do setor de comunica\u00e7\u00e3o da<br \/>\nUnicentro, para garantir a capacita\u00e7\u00e3o dos membros respons\u00e1veis pela gest\u00e3o digital. Incentivo \u00e0<br \/>\nparticipa\u00e7\u00e3o ativa de todos os membros na contribui\u00e7\u00e3o de conte\u00fados relevantes para divulga\u00e7\u00e3o.<\/p>\n<p><span style=\"font-size: 21px\">Quais os resultados que se espera da atividade?<\/span><\/p>\n<p><span style=\"font-size: 18px\"><strong>Resultados \/ produtos esperados com a atividade: melhorias para o Curso, para a Educa\u00e7\u00e3o, <\/strong><\/span><span style=\"font-size: 18px\"><strong>para a sociedade, meios para a socializa\u00e7\u00e3o dos resultados, publica\u00e7\u00f5es, etc:<\/strong><\/span><br \/>\nTer um site e redes sociais atualizados regularmente, refletindo as atividades, conquistas e temas<br \/>\ncient\u00edficos do PET-Engenharias. Um aumento da visibilidade do grupo na comunidade acad\u00eamica e<br \/>\nexterna, contribuindo para a divulga\u00e7\u00e3o das a\u00e7\u00f5es e projetos. E contribuir para a promo\u00e7\u00e3o da<br \/>\nci\u00eancia e tecnologia, disseminando conhecimento de forma acess\u00edvel e atrativa.<br \/>\n<span style=\"font-size: 18px\"><strong>Qual ser\u00e1 a metodologia de avalia\u00e7\u00e3o da atividade pelo grupo:<\/strong><\/span><br \/>\nMonitoramento cont\u00ednuo do desempenho e intera\u00e7\u00e3o nas redes sociais para ajustes e melhorias<br \/>\nconstantes.<\/p>\n","protected":false},"excerpt":{"rendered":"<p>Descri\u00e7\u00e3o\/Justificativa: A atualiza\u00e7\u00e3o do site e das redes sociais do PET-Engenharias \u00e9 uma medida estrat\u00e9gica para manter a comunidade informada sobre temas cient\u00edficos, tecnol\u00f3gicos e as atividades do grupo. O site (https:\/\/www3.unicentro.br\/petengenharias\/pet-engenharias\/) e o informativo proporcionam uma plataforma centralizada para a dissemina\u00e7\u00e3o de conhecimento, promovendo a transpar\u00eancia nas a\u00e7\u00f5es do PET. Essa iniciativa busca fortalecer [&hellip;]<\/p>\n","protected":false},"author":775,"featured_media":0,"parent":0,"menu_order":0,"comment_status":"closed","ping_status":"closed","template":"","meta":{"_exactmetrics_skip_tracking":false,"_exactmetrics_sitenote_active":false,"_exactmetrics_sitenote_note":"","_exactmetrics_sitenote_category":0,"footnotes":"","_links_to":"","_links_to_target":""},"class_list":["post-1485","page","type-page","status-publish","hentry"],"_links":{"self":[{"href":"https:\/\/www3.unicentro.br\/petengenharias\/wp-json\/wp\/v2\/pages\/1485","targetHints":{"allow":["GET"]}}],"collection":[{"href":"https:\/\/www3.unicentro.br\/petengenharias\/wp-json\/wp\/v2\/pages"}],"about":[{"href":"https:\/\/www3.unicentro.br\/petengenharias\/wp-json\/wp\/v2\/types\/page"}],"author":[{"embeddable":true,"href":"https:\/\/www3.unicentro.br\/petengenharias\/wp-json\/wp\/v2\/users\/775"}],"replies":[{"embeddable":true,"href":"https:\/\/www3.unicentro.br\/petengenharias\/wp-json\/wp\/v2\/comments?post=1485"}],"version-history":[{"count":1,"href":"https:\/\/www3.unicentro.br\/petengenharias\/wp-json\/wp\/v2\/pages\/1485\/revisions"}],"predecessor-version":[{"id":1486,"href":"https:\/\/www3.unicentro.br\/petengenharias\/wp-json\/wp\/v2\/pages\/1485\/revisions\/1486"}],"wp:attachment":[{"href":"https:\/\/www3.unicentro.br\/petengenharias\/wp-json\/wp\/v2\/media?parent=1485"}],"curies":[{"name":"wp","href":"https:\/\/api.w.org\/{rel}","templated":true}]}}