{"id":1483,"date":"2024-11-08T15:12:05","date_gmt":"2024-11-08T18:12:05","guid":{"rendered":"https:\/\/www3.unicentro.br\/petengenharias\/?page_id=1483"},"modified":"2024-11-08T15:12:05","modified_gmt":"2024-11-08T18:12:05","slug":"atividade-projeto-formando-cientistas-iniciacao-cientifica-iniciacao-tecnologica-e-iniciacao-a-extensao","status":"publish","type":"page","link":"https:\/\/www3.unicentro.br\/petengenharias\/atividade-projeto-formando-cientistas-iniciacao-cientifica-iniciacao-tecnologica-e-iniciacao-a-extensao\/","title":{"rendered":"Atividade &#8211; Projeto Formando Cientistas: Inicia\u00e7\u00e3o Cient\u00edfica, Inicia\u00e7\u00e3o Tecnol\u00f3gica e Inicia\u00e7\u00e3o \u00e0 Extens\u00e3o."},"content":{"rendered":"<p><span style=\"font-size: 18px\"><strong>Descri\u00e7\u00e3o\/Justificativa:<\/strong><\/span><br \/>\nTanto as atividades industriais do setor florestal, quanto \u00e0s atividades na \u00e1rea ambiental, referente a<br \/>\nnovas tecnologias para a manuten\u00e7\u00e3o dos processos produtivos voltadas \u00e0 qualidade do meio<br \/>\nambiente e \u00e0s quest\u00f5es sociais, propulsiona a execu\u00e7\u00e3o de trabalhos de pesquisa, extens\u00e3o e<br \/>\ninova\u00e7\u00e3o pela Universidade. J\u00e1 a forma\u00e7\u00e3o cient\u00edfica e tecnol\u00f3gica do acad\u00eamico requer a pr\u00e1tica na<br \/>\nexecu\u00e7\u00e3o de projetos de pesquisa e extens\u00e3o, o que torna essencial o seu envolvimento nas<br \/>\natividades laboratoriais e de campo associadas. ODS relacionados: ODS 04 Educa\u00e7\u00e3o de qualidade;<br \/>\nODS 09 Ind\u00fastria, Inova\u00e7\u00e3o e Infraestrutura; ODS 11 &#8211; Cidades e Comunidades Sustent\u00e1veis; ODS 13<br \/>\n&#8211; A\u00e7\u00e3o contra a Mudan\u00e7a Global do Clima; ODS 15 &#8211; Vida Terrestre e ODS 17 &#8211; Parcerias para as<br \/>\nMetas.<br \/>\n<strong><span style=\"font-size: 18px\">Objetivos:<\/span><\/strong><br \/>\nIncentivar os alunos do grupo PET-Engenharias a participarem de projetos de inicia\u00e7\u00e3o cient\u00edfica,<br \/>\nextens\u00e3o ou inova\u00e7\u00e3o tecnol\u00f3gica durante sua perman\u00eancia no PET, al\u00e9m de monitorias assistidas<br \/>\npor professores orientadores dos Departamentos de Engenharia Florestal e Engenharia Ambiental.<br \/>\n<span style=\"font-size: 18px\"><strong>Como a atividade ser\u00e1 realizada? (Metodologia):<\/strong><\/span><br \/>\nCada acad\u00eamico integrante do grupo PET ser\u00e1 estimulado a participar de projetos de pesquisa,<br \/>\nextens\u00e3o ou inova\u00e7\u00e3o em execu\u00e7\u00e3o pelos Departamentos de Engenharia Florestal e Engenharia<br \/>\nAmbiental da institui\u00e7\u00e3o e parceiros. Al\u00e9m das atividades de campo e laborat\u00f3rio, os bolsistas<br \/>\nparticipar\u00e3o de eventos t\u00e9cnicos cient\u00edficos para a divulga\u00e7\u00e3o dos resultados.<\/p>\n<p><span style=\"font-size: 21px\">Quais os resultados que se espera da atividade?<\/span><\/p>\n<p><span style=\"font-size: 18px\"><strong>Resultados \/ produtos esperados com a atividade: melhorias para o Curso, para a Educa\u00e7\u00e3o, <\/strong><\/span><span style=\"font-size: 18px\"><strong>para a sociedade, meios para a socializa\u00e7\u00e3o dos resultados, publica\u00e7\u00f5es, etc:<\/strong><\/span><br \/>\nBusca-se o desenvolvimento de tecnologias sustent\u00e1veis, contribuindo para a qualidade ambiental e<br \/>\npromovendo a aplica\u00e7\u00e3o pr\u00e1tica de conhecimentos adquiridos. Com foco na interdisciplinaridade, a<br \/>\niniciativa estimula parcerias estrat\u00e9gicas, promove a forma\u00e7\u00e3o profissional dos acad\u00eamicos e almeja<br \/>\ntransferir conhecimentos para o setor produtivo. O objetivo \u00e9 n\u00e3o apenas avan\u00e7ar no campo<br \/>\ncient\u00edfico, mas tamb\u00e9m impactar positivamente as comunidades locais e fortalecer a rela\u00e7\u00e3o entre<br \/>\nacademia e ind\u00fastria. Participa\u00e7\u00e3o dos bolsistas do PET em eventos t\u00e9cnico-cient\u00edficos de divulga\u00e7\u00e3o<br \/>\ndos resultados<br \/>\n<span style=\"font-size: 18px\"><strong>Qual ser\u00e1 a metodologia de avalia\u00e7\u00e3o da atividade pelo grupo:<\/strong><\/span><br \/>\nN\u00famero de projetos em andamento e trabalhos apresentados em eventos cient\u00edficos.<\/p>\n","protected":false},"excerpt":{"rendered":"<p>Descri\u00e7\u00e3o\/Justificativa: Tanto as atividades industriais do setor florestal, quanto \u00e0s atividades na \u00e1rea ambiental, referente a novas tecnologias para a manuten\u00e7\u00e3o dos processos produtivos voltadas \u00e0 qualidade do meio ambiente e \u00e0s quest\u00f5es sociais, propulsiona a execu\u00e7\u00e3o de trabalhos de pesquisa, extens\u00e3o e inova\u00e7\u00e3o pela Universidade. J\u00e1 a forma\u00e7\u00e3o cient\u00edfica e tecnol\u00f3gica do acad\u00eamico requer [&hellip;]<\/p>\n","protected":false},"author":775,"featured_media":0,"parent":0,"menu_order":0,"comment_status":"closed","ping_status":"closed","template":"","meta":{"_exactmetrics_skip_tracking":false,"_exactmetrics_sitenote_active":false,"_exactmetrics_sitenote_note":"","_exactmetrics_sitenote_category":0,"footnotes":"","_links_to":"","_links_to_target":""},"class_list":["post-1483","page","type-page","status-publish","hentry"],"_links":{"self":[{"href":"https:\/\/www3.unicentro.br\/petengenharias\/wp-json\/wp\/v2\/pages\/1483","targetHints":{"allow":["GET"]}}],"collection":[{"href":"https:\/\/www3.unicentro.br\/petengenharias\/wp-json\/wp\/v2\/pages"}],"about":[{"href":"https:\/\/www3.unicentro.br\/petengenharias\/wp-json\/wp\/v2\/types\/page"}],"author":[{"embeddable":true,"href":"https:\/\/www3.unicentro.br\/petengenharias\/wp-json\/wp\/v2\/users\/775"}],"replies":[{"embeddable":true,"href":"https:\/\/www3.unicentro.br\/petengenharias\/wp-json\/wp\/v2\/comments?post=1483"}],"version-history":[{"count":1,"href":"https:\/\/www3.unicentro.br\/petengenharias\/wp-json\/wp\/v2\/pages\/1483\/revisions"}],"predecessor-version":[{"id":1484,"href":"https:\/\/www3.unicentro.br\/petengenharias\/wp-json\/wp\/v2\/pages\/1483\/revisions\/1484"}],"wp:attachment":[{"href":"https:\/\/www3.unicentro.br\/petengenharias\/wp-json\/wp\/v2\/media?parent=1483"}],"curies":[{"name":"wp","href":"https:\/\/api.w.org\/{rel}","templated":true}]}}