{"id":1481,"date":"2024-11-08T15:10:39","date_gmt":"2024-11-08T18:10:39","guid":{"rendered":"https:\/\/www3.unicentro.br\/petengenharias\/?page_id=1481"},"modified":"2024-11-08T15:10:39","modified_gmt":"2024-11-08T18:10:39","slug":"atividade-projeto-fortalecendo-a-base-academica","status":"publish","type":"page","link":"https:\/\/www3.unicentro.br\/petengenharias\/atividade-projeto-fortalecendo-a-base-academica\/","title":{"rendered":"Atividade &#8211; Projeto Fortalecendo a Base Acad\u00eamica"},"content":{"rendered":"<p><span style=\"font-size: 18px\"><strong>Descri\u00e7\u00e3o\/Justificativa:<\/strong><\/span><br \/>\nAs atividades extraclasses s\u00e3o importantes, pois promovem uma forma\u00e7\u00e3o complementar aos<br \/>\nacad\u00eamicos com a vantagem de tratar de temas atuais e din\u00e2micos, al\u00e9m de propiciar maior contato<br \/>\ncom as novas tecnologias e suas aplica\u00e7\u00f5es sociais, preparando-os para o mercado de trabalho que<br \/>\nest\u00e1 em constante transforma\u00e7\u00e3o. Adicionalmente, a utiliza\u00e7\u00e3o de metodologias de ensino<br \/>\naprendizagem inovadoras podem ser elementos motivadores a docentes e discentes na perspectiva<br \/>\nda constru\u00e7\u00e3o coletiva do conhecimento. ODS relacionados: (ODS 04) Educa\u00e7\u00e3o de qualidade, (ODS<br \/>\n09); Ind\u00fastria, Inova\u00e7\u00e3o e Infraestrutura; (ODS 10) Redu\u00e7\u00e3o das desigualdades e (ODS 17) Parcerias<br \/>\ne Meios de Implementa\u00e7\u00e3o.<br \/>\n<strong><span style=\"font-size: 18px\">Objetivos:<\/span><\/strong><br \/>\nMelhorar o rendimento acad\u00eamico dos discentes dos cursos de Engenharia Ambiental e Florestal,<br \/>\nprincipalmente com os conte\u00fados de qu\u00edmica, f\u00edsica, c\u00e1lculo, al\u00e9m das demais disciplinas espec\u00edficas,<br \/>\nal\u00e9m de contribuir na forma\u00e7\u00e3o de profissionais qualificados para atuarem no mercado de trabalho.<br \/>\n<span style=\"font-size: 18px\"><strong>Como a atividade ser\u00e1 realizada? (Metodologia):<\/strong><\/span><br \/>\nApoio aos discentes na forma de treinamentos de curta dura\u00e7\u00e3o pautados na utiliza\u00e7\u00e3o de<br \/>\nestrat\u00e9gias inovadoras de ensino aprendizagem e nas novas tecnologias, em temas como ambiente<br \/>\ncomputacional de programas estat\u00edsticos e experimentais, Cursos b\u00e1sicos de Word, Excel e Power<br \/>\nPoint, QGis, Reda\u00e7\u00e3o Cient\u00edfica, Utiliza\u00e7\u00e3o da Calculadora Cient\u00edfica, Produ\u00e7\u00e3o do Curr\u00edculo Lattes,<br \/>\nQu\u00edmica b\u00e1sica, Matem\u00e1tica b\u00e1sica, F\u00edsica b\u00e1sica, Orat\u00f3ria, Drones e Cadastro Ambiental Rural<br \/>\n(CAR), entre outros. As atividades ser\u00e3o ministradas pelos alunos do PET dentro de suas habilidades<br \/>\ne\/ou profissionais experientes na \u00e1rea, buscando colocar o discente em contato com novas<br \/>\ntecnologias e suas aplica\u00e7\u00f5es sociais. Esses cursos ser\u00e3o ofertados na UNICENTRO no contraturno<br \/>\ndos cursos.<\/p>\n<p><span style=\"font-size: 21px\">Quais os resultados que se espera da atividade?<\/span><\/p>\n<p><span style=\"font-size: 18px\"><strong>Resultados \/ produtos esperados com a atividade: melhorias para o Curso, para a Educa\u00e7\u00e3o, <\/strong><\/span><span style=\"font-size: 18px\"><strong>para a sociedade, meios para a socializa\u00e7\u00e3o dos resultados, publica\u00e7\u00f5es, etc:<\/strong><\/span><br \/>\nForma\u00e7\u00e3o de profissionais qualificados para atuar junto \u00e0s novas tecnologias que o mercado de<br \/>\ntrabalho demanda. Acad\u00eamicos atuantes e preparados frente \u00e0s novas tecnologias e suas aplica\u00e7\u00f5es<br \/>\nsociais. Gera\u00e7\u00e3o de novas estrat\u00e9gias de ensino aprendizagem. Desenvolver nos petianos a<br \/>\nhabilidade de falar em p\u00fablico e organizar eventos.<br \/>\n<span style=\"font-size: 18px\"><strong>Qual ser\u00e1 a metodologia de avalia\u00e7\u00e3o da atividade pelo grupo:<\/strong><\/span><br \/>\nSer\u00e1 levado em considera\u00e7\u00e3o o n\u00famero de oficinas\/treinamentos oferecidos a quantidade de<br \/>\nparticipantes. Cada petiano far\u00e1 uma avalia\u00e7\u00e3o do seu pr\u00f3prio envolvimento e contribui\u00e7\u00e3o na<br \/>\nexecu\u00e7\u00e3o.<\/p>\n","protected":false},"excerpt":{"rendered":"<p>Descri\u00e7\u00e3o\/Justificativa: As atividades extraclasses s\u00e3o importantes, pois promovem uma forma\u00e7\u00e3o complementar aos acad\u00eamicos com a vantagem de tratar de temas atuais e din\u00e2micos, al\u00e9m de propiciar maior contato com as novas tecnologias e suas aplica\u00e7\u00f5es sociais, preparando-os para o mercado de trabalho que est\u00e1 em constante transforma\u00e7\u00e3o. Adicionalmente, a utiliza\u00e7\u00e3o de metodologias de ensino aprendizagem [&hellip;]<\/p>\n","protected":false},"author":775,"featured_media":0,"parent":0,"menu_order":0,"comment_status":"closed","ping_status":"closed","template":"","meta":{"_exactmetrics_skip_tracking":false,"_exactmetrics_sitenote_active":false,"_exactmetrics_sitenote_note":"","_exactmetrics_sitenote_category":0,"footnotes":"","_links_to":"","_links_to_target":""},"class_list":["post-1481","page","type-page","status-publish","hentry"],"_links":{"self":[{"href":"https:\/\/www3.unicentro.br\/petengenharias\/wp-json\/wp\/v2\/pages\/1481","targetHints":{"allow":["GET"]}}],"collection":[{"href":"https:\/\/www3.unicentro.br\/petengenharias\/wp-json\/wp\/v2\/pages"}],"about":[{"href":"https:\/\/www3.unicentro.br\/petengenharias\/wp-json\/wp\/v2\/types\/page"}],"author":[{"embeddable":true,"href":"https:\/\/www3.unicentro.br\/petengenharias\/wp-json\/wp\/v2\/users\/775"}],"replies":[{"embeddable":true,"href":"https:\/\/www3.unicentro.br\/petengenharias\/wp-json\/wp\/v2\/comments?post=1481"}],"version-history":[{"count":1,"href":"https:\/\/www3.unicentro.br\/petengenharias\/wp-json\/wp\/v2\/pages\/1481\/revisions"}],"predecessor-version":[{"id":1482,"href":"https:\/\/www3.unicentro.br\/petengenharias\/wp-json\/wp\/v2\/pages\/1481\/revisions\/1482"}],"wp:attachment":[{"href":"https:\/\/www3.unicentro.br\/petengenharias\/wp-json\/wp\/v2\/media?parent=1481"}],"curies":[{"name":"wp","href":"https:\/\/api.w.org\/{rel}","templated":true}]}}