{"id":1479,"date":"2024-11-08T15:09:37","date_gmt":"2024-11-08T18:09:37","guid":{"rendered":"https:\/\/www3.unicentro.br\/petengenharias\/?page_id=1479"},"modified":"2024-11-08T15:09:37","modified_gmt":"2024-11-08T18:09:37","slug":"atividade-encontro-anual-dos-grupos-pet-da-unicentro-interpet","status":"publish","type":"page","link":"https:\/\/www3.unicentro.br\/petengenharias\/atividade-encontro-anual-dos-grupos-pet-da-unicentro-interpet\/","title":{"rendered":"Atividade &#8211; Encontro Anual dos Grupos PET da Unicentro INTERPET"},"content":{"rendered":"<p><span style=\"font-size: 18px\"><strong>Descri\u00e7\u00e3o\/Justificativa:<\/strong><\/span><br \/>\nO Encontro Anual dos Grupos PET da Unicentro, denominado InterPET, \u00e9 o principal evento de<br \/>\nintegra\u00e7\u00e3o dos grupos pertencentes \u00e0 Unicentro. Neste evento os grupos podem socializar as<br \/>\natividades realizadas ao longo do ano. Entende-se que a maior aproxima\u00e7\u00e3o entre os grupos<br \/>\nfortalece e motiva os discentes e docentes. ODS relacionado: (ODS 04) Educa\u00e7\u00e3o de qualidade.<br \/>\n<span style=\"font-size: 18px\"><strong>Objetivos:<\/strong><\/span><br \/>\nPromover a integra\u00e7\u00e3o entre alunos e professores dos grupos que participam do Programa de<br \/>\nEduca\u00e7\u00e3o Tutorial da UNICENTRO.<br \/>\n<span style=\"font-size: 18px\"><strong>Como a atividade ser\u00e1 realizada? (Metodologia):<\/strong><\/span><br \/>\nAs atividades planejadas para o InterPET ser\u00e3o organizadas pelos tutores com a colabora\u00e7\u00e3o dos<br \/>\npetianos e da diretoria de projetos e programas da Unicentro. A data do encontro e local ser\u00e3o<br \/>\ndefinidos entre os tutores dos grupos PET da Unicentro.<\/p>\n<p><span style=\"font-size: 21px\">Quais os resultados que se espera da atividade?<\/span><\/p>\n<p><span style=\"font-size: 18px\"><strong>Resultados \/ produtos esperados com a atividade: melhorias para o Curso, para a Educa\u00e7\u00e3o, <\/strong><\/span><span style=\"font-size: 18px\"><strong>para a sociedade, meios para a socializa\u00e7\u00e3o dos resultados, publica\u00e7\u00f5es, etc:<\/strong><\/span><br \/>\nEspera-se que ocorra a integra\u00e7\u00e3o entre alunos e professores dos grupos que participam do<br \/>\nPrograma de Educa\u00e7\u00e3o Tutorial da UNICENTRO, al\u00e9m da troca de experi\u00eancias entre as atividades<br \/>\nrealizadas por cada grupo, possibilitando novas a\u00e7\u00f5es e ideias para os planejamentos futuros.<br \/>\n<span style=\"font-size: 18px\"><strong>Qual ser\u00e1 a metodologia de avalia\u00e7\u00e3o da atividade pelo grupo:<\/strong><\/span><br \/>\nA atividade \u00e9 avaliada pelo relato do grupo PET Engenharias e repassada \u00e0 equipe organizadora do<br \/>\nevento, tutores e representantes da Pr\u00f3-Reitoria de Ensino da Unicentro, nas reuni\u00f5es mensais.<\/p>\n","protected":false},"excerpt":{"rendered":"<p>Descri\u00e7\u00e3o\/Justificativa: O Encontro Anual dos Grupos PET da Unicentro, denominado InterPET, \u00e9 o principal evento de integra\u00e7\u00e3o dos grupos pertencentes \u00e0 Unicentro. Neste evento os grupos podem socializar as atividades realizadas ao longo do ano. Entende-se que a maior aproxima\u00e7\u00e3o entre os grupos fortalece e motiva os discentes e docentes. ODS relacionado: (ODS 04) Educa\u00e7\u00e3o [&hellip;]<\/p>\n","protected":false},"author":775,"featured_media":0,"parent":0,"menu_order":0,"comment_status":"closed","ping_status":"closed","template":"","meta":{"_exactmetrics_skip_tracking":false,"_exactmetrics_sitenote_active":false,"_exactmetrics_sitenote_note":"","_exactmetrics_sitenote_category":0,"footnotes":"","_links_to":"","_links_to_target":""},"class_list":["post-1479","page","type-page","status-publish","hentry"],"_links":{"self":[{"href":"https:\/\/www3.unicentro.br\/petengenharias\/wp-json\/wp\/v2\/pages\/1479","targetHints":{"allow":["GET"]}}],"collection":[{"href":"https:\/\/www3.unicentro.br\/petengenharias\/wp-json\/wp\/v2\/pages"}],"about":[{"href":"https:\/\/www3.unicentro.br\/petengenharias\/wp-json\/wp\/v2\/types\/page"}],"author":[{"embeddable":true,"href":"https:\/\/www3.unicentro.br\/petengenharias\/wp-json\/wp\/v2\/users\/775"}],"replies":[{"embeddable":true,"href":"https:\/\/www3.unicentro.br\/petengenharias\/wp-json\/wp\/v2\/comments?post=1479"}],"version-history":[{"count":1,"href":"https:\/\/www3.unicentro.br\/petengenharias\/wp-json\/wp\/v2\/pages\/1479\/revisions"}],"predecessor-version":[{"id":1480,"href":"https:\/\/www3.unicentro.br\/petengenharias\/wp-json\/wp\/v2\/pages\/1479\/revisions\/1480"}],"wp:attachment":[{"href":"https:\/\/www3.unicentro.br\/petengenharias\/wp-json\/wp\/v2\/media?parent=1479"}],"curies":[{"name":"wp","href":"https:\/\/api.w.org\/{rel}","templated":true}]}}