{"id":1477,"date":"2024-11-08T15:08:12","date_gmt":"2024-11-08T18:08:12","guid":{"rendered":"https:\/\/www3.unicentro.br\/petengenharias\/?page_id=1477"},"modified":"2024-11-08T15:08:12","modified_gmt":"2024-11-08T18:08:12","slug":"atividade-arraia-do-campus-irati","status":"publish","type":"page","link":"https:\/\/www3.unicentro.br\/petengenharias\/atividade-arraia-do-campus-irati\/","title":{"rendered":"Atividade &#8211; Arraia do Campus Irati"},"content":{"rendered":"<p><span style=\"font-size: 18px\"><strong>Descri\u00e7\u00e3o\/Justificativa:<\/strong><\/span><br \/>\nA participa\u00e7\u00e3o ativa na organiza\u00e7\u00e3o do Arraia do Campus Irati pelo PET Engenharias \u00e9 motivada<br \/>\npelo prop\u00f3sito de promover a integra\u00e7\u00e3o e fortalecer os la\u00e7os com a comunidade acad\u00eamica. O<br \/>\nevento representa uma oportunidade \u00fanica de celebrar a cultura regional, proporcionando<br \/>\nmomentos de alegria, divers\u00e3o e intera\u00e7\u00e3o entre estudantes, docentes e demais membros da<br \/>\nuniversidade. Al\u00e9m do car\u00e1ter festivo, a atividade contribui para o desenvolvimento de habilidades<br \/>\nsociais e trabalho em equipe dos participantes. A apresenta\u00e7\u00e3o de quadrilha e a organiza\u00e7\u00e3o de<br \/>\nbrincadeiras n\u00e3o apenas enriquecem a experi\u00eancia dos envolvidos, mas tamb\u00e9m fomentam um<br \/>\nambiente acad\u00eamico mais acolhedor e integrado. Ao participar ativamente da organiza\u00e7\u00e3o do Arraia,<br \/>\no PET Engenharias se alinha aos princ\u00edpios de engajamento comunit\u00e1rio, promovendo uma<br \/>\natmosfera inclusiva e fortalecendo os valores culturais locais. Essa iniciativa reflete o compromisso<br \/>\ndo grupo com o desenvolvimento integral dos seus membros e com a constru\u00e7\u00e3o de uma comunidade<br \/>\nacad\u00eamica vibrante e participativa. ODS envolvidos nessa a\u00e7\u00e3o: ODS 3 &#8211; Sa\u00fade e Bem-Estar; ODS 4 &#8211;<br \/>\nEduca\u00e7\u00e3o de Qualidade; ODS 10 &#8211; Redu\u00e7\u00e3o das Desigualdades; ODS 17- parcerias e meios de<br \/>\nimplanta\u00e7\u00e3o.<br \/>\n<span style=\"font-size: 18px\"><strong>Objetivos:<\/strong><\/span><br \/>\nPromover a integra\u00e7\u00e3o e fortalecer os la\u00e7os na comunidade acad\u00eamica atrav\u00e9s da participa\u00e7\u00e3o ativa<br \/>\nna organiza\u00e7\u00e3o do Arraia do Campus Irati.<br \/>\n<span style=\"font-size: 18px\"><strong>Como a atividade ser\u00e1 realizada? (Metodologia):<\/strong><\/span><br \/>\nA atividade ser\u00e1 realizada por meio da colabora\u00e7\u00e3o e engajamento ativo dos membros do PET<br \/>\nEngenharias na organiza\u00e7\u00e3o do Arraia do Campus Irati, junto a equipe da Universidade Aberta \u00e0<br \/>\nTerceira Idade \u00bf Unati. Isso inclui a participa\u00e7\u00e3o na elabora\u00e7\u00e3o do planejamento do evento,<br \/>\ncontribui\u00e7\u00e3o na defini\u00e7\u00e3o das brincadeiras, prepara\u00e7\u00e3o da apresenta\u00e7\u00e3o de quadrilha e outras<br \/>\natividades relacionadas \u00e0 festividade. A metodologia envolver\u00e1 reuni\u00f5es de planejamento,<br \/>\ndistribui\u00e7\u00e3o de tarefas entre os membros, ensaios para a apresenta\u00e7\u00e3o da quadrilha e coordena\u00e7\u00e3o<br \/>\neficiente durante o evento.<\/p>\n<p><span style=\"font-size: 21px\">Quais os resultados que se espera da atividade?<\/span><\/p>\n<p><span style=\"font-size: 18px\"><strong>Resultados \/ produtos esperados com a atividade: melhorias para o Curso, para a Educa\u00e7\u00e3o, <\/strong><\/span><span style=\"font-size: 18px\"><strong>para a sociedade, meios para a socializa\u00e7\u00e3o dos resultados, publica\u00e7\u00f5es, etc:<\/strong><\/span><br \/>\nEspera-se que a participa\u00e7\u00e3o ativa na organiza\u00e7\u00e3o do Arraia do Campus Irati promova uma maior<br \/>\nintegra\u00e7\u00e3o e fortalecimento dos la\u00e7os na comunidade acad\u00eamica. Al\u00e9m disso, a expectativa \u00e9 de que<br \/>\no evento proporcione momentos de alegria e descontra\u00e7\u00e3o, contribuindo para um ambiente mais<br \/>\nacolhedor e integrado no campus. A participa\u00e7\u00e3o no Arraia proporcionar\u00e1 aos membros do PET<br \/>\nEngenharias uma experi\u00eancia pr\u00e1tica na organiza\u00e7\u00e3o de eventos comunit\u00e1rios e promover\u00e1 a<br \/>\nintegra\u00e7\u00e3o efetiva com a comunidade acad\u00eamica.<br \/>\n<span style=\"font-size: 18px\"><strong>Qual ser\u00e1 a metodologia de avalia\u00e7\u00e3o da atividade pelo grupo:<\/strong><\/span><br \/>\nA metodologia de avalia\u00e7\u00e3o da atividade ser\u00e1 centrada na participa\u00e7\u00e3o ativa de todos os discentes<br \/>\nenvolvidos na organiza\u00e7\u00e3o do Arrai\u00e1 do Campus Irati. Al\u00e9m disso, a avalia\u00e7\u00e3o considerar\u00e1 o<br \/>\nresultado da participa\u00e7\u00e3o da comunidade no evento, buscando medir o impacto positivo e a<br \/>\nreceptividade das atividades propostas.<\/p>\n","protected":false},"excerpt":{"rendered":"<p>Descri\u00e7\u00e3o\/Justificativa: A participa\u00e7\u00e3o ativa na organiza\u00e7\u00e3o do Arraia do Campus Irati pelo PET Engenharias \u00e9 motivada pelo prop\u00f3sito de promover a integra\u00e7\u00e3o e fortalecer os la\u00e7os com a comunidade acad\u00eamica. O evento representa uma oportunidade \u00fanica de celebrar a cultura regional, proporcionando momentos de alegria, divers\u00e3o e intera\u00e7\u00e3o entre estudantes, docentes e demais membros da [&hellip;]<\/p>\n","protected":false},"author":775,"featured_media":0,"parent":0,"menu_order":0,"comment_status":"closed","ping_status":"closed","template":"","meta":{"_exactmetrics_skip_tracking":false,"_exactmetrics_sitenote_active":false,"_exactmetrics_sitenote_note":"","_exactmetrics_sitenote_category":0,"footnotes":"","_links_to":"","_links_to_target":""},"class_list":["post-1477","page","type-page","status-publish","hentry"],"_links":{"self":[{"href":"https:\/\/www3.unicentro.br\/petengenharias\/wp-json\/wp\/v2\/pages\/1477","targetHints":{"allow":["GET"]}}],"collection":[{"href":"https:\/\/www3.unicentro.br\/petengenharias\/wp-json\/wp\/v2\/pages"}],"about":[{"href":"https:\/\/www3.unicentro.br\/petengenharias\/wp-json\/wp\/v2\/types\/page"}],"author":[{"embeddable":true,"href":"https:\/\/www3.unicentro.br\/petengenharias\/wp-json\/wp\/v2\/users\/775"}],"replies":[{"embeddable":true,"href":"https:\/\/www3.unicentro.br\/petengenharias\/wp-json\/wp\/v2\/comments?post=1477"}],"version-history":[{"count":1,"href":"https:\/\/www3.unicentro.br\/petengenharias\/wp-json\/wp\/v2\/pages\/1477\/revisions"}],"predecessor-version":[{"id":1478,"href":"https:\/\/www3.unicentro.br\/petengenharias\/wp-json\/wp\/v2\/pages\/1477\/revisions\/1478"}],"wp:attachment":[{"href":"https:\/\/www3.unicentro.br\/petengenharias\/wp-json\/wp\/v2\/media?parent=1477"}],"curies":[{"name":"wp","href":"https:\/\/api.w.org\/{rel}","templated":true}]}}