{"id":1472,"date":"2024-11-08T14:56:35","date_gmt":"2024-11-08T17:56:35","guid":{"rendered":"https:\/\/www3.unicentro.br\/petengenharias\/?page_id=1472"},"modified":"2024-11-08T14:56:35","modified_gmt":"2024-11-08T17:56:35","slug":"atividade-associacao-do-nucleo-de-apoio-ao-portador-de-cancer-de-irati-anapci","status":"publish","type":"page","link":"https:\/\/www3.unicentro.br\/petengenharias\/projetos\/acompanhe-todas-as-atividades-do-pet-engenharias-2024\/atividade-associacao-do-nucleo-de-apoio-ao-portador-de-cancer-de-irati-anapci\/","title":{"rendered":"Atividade &#8211; Associa\u00e7\u00e3o do N\u00facleo de Apoio ao Portador de C\u00e2ncer de Irati &#8211; ANAPCI"},"content":{"rendered":"<p><span style=\"font-size: 18px\"><strong>Descri\u00e7\u00e3o\/Justificativa:<\/strong><\/span><br \/>\nA ANAPCI \u00e9 uma entidade sem fins lucrativos, de organiza\u00e7\u00e3o da sociedade civil de interesse<br \/>\np\u00fablico. As despesas na manuten\u00e7\u00e3o dos servi\u00e7os prestados \u00e0 comunidade como a distribui\u00e7\u00e3o de<br \/>\ncestas b\u00e1sicas, fraldas, medicamentos, viagens para transporte de pacientes, entre outros, quase<br \/>\nsempre ultrapassam a receita, a qual \u00e9 formada por doa\u00e7\u00f5es da comunidade e contribui\u00e7\u00f5es de<br \/>\nassociados. Para isto s\u00e3o realizados diversos eventos para arrecadar recursos, como o bazar e venda<br \/>\nde artesanato, os quais s\u00e3o realizados por volunt\u00e1rios. Desta forma, a parceria entre o PET<br \/>\nEngenharias e a associa\u00e7\u00e3o \u00e9 de suma import\u00e2ncia, pois, qualquer a\u00e7\u00e3o dos discentes que possa<br \/>\ncontribuir com o desenvolvimento da institui\u00e7\u00e3o \u00e9 de grande valor a todos os envolvidos. No ano de<br \/>\n2021, por interm\u00e9dio do PET Engenharias, a empresa Stafford Capital Partnersum fez aporte<br \/>\nfinanceiro no valor de tr\u00eas mil d\u00f3lares para a aquisi\u00e7\u00e3o de uma m\u00e1quina de fabricar fraldas para a<br \/>\nANAPCI. A inten\u00e7\u00e3o \u00e9 buscar novos apoiadores para a institui\u00e7\u00e3o e formalizar projetos de pesquisa<br \/>\njunto a elas. ODS relacionados: ODS 03- Sa\u00fade e Bem-estar; ODS 09- Ind\u00fastria, Inova\u00e7\u00e3o e<br \/>\nInfraestrutura, ODS 10- Redu\u00e7\u00e3o das desigualdades, ODS 16- Paz, justi\u00e7a e institui\u00e7\u00f5es eficazes e<br \/>\nODS 17- Parcerias e meios de implementa\u00e7\u00e3o.<br \/>\n<span style=\"font-size: 18px\"><strong>Objetivos:<\/strong><\/span><br \/>\nAuxiliar na divulga\u00e7\u00e3o e execu\u00e7\u00e3o das atividades desenvolvidas pela ANAPCI.<br \/>\n<span style=\"font-size: 18px\"><strong>Como a atividade ser\u00e1 realizada? (Metodologia):<\/strong><\/span><br \/>\nAs atividades ser\u00e3o: divulga\u00e7\u00e3o dos projetos j\u00e1 desenvolvidos pela associa\u00e7\u00e3o (doa\u00e7\u00e3o por meio da<br \/>\nconta de energia, vendas dos artesanatos, arrecada\u00e7\u00e3o de fraldas, doa\u00e7\u00e3o da nota fiscal, venda de<br \/>\ncamisetas, divulga\u00e7\u00e3o dos jantares, entre outras), com o aux\u00edlio das redes sociais e do contato com<br \/>\nos alunos, funcion\u00e1rios e professores da universidade e tamb\u00e9m de pessoas fora do meio acad\u00eamico.<br \/>\nSer\u00e1 organizado um grupo de alunos da Unicentro para contribu\u00edrem com a produ\u00e7\u00e3o das fraldas na<br \/>\nANAPCI durante o ano de 2024.<\/p>\n<p><span style=\"font-size: 21px\">Quais os resultados que se espera da atividade?<\/span><\/p>\n<p><span style=\"font-size: 18px\"><strong>Resultados \/ produtos esperados com a atividade: melhorias para o Curso, para a Educa\u00e7\u00e3o, <\/strong><\/span><span style=\"font-size: 18px\"><strong>para a sociedade, meios para a socializa\u00e7\u00e3o dos resultados, publica\u00e7\u00f5es, etc:<\/strong><\/span><br \/>\nA iniciativa destaca o comprometimento do PET Engenharias em apoiar organiza\u00e7\u00f5es sociais e<br \/>\npromover a responsabilidade social, refor\u00e7ando o papel da academia no desenvolvimento sustent\u00e1vel<br \/>\nda comunidade, al\u00e9m do desenvolvimento pessoal de cada integrante do grupo PET-Engenharias e<br \/>\nda aquisi\u00e7\u00e3o ou busca de recursos para as atividades desenvolvidos pela ANAPCI.<br \/>\n<span style=\"font-size: 18px\"><strong>Qual ser\u00e1 a metodologia de avalia\u00e7\u00e3o da atividade pelo grupo:<\/strong><\/span><br \/>\nReuni\u00f5es da equipe, onde cada participante poder\u00e1 expor o resultado que obteve com sua a\u00e7\u00e3o e<br \/>\ncomo chegou a este resultado.<\/p>\n","protected":false},"excerpt":{"rendered":"<p>Descri\u00e7\u00e3o\/Justificativa: A ANAPCI \u00e9 uma entidade sem fins lucrativos, de organiza\u00e7\u00e3o da sociedade civil de interesse p\u00fablico. As despesas na manuten\u00e7\u00e3o dos servi\u00e7os prestados \u00e0 comunidade como a distribui\u00e7\u00e3o de cestas b\u00e1sicas, fraldas, medicamentos, viagens para transporte de pacientes, entre outros, quase sempre ultrapassam a receita, a qual \u00e9 formada por doa\u00e7\u00f5es da comunidade e [&hellip;]<\/p>\n","protected":false},"author":775,"featured_media":0,"parent":1409,"menu_order":0,"comment_status":"closed","ping_status":"closed","template":"","meta":{"_exactmetrics_skip_tracking":false,"_exactmetrics_sitenote_active":false,"_exactmetrics_sitenote_note":"","_exactmetrics_sitenote_category":0,"footnotes":"","_links_to":"","_links_to_target":""},"class_list":["post-1472","page","type-page","status-publish","hentry"],"_links":{"self":[{"href":"https:\/\/www3.unicentro.br\/petengenharias\/wp-json\/wp\/v2\/pages\/1472","targetHints":{"allow":["GET"]}}],"collection":[{"href":"https:\/\/www3.unicentro.br\/petengenharias\/wp-json\/wp\/v2\/pages"}],"about":[{"href":"https:\/\/www3.unicentro.br\/petengenharias\/wp-json\/wp\/v2\/types\/page"}],"author":[{"embeddable":true,"href":"https:\/\/www3.unicentro.br\/petengenharias\/wp-json\/wp\/v2\/users\/775"}],"replies":[{"embeddable":true,"href":"https:\/\/www3.unicentro.br\/petengenharias\/wp-json\/wp\/v2\/comments?post=1472"}],"version-history":[{"count":2,"href":"https:\/\/www3.unicentro.br\/petengenharias\/wp-json\/wp\/v2\/pages\/1472\/revisions"}],"predecessor-version":[{"id":1474,"href":"https:\/\/www3.unicentro.br\/petengenharias\/wp-json\/wp\/v2\/pages\/1472\/revisions\/1474"}],"up":[{"embeddable":true,"href":"https:\/\/www3.unicentro.br\/petengenharias\/wp-json\/wp\/v2\/pages\/1409"}],"wp:attachment":[{"href":"https:\/\/www3.unicentro.br\/petengenharias\/wp-json\/wp\/v2\/media?parent=1472"}],"curies":[{"name":"wp","href":"https:\/\/api.w.org\/{rel}","templated":true}]}}