{"id":1467,"date":"2024-11-06T18:58:52","date_gmt":"2024-11-06T21:58:52","guid":{"rendered":"https:\/\/www3.unicentro.br\/petengenharias\/?page_id=1467"},"modified":"2024-11-06T18:59:18","modified_gmt":"2024-11-06T21:59:18","slug":"atividade-voce-sabia","status":"publish","type":"page","link":"https:\/\/www3.unicentro.br\/petengenharias\/projetos\/acompanhe-todas-as-atividades-do-pet-engenharias-2024\/atividade-voce-sabia\/","title":{"rendered":"Atividade &#8211; Voc\u00ea sabia?"},"content":{"rendered":"<p><strong><span style=\"font-size: 18px\">Descri\u00e7\u00e3o\/Justificativa:<\/span><\/strong><br \/>\nA atividade &#8220;Voc\u00ea Sabia?&#8221; prop\u00f5e a cria\u00e7\u00e3o e divulga\u00e7\u00e3o de v\u00eddeos informativos abordando diversos<br \/>\ntemas da \u00e1rea ambiental e florestal nas redes sociais. Este projeto nasce da necessidade de<br \/>\ndisseminar conhecimento sobre quest\u00f5es ambientais e florestais, promovendo a conscientiza\u00e7\u00e3o da<br \/>\npopula\u00e7\u00e3o e incentivando a ado\u00e7\u00e3o de pr\u00e1ticas sustent\u00e1veis. A escolha de v\u00eddeos informativos como<br \/>\nmeio de comunica\u00e7\u00e3o visa a efic\u00e1cia na transmiss\u00e3o de informa\u00e7\u00f5es claras e acess\u00edveis. Muitas<br \/>\nvezes, informa\u00e7\u00f5es sobre quest\u00f5es ambientais e florestais n\u00e3o alcan\u00e7am a popula\u00e7\u00e3o em geral. A<br \/>\natividade &#8220;Voc\u00ea Sabia?&#8221; visa preencher essa lacuna educacional, fornecendo informa\u00e7\u00f5es relevantes<br \/>\ne acess\u00edveis a um p\u00fablico diversificado. Ao abordar diversas quest\u00f5es, a atividade se adapta para<br \/>\ninformar sobre temas emergentes na \u00e1rea ambiental e florestal. Isso possibilita a sensibiliza\u00e7\u00e3o da<br \/>\ncomunidade em rela\u00e7\u00e3o a desafios atuais e futuros. Justifica-se tamb\u00e9m utilizar as redes sociais<br \/>\ncomo plataforma de divulga\u00e7\u00e3o, pois, permite alcan\u00e7ar diferentes faixas et\u00e1rias e p\u00fablicos,<br \/>\nmaximizando o impacto da conscientiza\u00e7\u00e3o. Os v\u00eddeos informativos t\u00eam a capacidade de serem<br \/>\ncompartilhados e assim chegar a um p\u00fablico mais amplo. Muitos mitos e desinforma\u00e7\u00f5es circulam<br \/>\nsobre temas ambientais. A atividade busca desmistificar informa\u00e7\u00f5es incorretas, promovendo uma<br \/>\ncompreens\u00e3o mais clara e uma tomada de decis\u00f5es mais informada. Objetivos de Desenvolvimento<br \/>\nSustent\u00e1vel alinhados \u00e0 proposta: Consumo e produ\u00e7\u00e3o respons\u00e1veis (ODS 12); A\u00e7\u00e3o contra a<br \/>\nmudan\u00e7a global do clima (ODS 13); Vida Aqu\u00e1tica (ODS 14); Vida na Terra (ODS 15); Parcerias e<br \/>\nmeios de implementa\u00e7\u00e3o (ODS 17).<br \/>\n<span style=\"font-size: 18px\"><strong>Objetivos:<\/strong><\/span><br \/>\nAumentar a conscientiza\u00e7\u00e3o e a compreens\u00e3o da comunidade sobre quest\u00f5es ambientais e florestais<br \/>\npor meio da cria\u00e7\u00e3o e divulga\u00e7\u00e3o mensal de v\u00eddeos informativos na plataforma das redes sociais.<br \/>\n<span style=\"font-size: 18px\"><strong>Como a atividade ser\u00e1 realizada? (Metodologia):<\/strong><\/span><br \/>\nSer\u00e3o pesquisados e identificados os temas emergentes e relevantes na \u00e1rea ambiental e florestal<br \/>\npara a cria\u00e7\u00e3o dos v\u00eddeos, na sequ\u00eancia ser\u00e3o desenvolvidos v\u00eddeos curtos e informativos, utilizando<br \/>\nlinguagem acess\u00edvel e recursos visuais atrativos para garantir a compreens\u00e3o e reten\u00e7\u00e3o de<br \/>\ninforma\u00e7\u00f5es. sal: Ser\u00e1 promovida a integra\u00e7\u00e3o dos v\u00eddeos com as principais plataformas de redes<br \/>\nsociais, aproveitando recursos como hashtags relevantes e identificando p\u00fablicos espec\u00edficos.<\/p>\n<p><span style=\"font-size: 21px\">Quais os resultados que se espera da atividade?<\/span><\/p>\n<p><span style=\"font-size: 18px\"><strong>Resultados \/ produtos esperados com a atividade: melhorias para o Curso, para a Educa\u00e7\u00e3o, <\/strong><\/span><span style=\"font-size: 18px\"><strong>para a sociedade, meios para a socializa\u00e7\u00e3o dos resultados, publica\u00e7\u00f5es, etc:<\/strong><\/span><br \/>\nEspera-se promover a educa\u00e7\u00e3o ambiental de maneira ampla, favorecendo a constru\u00e7\u00e3o de uma<br \/>\nsociedade mais consciente e engajada com os desafios ambientais contempor\u00e2neos.<br \/>\n<span style=\"font-size: 18px\"><strong>Qual ser\u00e1 a metodologia de avalia\u00e7\u00e3o da atividade pelo grupo:<\/strong><\/span><br \/>\nSer\u00e3o utilizadas as ferramentas de an\u00e1lise para monitorar as m\u00e9tricas de desempenho, permitindo<br \/>\navaliar o alcance e a efic\u00e1cia dos v\u00eddeos, nas redes sociais do PET Engenharias, Departamento de<br \/>\nEngenharia Ambiental e Engenharia Florestal.<\/p>\n","protected":false},"excerpt":{"rendered":"<p>Descri\u00e7\u00e3o\/Justificativa: A atividade &#8220;Voc\u00ea Sabia?&#8221; prop\u00f5e a cria\u00e7\u00e3o e divulga\u00e7\u00e3o de v\u00eddeos informativos abordando diversos temas da \u00e1rea ambiental e florestal nas redes sociais. Este projeto nasce da necessidade de disseminar conhecimento sobre quest\u00f5es ambientais e florestais, promovendo a conscientiza\u00e7\u00e3o da popula\u00e7\u00e3o e incentivando a ado\u00e7\u00e3o de pr\u00e1ticas sustent\u00e1veis. A escolha de v\u00eddeos informativos como [&hellip;]<\/p>\n","protected":false},"author":775,"featured_media":0,"parent":1409,"menu_order":0,"comment_status":"closed","ping_status":"closed","template":"","meta":{"_exactmetrics_skip_tracking":false,"_exactmetrics_sitenote_active":false,"_exactmetrics_sitenote_note":"","_exactmetrics_sitenote_category":0,"footnotes":"","_links_to":"","_links_to_target":""},"class_list":["post-1467","page","type-page","status-publish","hentry"],"_links":{"self":[{"href":"https:\/\/www3.unicentro.br\/petengenharias\/wp-json\/wp\/v2\/pages\/1467","targetHints":{"allow":["GET"]}}],"collection":[{"href":"https:\/\/www3.unicentro.br\/petengenharias\/wp-json\/wp\/v2\/pages"}],"about":[{"href":"https:\/\/www3.unicentro.br\/petengenharias\/wp-json\/wp\/v2\/types\/page"}],"author":[{"embeddable":true,"href":"https:\/\/www3.unicentro.br\/petengenharias\/wp-json\/wp\/v2\/users\/775"}],"replies":[{"embeddable":true,"href":"https:\/\/www3.unicentro.br\/petengenharias\/wp-json\/wp\/v2\/comments?post=1467"}],"version-history":[{"count":1,"href":"https:\/\/www3.unicentro.br\/petengenharias\/wp-json\/wp\/v2\/pages\/1467\/revisions"}],"predecessor-version":[{"id":1469,"href":"https:\/\/www3.unicentro.br\/petengenharias\/wp-json\/wp\/v2\/pages\/1467\/revisions\/1469"}],"up":[{"embeddable":true,"href":"https:\/\/www3.unicentro.br\/petengenharias\/wp-json\/wp\/v2\/pages\/1409"}],"wp:attachment":[{"href":"https:\/\/www3.unicentro.br\/petengenharias\/wp-json\/wp\/v2\/media?parent=1467"}],"curies":[{"name":"wp","href":"https:\/\/api.w.org\/{rel}","templated":true}]}}