{"id":1461,"date":"2024-11-06T18:51:21","date_gmt":"2024-11-06T21:51:21","guid":{"rendered":"https:\/\/www3.unicentro.br\/petengenharias\/?page_id=1461"},"modified":"2024-11-06T18:51:21","modified_gmt":"2024-11-06T21:51:21","slug":"atividade-projeto-seja-um-de-nos-divulgacao-dos-cursos-de-engenharia-ambiental-e-engenharia-florestal","status":"publish","type":"page","link":"https:\/\/www3.unicentro.br\/petengenharias\/projetos\/acompanhe-todas-as-atividades-do-pet-engenharias-2024\/atividade-projeto-seja-um-de-nos-divulgacao-dos-cursos-de-engenharia-ambiental-e-engenharia-florestal\/","title":{"rendered":"Atividade &#8211; Projeto Seja Um de N\u00f3s: Divulga\u00e7\u00e3o dos cursos de Engenharia Ambiental e Engenharia Florestal"},"content":{"rendered":"<p><span style=\"font-size: 18px\"><strong>Descri\u00e7\u00e3o\/Justificativa:<\/strong><\/span><br \/>\nA divulga\u00e7\u00e3o dos cursos para a comunidade permite uma maior compreens\u00e3o da atua\u00e7\u00e3o<br \/>\nprofissional, orientando vestibulandos na escolha correta da gradua\u00e7\u00e3o a cursar de acordo com o<br \/>\nseu perfil. Sobremaneira, divulga o papel dos profissionais de Engenharia Florestal e Engenharia<br \/>\nAmbiental na sociedade e a sua import\u00e2ncia na promo\u00e7\u00e3o do desenvolvimento econ\u00f4mico e<br \/>\nsustent\u00e1vel do meio urbano e rural. ODS relacionados: ODS 04 Educa\u00e7\u00e3o de qualidade; ODS 9 &#8211;<br \/>\nInd\u00fastria, Inova\u00e7\u00e3o e Infraestrutura; ODS 11 &#8211; Cidades e Comunidades Sustent\u00e1veis; ODS 12 &#8211;<br \/>\nConsumo e Produ\u00e7\u00e3o Sustent\u00e1veis; ODS 13 &#8211; A\u00e7\u00e3o contra a Mudan\u00e7a Global do Clima.<br \/>\n<span style=\"font-size: 18px\"><strong>Objetivos:<\/strong><\/span><br \/>\nDivulgar os cursos de Engenharia Florestal e Engenharia Ambiental e aumentar a procura desses<br \/>\ncursos no vestibular da UNICENTRO e nas outras formas de entrada na universidade.<br \/>\n<span style=\"font-size: 18px\"><strong>Como a atividade ser\u00e1 realizada? (Metodologia):<\/strong><\/span><br \/>\nPretende-se elaborar v\u00eddeos de divulga\u00e7\u00e3o dos cursos, para ser divulgado nas redes sociais do PET<br \/>\nEngenharias e dos departamento de Engenharia Ambiental e Engenharia Florestal. O v\u00eddeo incluir\u00e1<br \/>\nfilmagens das atividades desenvolvidas nos laborat\u00f3rios, aulas pr\u00e1ticas, informa\u00e7\u00f5es sobre os cursos<br \/>\ne formas de ingresso. Ser\u00e1 realizada a divulga\u00e7\u00e3o dos prazos de inscri\u00e7\u00e3o dos processos seletivos<br \/>\n(PAC, vestibular, SISU) nas m\u00eddias sociais. Ser\u00e3o realizadas tamb\u00e9m visitas nas escolas da regi\u00e3o<br \/>\npara divulgar os cursos, al\u00e9m da divulga\u00e7\u00e3o em eventos da cidade em datas comemorativas e feiras<br \/>\nde profiss\u00e3o. Ser\u00e3o realizadas visitas e divulga\u00e7\u00e3o on-line nos col\u00e9gios, pertencentes ao munic\u00edpio de<br \/>\nIrati e regi\u00e3o que possuem 2\u00ba grau, para realizar a divulga\u00e7\u00e3o dos cursos.<\/p>\n<p><span style=\"font-size: 21px\">Quais os resultados que se espera da atividade?<\/span><\/p>\n<p><span style=\"font-size: 18px\"><strong>Resultados \/ produtos esperados com a atividade: melhorias para o Curso, para a Educa\u00e7\u00e3o, <\/strong><\/span><span style=\"font-size: 18px\"><strong>para a sociedade, meios para a socializa\u00e7\u00e3o dos resultados, publica\u00e7\u00f5es, etc:<\/strong><\/span><br \/>\nEspera-se obter a diminui\u00e7\u00e3o da evas\u00e3o e reten\u00e7\u00e3o causada pela desmotiva\u00e7\u00e3o devida ao<br \/>\ndesconhecimento do escopo do curso escolhido, assim como uma comunidade acad\u00eamica informada<br \/>\nsobre a profiss\u00e3o do Engenheiro Florestal e Ambiental. Pretende-se tamb\u00e9m desenvolver no petiano<br \/>\n\u00e0 aptid\u00e3o para falar em p\u00fablico sobre a profiss\u00e3o de Engenheiro Florestal e Ambiental.<br \/>\n<span style=\"font-size: 18px\"><strong>Qual ser\u00e1 a metodologia de avalia\u00e7\u00e3o da atividade pelo grupo:<\/strong><\/span><br \/>\nSer\u00e1 avaliado o n\u00famero de pessoas atingidas pelas publica\u00e7\u00f5es em redes sociais, a procura pelos<br \/>\ncursos nos processos seletivos e a diminui\u00e7\u00e3o do \u00edndice de evas\u00e3o em ambos os cursos. No inicio do<br \/>\nano letivo ser\u00e3o realizadas enquetes para obter informa\u00e7\u00f5es de como estes estudantes tiveram<br \/>\nconhecimento do curso e da universidade.<\/p>\n","protected":false},"excerpt":{"rendered":"<p>Descri\u00e7\u00e3o\/Justificativa: A divulga\u00e7\u00e3o dos cursos para a comunidade permite uma maior compreens\u00e3o da atua\u00e7\u00e3o profissional, orientando vestibulandos na escolha correta da gradua\u00e7\u00e3o a cursar de acordo com o seu perfil. Sobremaneira, divulga o papel dos profissionais de Engenharia Florestal e Engenharia Ambiental na sociedade e a sua import\u00e2ncia na promo\u00e7\u00e3o do desenvolvimento econ\u00f4mico e sustent\u00e1vel [&hellip;]<\/p>\n","protected":false},"author":775,"featured_media":0,"parent":1409,"menu_order":0,"comment_status":"closed","ping_status":"closed","template":"","meta":{"_exactmetrics_skip_tracking":false,"_exactmetrics_sitenote_active":false,"_exactmetrics_sitenote_note":"","_exactmetrics_sitenote_category":0,"footnotes":"","_links_to":"","_links_to_target":""},"class_list":["post-1461","page","type-page","status-publish","hentry"],"_links":{"self":[{"href":"https:\/\/www3.unicentro.br\/petengenharias\/wp-json\/wp\/v2\/pages\/1461","targetHints":{"allow":["GET"]}}],"collection":[{"href":"https:\/\/www3.unicentro.br\/petengenharias\/wp-json\/wp\/v2\/pages"}],"about":[{"href":"https:\/\/www3.unicentro.br\/petengenharias\/wp-json\/wp\/v2\/types\/page"}],"author":[{"embeddable":true,"href":"https:\/\/www3.unicentro.br\/petengenharias\/wp-json\/wp\/v2\/users\/775"}],"replies":[{"embeddable":true,"href":"https:\/\/www3.unicentro.br\/petengenharias\/wp-json\/wp\/v2\/comments?post=1461"}],"version-history":[{"count":1,"href":"https:\/\/www3.unicentro.br\/petengenharias\/wp-json\/wp\/v2\/pages\/1461\/revisions"}],"predecessor-version":[{"id":1462,"href":"https:\/\/www3.unicentro.br\/petengenharias\/wp-json\/wp\/v2\/pages\/1461\/revisions\/1462"}],"up":[{"embeddable":true,"href":"https:\/\/www3.unicentro.br\/petengenharias\/wp-json\/wp\/v2\/pages\/1409"}],"wp:attachment":[{"href":"https:\/\/www3.unicentro.br\/petengenharias\/wp-json\/wp\/v2\/media?parent=1461"}],"curies":[{"name":"wp","href":"https:\/\/api.w.org\/{rel}","templated":true}]}}