{"id":1459,"date":"2024-11-06T18:48:19","date_gmt":"2024-11-06T21:48:19","guid":{"rendered":"https:\/\/www3.unicentro.br\/petengenharias\/?page_id=1459"},"modified":"2024-11-06T18:48:19","modified_gmt":"2024-11-06T21:48:19","slug":"atividade-projeto-avaliando-egressos","status":"publish","type":"page","link":"https:\/\/www3.unicentro.br\/petengenharias\/projetos\/acompanhe-todas-as-atividades-do-pet-engenharias-2024\/atividade-projeto-avaliando-egressos\/","title":{"rendered":"Atividade &#8211; Projeto Avaliando Egressos"},"content":{"rendered":"<p><span style=\"font-size: 18px\"><strong>Descri\u00e7\u00e3o\/Justificativa:<\/strong><\/span><br \/>\nA avalia\u00e7\u00e3o de egressos \u00e9 uma ferramenta fundamental para entender como a forma\u00e7\u00e3o acad\u00eamica<br \/>\nimpactou suas carreiras. A an\u00e1lise desses resultados permite identificar pontos fortes e \u00e1reas de<br \/>\nmelhoria nos cursos, promovendo o aprimoramento constante da qualidade do ensino. Ao<br \/>\nacompanhar a trajet\u00f3ria profissional dos egressos, a institui\u00e7\u00e3o pode verificar se as habilidades e<br \/>\nconhecimentos adquiridos est\u00e3o alinhados com as demandas do mercado de trabalho. Isso contribui<br \/>\npara ajustar os curr\u00edculos e as estrat\u00e9gias de ensino para atender \u00e0s necessidades contempor\u00e2neas.<br \/>\nEssa an\u00e1lise das experi\u00eancias dos egressos fornece insights valiosos sobre a efic\u00e1cia das<br \/>\nmetodologias de ensino e aprendizagem adotadas. Isso inclui a valida\u00e7\u00e3o de abordagens<br \/>\npedag\u00f3gicas, tecnologias educacionais e pr\u00e1ticas inovadoras implementadas nos cursos. ODS<br \/>\nenvolvidos na atividade: ODS 4 &#8211; Educa\u00e7\u00e3o de Qualidade; ODS 8 &#8211; Trabalho Decente e Crescimento<br \/>\nEcon\u00f4mico; ODS 17 &#8211; Parcerias e Meios de Implementa\u00e7\u00e3o.<br \/>\n<strong><span style=\"font-size: 18px\">Objetivos:<\/span><\/strong><br \/>\nGarantir a qualidade, relev\u00e2ncia e sustentabilidade dos cursos, promovendo avan\u00e7os e<br \/>\ndesenvolvimentos cont\u00ednuos em resposta \u00e0s demandas din\u00e2micas do ambiente educacional e do<br \/>\nmercado de trabalho.<br \/>\n<strong><span style=\"font-size: 18px\">Como a atividade ser\u00e1 realizada? (Metodologia):<\/span><\/strong><br \/>\nSer\u00e3o estabelecidos os objetivos espec\u00edficos da avalia\u00e7\u00e3o, como identifica\u00e7\u00e3o das compet\u00eancias<br \/>\ndesenvolvidas, avalia\u00e7\u00e3o da satisfa\u00e7\u00e3o dos egressos e identifica\u00e7\u00e3o das \u00e1reas de melhoria nos cursos.<br \/>\nSer\u00e3o selecionados indicadores para avaliar o desempenho dos egressos, tais como taxa de<br \/>\nempregabilidade, avan\u00e7o na carreira, satisfa\u00e7\u00e3o profissional e percep\u00e7\u00e3o sobre a qualidade da<br \/>\nforma\u00e7\u00e3o recebida. Para a efetiva\u00e7\u00e3o da pesquisa ser\u00e1 elaborado um instrumento de coleta de<br \/>\ndados, desenvolvendo question\u00e1rios estruturados (formul\u00e1rios online) para coletar informa\u00e7\u00f5es<br \/>\nqualitativas e quantitativas dos egressos. Distribuir question\u00e1rios aos egressos: ser\u00e1 realizado<br \/>\nutilizando plataformas online para facilitar a participa\u00e7\u00e3o. Ser\u00e3o inclu\u00eddas perguntas sobre<br \/>\nexperi\u00eancias acad\u00eamicas, aplicabilidade do conhecimento no mercado de trabalho, \u00e1reas de<br \/>\ndestaque e sugest\u00f5es de melhoria.<\/p>\n<p><span style=\"font-size: 21px\">Quais os resultados que se espera da atividade?<\/span><\/p>\n<p><span style=\"font-size: 18px\"><strong>Resultados \/ produtos esperados com a atividade: melhorias para o Curso, para a Educa\u00e7\u00e3o, <\/strong><\/span><span style=\"font-size: 18px\"><strong>para a sociedade, meios para a socializa\u00e7\u00e3o dos resultados, publica\u00e7\u00f5es, etc:<\/strong><\/span><br \/>\nOs resultados esperados incluem a identifica\u00e7\u00e3o de \u00e1reas de destaque, feedback para<br \/>\naprimoramento cont\u00ednuo e o fortalecimento dos v\u00ednculos com os egressos, contribuindo para<br \/>\nprocessos de acredita\u00e7\u00e3o e atra\u00e7\u00e3o de novos alunos.<br \/>\n<span style=\"font-size: 18px\"><strong>Qual ser\u00e1 a metodologia de avalia\u00e7\u00e3o da atividade pelo grupo:<\/strong><\/span><br \/>\nReuni\u00f5es da equipe, onde ser\u00e1 avaliado se o publico atingido foi suficiente e se os resultados s\u00e3o<br \/>\nimportantes para serem disseminados para os departamento correlatos.<\/p>\n","protected":false},"excerpt":{"rendered":"<p>Descri\u00e7\u00e3o\/Justificativa: A avalia\u00e7\u00e3o de egressos \u00e9 uma ferramenta fundamental para entender como a forma\u00e7\u00e3o acad\u00eamica impactou suas carreiras. A an\u00e1lise desses resultados permite identificar pontos fortes e \u00e1reas de melhoria nos cursos, promovendo o aprimoramento constante da qualidade do ensino. Ao acompanhar a trajet\u00f3ria profissional dos egressos, a institui\u00e7\u00e3o pode verificar se as habilidades e [&hellip;]<\/p>\n","protected":false},"author":775,"featured_media":0,"parent":1409,"menu_order":0,"comment_status":"closed","ping_status":"closed","template":"","meta":{"_exactmetrics_skip_tracking":false,"_exactmetrics_sitenote_active":false,"_exactmetrics_sitenote_note":"","_exactmetrics_sitenote_category":0,"footnotes":"","_links_to":"","_links_to_target":""},"class_list":["post-1459","page","type-page","status-publish","hentry"],"_links":{"self":[{"href":"https:\/\/www3.unicentro.br\/petengenharias\/wp-json\/wp\/v2\/pages\/1459","targetHints":{"allow":["GET"]}}],"collection":[{"href":"https:\/\/www3.unicentro.br\/petengenharias\/wp-json\/wp\/v2\/pages"}],"about":[{"href":"https:\/\/www3.unicentro.br\/petengenharias\/wp-json\/wp\/v2\/types\/page"}],"author":[{"embeddable":true,"href":"https:\/\/www3.unicentro.br\/petengenharias\/wp-json\/wp\/v2\/users\/775"}],"replies":[{"embeddable":true,"href":"https:\/\/www3.unicentro.br\/petengenharias\/wp-json\/wp\/v2\/comments?post=1459"}],"version-history":[{"count":1,"href":"https:\/\/www3.unicentro.br\/petengenharias\/wp-json\/wp\/v2\/pages\/1459\/revisions"}],"predecessor-version":[{"id":1460,"href":"https:\/\/www3.unicentro.br\/petengenharias\/wp-json\/wp\/v2\/pages\/1459\/revisions\/1460"}],"up":[{"embeddable":true,"href":"https:\/\/www3.unicentro.br\/petengenharias\/wp-json\/wp\/v2\/pages\/1409"}],"wp:attachment":[{"href":"https:\/\/www3.unicentro.br\/petengenharias\/wp-json\/wp\/v2\/media?parent=1459"}],"curies":[{"name":"wp","href":"https:\/\/api.w.org\/{rel}","templated":true}]}}