{"id":1449,"date":"2024-11-06T18:29:22","date_gmt":"2024-11-06T21:29:22","guid":{"rendered":"https:\/\/www3.unicentro.br\/petengenharias\/?page_id=1449"},"modified":"2024-11-06T18:29:22","modified_gmt":"2024-11-06T21:29:22","slug":"atividade-selecao-pet-engenharias","status":"publish","type":"page","link":"https:\/\/www3.unicentro.br\/petengenharias\/projetos\/acompanhe-todas-as-atividades-do-pet-engenharias-2024\/atividade-selecao-pet-engenharias\/","title":{"rendered":"Atividade &#8211; Sele\u00e7\u00e3o PET-Engenharias"},"content":{"rendered":"<p><strong><span style=\"font-size: 18px\">Descri\u00e7\u00e3o\/Justificativa:<\/span><\/strong><br \/>\nA sele\u00e7\u00e3o de novos discentes no PET-Engenharias \u00e9 uma pr\u00e1tica essencial para a renova\u00e7\u00e3o e<br \/>\ncontinuidade do grupo, garantindo a participa\u00e7\u00e3o ativa de estudantes interessados e engajados. Esta<br \/>\niniciativa contribui para a sustentabilidade e efic\u00e1cia do programa, permitindo a transfer\u00eancia de<br \/>\nconhecimento e experi\u00eancia entre os membros mais antigos e os rec\u00e9m-selecionados. Al\u00e9m disso, a<br \/>\nsele\u00e7\u00e3o promove a diversidade de ideias e perspectivas, enriquecendo o ambiente de aprendizado<br \/>\ncolaborativo. Dessa forma, a pr\u00e1tica de sele\u00e7\u00e3o de novos discentes do PET-Engenharias \u00e9 vital para<br \/>\nmanter a din\u00e2mica do grupo e assegurar a continuidade de suas atividades no \u00e2mbito educacional e<br \/>\ncomunit\u00e1rio. ODS relacionados: ODS 04 Educa\u00e7\u00e3o de qualidade; ODS 17 &#8211; Parcerias e Meios de<br \/>\nImplementa\u00e7\u00e3o.<br \/>\n<strong><span style=\"font-size: 18px\">Objetivos:<\/span><\/strong><br \/>\nSelecionar novos discentes para atuarem no PET-Engenharias.<br \/>\n<strong><span style=\"font-size: 18px\">Como a atividade ser\u00e1 realizada? (Metodologia):<\/span><\/strong><br \/>\nA sele\u00e7\u00e3o de novos discentes para o PET-Engenharias \u00e9 realizada uma a duas vezes por ano,<br \/>\nconsiderando a sa\u00edda de alunos devido \u00e0 conclus\u00e3o do curso ou outros motivos. O processo seguir\u00e1<br \/>\nas etapas delineadas nos editais emitidos, os quais conter\u00e3o informa\u00e7\u00f5es detalhadas sobre o<br \/>\nprograma, incluindo crit\u00e9rios de inscri\u00e7\u00e3o, avalia\u00e7\u00f5es e datas importantes. Os editais ser\u00e3o<br \/>\nestruturados em conformidade com as normas estabelecidas pela Pr\u00f3-Reitoria de Ensino da<br \/>\nUnicentro (Proen), garantindo transpar\u00eancia, igualdade de oportunidades e alinhamento com as<br \/>\npol\u00edticas educacionais da institui\u00e7\u00e3o. Essa abordagem visa assegurar um processo seletivo claro e<br \/>\njusto, proporcionando aos interessados todas as informa\u00e7\u00f5es necess\u00e1rias para uma participa\u00e7\u00e3o bem<br \/>\ninformada e eficaz no programa PET-Engenharias.<\/p>\n<p><span style=\"font-size: 21px\">Quais os resultados que se espera da atividade?<\/span><\/p>\n<p><span style=\"font-size: 18px\"><strong>Resultados \/ produtos esperados com a atividade: melhorias para o Curso, para a Educa\u00e7\u00e3o, <\/strong><\/span><span style=\"font-size: 18px\"><strong>para a sociedade, meios para a socializa\u00e7\u00e3o dos resultados, publica\u00e7\u00f5es, etc:<\/strong><\/span><br \/>\nOs resultados esperados incluem a identifica\u00e7\u00e3o de talentos selecionados para o programa, o<br \/>\nfortalecimento do grupo, a promo\u00e7\u00e3o da diversidade, a continuidade das atividades do PET, o<br \/>\ndesenvolvimento acad\u00eamico dos participantes e o est\u00edmulo ao engajamento na comunidade<br \/>\nacad\u00eamica.<br \/>\n<strong><span style=\"font-size: 18px\">Qual ser\u00e1 a metodologia de avalia\u00e7\u00e3o da atividade pelo grupo:<\/span><\/strong><br \/>\nA busca pela participa\u00e7\u00e3o no programa e o engajamento do grupo.<\/p>\n","protected":false},"excerpt":{"rendered":"<p>Descri\u00e7\u00e3o\/Justificativa: A sele\u00e7\u00e3o de novos discentes no PET-Engenharias \u00e9 uma pr\u00e1tica essencial para a renova\u00e7\u00e3o e continuidade do grupo, garantindo a participa\u00e7\u00e3o ativa de estudantes interessados e engajados. Esta iniciativa contribui para a sustentabilidade e efic\u00e1cia do programa, permitindo a transfer\u00eancia de conhecimento e experi\u00eancia entre os membros mais antigos e os rec\u00e9m-selecionados. Al\u00e9m disso, [&hellip;]<\/p>\n","protected":false},"author":775,"featured_media":0,"parent":1409,"menu_order":0,"comment_status":"closed","ping_status":"closed","template":"","meta":{"_exactmetrics_skip_tracking":false,"_exactmetrics_sitenote_active":false,"_exactmetrics_sitenote_note":"","_exactmetrics_sitenote_category":0,"footnotes":"","_links_to":"","_links_to_target":""},"class_list":["post-1449","page","type-page","status-publish","hentry"],"_links":{"self":[{"href":"https:\/\/www3.unicentro.br\/petengenharias\/wp-json\/wp\/v2\/pages\/1449","targetHints":{"allow":["GET"]}}],"collection":[{"href":"https:\/\/www3.unicentro.br\/petengenharias\/wp-json\/wp\/v2\/pages"}],"about":[{"href":"https:\/\/www3.unicentro.br\/petengenharias\/wp-json\/wp\/v2\/types\/page"}],"author":[{"embeddable":true,"href":"https:\/\/www3.unicentro.br\/petengenharias\/wp-json\/wp\/v2\/users\/775"}],"replies":[{"embeddable":true,"href":"https:\/\/www3.unicentro.br\/petengenharias\/wp-json\/wp\/v2\/comments?post=1449"}],"version-history":[{"count":1,"href":"https:\/\/www3.unicentro.br\/petengenharias\/wp-json\/wp\/v2\/pages\/1449\/revisions"}],"predecessor-version":[{"id":1450,"href":"https:\/\/www3.unicentro.br\/petengenharias\/wp-json\/wp\/v2\/pages\/1449\/revisions\/1450"}],"up":[{"embeddable":true,"href":"https:\/\/www3.unicentro.br\/petengenharias\/wp-json\/wp\/v2\/pages\/1409"}],"wp:attachment":[{"href":"https:\/\/www3.unicentro.br\/petengenharias\/wp-json\/wp\/v2\/media?parent=1449"}],"curies":[{"name":"wp","href":"https:\/\/api.w.org\/{rel}","templated":true}]}}