{"id":1446,"date":"2024-11-06T18:23:50","date_gmt":"2024-11-06T21:23:50","guid":{"rendered":"https:\/\/www3.unicentro.br\/petengenharias\/?page_id=1446"},"modified":"2024-11-06T18:23:50","modified_gmt":"2024-11-06T21:23:50","slug":"atividade-participacao-nas-reunioes-semanais-quinzenais","status":"publish","type":"page","link":"https:\/\/www3.unicentro.br\/petengenharias\/projetos\/acompanhe-todas-as-atividades-do-pet-engenharias-2024\/atividade-participacao-nas-reunioes-semanais-quinzenais\/","title":{"rendered":"Atividade &#8211; Participa\u00e7\u00e3o nas reuni\u00f5es semanais\/quinzenais"},"content":{"rendered":"<p><span style=\"font-size: 18px\"><strong>Descri\u00e7\u00e3o\/Justificativa:<\/strong><\/span><br \/>\nReuni\u00f5es com a presen\u00e7a de todos os petianos (bolsistas e volunt\u00e1rios) e tutor do PET-Engenharias<br \/>\npara discuss\u00e3o e organiza\u00e7\u00e3o das atividades, defini\u00e7\u00e3o das datas e m\u00e9todos de sele\u00e7\u00e3o de novos<br \/>\npetianos e manuten\u00e7\u00e3o do site do grupo. ODS relacionados: ODS 04 Educa\u00e7\u00e3o de qualidade; ODS 9 &#8211;<br \/>\nInd\u00fastria, Inova\u00e7\u00e3o e Infraestrutura; ODS 17 &#8211; Parcerias e Meios de Implementa\u00e7\u00e3o.<br \/>\n<strong><span style=\"font-size: 18px\">Objetivos:<\/span><\/strong><br \/>\nRealizar a discuss\u00e3o e o preparo das atividades do grupo PET-Engenharias e fortalecer o trabalho<br \/>\nem grupo dos petianos.<br \/>\n<strong><span style=\"font-size: 18px\">Como a atividade ser\u00e1 realizada? (Metodologia):<\/span><\/strong><br \/>\nReuni\u00f5es semanais (entre a segunda quinzena de janeiro de 2022 \u00e0 segunda quinzena de dezembro<br \/>\nde 2022) geralmente nas quartas-feiras. As reuni\u00f5es ser\u00e3o realizadas na sala de reuni\u00f5es do PETEngenharias ou pelo Google Meet (no per\u00edodo de f\u00e9rias\/recessos previsto em calend\u00e1rio). Nas<br \/>\nreuni\u00f5es ser\u00e1 planejada a execu\u00e7\u00e3o das atividades que constam no planejamento anual,<br \/>\napresenta\u00e7\u00e3o dos resultados, assim como o m\u00e9todo de sele\u00e7\u00e3o de novos petianos, a<br \/>\nalimenta\u00e7\u00e3o\/manuten\u00e7\u00e3o do site do grupo PET-Engenharias, entre outros.<\/p>\n<p><span style=\"font-size: 21px\">Quais os resultados que se espera da atividade?<\/span><\/p>\n<p><span style=\"font-size: 18px\"><strong>Resultados \/ produtos esperados com a atividade: melhorias para o Curso, para a Educa\u00e7\u00e3o, <\/strong><\/span><span style=\"font-size: 18px\"><strong>para a sociedade, meios para a socializa\u00e7\u00e3o dos resultados, publica\u00e7\u00f5es, etc:<\/strong><\/span><br \/>\nApresenta\u00e7\u00e3o e discuss\u00e3o dos resultados obtidos nas atividades; discuss\u00e3o de novas atividades para<br \/>\nserem aplicadas na gradua\u00e7\u00e3o e na comunidade.<br \/>\n<span style=\"font-size: 18px\"><strong>Qual ser\u00e1 a metodologia de avalia\u00e7\u00e3o da atividade pelo grupo:<\/strong><\/span><br \/>\nFrequ\u00eancias nas reuni\u00f5es, alcance das redes sociais e auto avalia\u00e7\u00e3o do grupo.<\/p>\n","protected":false},"excerpt":{"rendered":"<p>Descri\u00e7\u00e3o\/Justificativa: Reuni\u00f5es com a presen\u00e7a de todos os petianos (bolsistas e volunt\u00e1rios) e tutor do PET-Engenharias para discuss\u00e3o e organiza\u00e7\u00e3o das atividades, defini\u00e7\u00e3o das datas e m\u00e9todos de sele\u00e7\u00e3o de novos petianos e manuten\u00e7\u00e3o do site do grupo. ODS relacionados: ODS 04 Educa\u00e7\u00e3o de qualidade; ODS 9 &#8211; Ind\u00fastria, Inova\u00e7\u00e3o e Infraestrutura; ODS 17 &#8211; [&hellip;]<\/p>\n","protected":false},"author":775,"featured_media":0,"parent":1409,"menu_order":0,"comment_status":"closed","ping_status":"closed","template":"","meta":{"_exactmetrics_skip_tracking":false,"_exactmetrics_sitenote_active":false,"_exactmetrics_sitenote_note":"","_exactmetrics_sitenote_category":0,"footnotes":"","_links_to":"","_links_to_target":""},"class_list":["post-1446","page","type-page","status-publish","hentry"],"_links":{"self":[{"href":"https:\/\/www3.unicentro.br\/petengenharias\/wp-json\/wp\/v2\/pages\/1446","targetHints":{"allow":["GET"]}}],"collection":[{"href":"https:\/\/www3.unicentro.br\/petengenharias\/wp-json\/wp\/v2\/pages"}],"about":[{"href":"https:\/\/www3.unicentro.br\/petengenharias\/wp-json\/wp\/v2\/types\/page"}],"author":[{"embeddable":true,"href":"https:\/\/www3.unicentro.br\/petengenharias\/wp-json\/wp\/v2\/users\/775"}],"replies":[{"embeddable":true,"href":"https:\/\/www3.unicentro.br\/petengenharias\/wp-json\/wp\/v2\/comments?post=1446"}],"version-history":[{"count":1,"href":"https:\/\/www3.unicentro.br\/petengenharias\/wp-json\/wp\/v2\/pages\/1446\/revisions"}],"predecessor-version":[{"id":1447,"href":"https:\/\/www3.unicentro.br\/petengenharias\/wp-json\/wp\/v2\/pages\/1446\/revisions\/1447"}],"up":[{"embeddable":true,"href":"https:\/\/www3.unicentro.br\/petengenharias\/wp-json\/wp\/v2\/pages\/1409"}],"wp:attachment":[{"href":"https:\/\/www3.unicentro.br\/petengenharias\/wp-json\/wp\/v2\/media?parent=1446"}],"curies":[{"name":"wp","href":"https:\/\/api.w.org\/{rel}","templated":true}]}}